{"id":723,"date":"2023-10-23T08:19:53","date_gmt":"2023-10-23T08:19:53","guid":{"rendered":"https:\/\/hostelpekarna.eu?page_id=723"},"modified":"2023-11-24T21:03:45","modified_gmt":"2023-11-24T20:03:45","slug":"pohodniki","status":"publish","type":"page","link":"https:\/\/hostelpekarna.eu\/sl\/dogajanje\/pohodniki\/","title":{"rendered":"Pohodniki"},"content":{"rendered":"\t\t<div data-elementor-type=\"wp-page\" data-elementor-id=\"723\" class=\"elementor elementor-723\" data-elementor-post-type=\"page\">\n\t\t\t\t\t\t<section class=\"elementor-section elementor-top-section elementor-element elementor-element-7632656d elementor-section-boxed elementor-section-height-default elementor-section-height-default\" data-id=\"7632656d\" data-element_type=\"section\" data-e-type=\"section\">\n\t\t\t\t\t\t<div class=\"elementor-container elementor-column-gap-default\">\n\t\t\t\t\t<div class=\"elementor-column elementor-col-100 elementor-top-column elementor-element elementor-element-15a8bff5\" data-id=\"15a8bff5\" data-element_type=\"column\" data-e-type=\"column\">\n\t\t\t<div class=\"elementor-widget-wrap elementor-element-populated\">\n\t\t\t\t\t\t<div class=\"elementor-element elementor-element-6ac00b7 elementor-widget-divider--view-line elementor-widget elementor-widget-divider\" data-id=\"6ac00b7\" data-element_type=\"widget\" data-e-type=\"widget\" data-widget_type=\"divider.default\">\n\t\t\t\t<div class=\"elementor-widget-container\">\n\t\t\t\t\t\t\t<div class=\"elementor-divider\">\n\t\t\t<span class=\"elementor-divider-separator\">\n\t\t\t\t\t\t<\/span>\n\t\t<\/div>\n\t\t\t\t\t\t<\/div>\n\t\t\t\t<\/div>\n\t\t\t\t\t<\/div>\n\t\t<\/div>\n\t\t\t\t\t<\/div>\n\t\t<\/section>\n\t\t\t\t<section class=\"elementor-section elementor-top-section elementor-element elementor-element-7813fce6 elementor-section-boxed elementor-section-height-default elementor-section-height-default\" data-id=\"7813fce6\" data-element_type=\"section\" data-e-type=\"section\">\n\t\t\t\t\t\t<div class=\"elementor-container elementor-column-gap-default\">\n\t\t\t\t\t<div class=\"elementor-column elementor-col-50 elementor-top-column elementor-element elementor-element-5717b563\" data-id=\"5717b563\" data-element_type=\"column\" data-e-type=\"column\">\n\t\t\t<div class=\"elementor-widget-wrap elementor-element-populated\">\n\t\t\t\t\t\t<div class=\"elementor-element elementor-element-f6f74fd elementor-widget elementor-widget-image\" data-id=\"f6f74fd\" data-element_type=\"widget\" data-e-type=\"widget\" data-widget_type=\"image.default\">\n\t\t\t\t<div class=\"elementor-widget-container\">\n\t\t\t\t\t\t\t\t\t\t\t\t\t\t\t<img fetchpriority=\"high\" decoding=\"async\" width=\"724\" height=\"1024\" src=\"https:\/\/hostelpekarna.eu\/wp-content\/uploads\/2023\/11\/infotabla-pohodniki-a4-splet-724x1024.png\" class=\"attachment-large size-large wp-image-1353\" alt=\"\" srcset=\"https:\/\/hostelpekarna.eu\/wp-content\/uploads\/2023\/11\/infotabla-pohodniki-a4-splet-724x1024.png 724w, https:\/\/hostelpekarna.eu\/wp-content\/uploads\/2023\/11\/infotabla-pohodniki-a4-splet-212x300.png 212w, https:\/\/hostelpekarna.eu\/wp-content\/uploads\/2023\/11\/infotabla-pohodniki-a4-splet-768x1087.png 768w, https:\/\/hostelpekarna.eu\/wp-content\/uploads\/2023\/11\/infotabla-pohodniki-a4-splet-8x12.png 8w, https:\/\/hostelpekarna.eu\/wp-content\/uploads\/2023\/11\/infotabla-pohodniki-a4-splet.png 1000w\" sizes=\"(max-width: 724px) 100vw, 724px\" \/>\t\t\t\t\t\t\t\t\t\t\t\t\t\t\t<\/div>\n\t\t\t\t<\/div>\n\t\t\t\t\t<\/div>\n\t\t<\/div>\n\t\t\t\t<div class=\"elementor-column elementor-col-50 elementor-top-column elementor-element elementor-element-3d98401\" data-id=\"3d98401\" data-element_type=\"column\" data-e-type=\"column\">\n\t\t\t<div class=\"elementor-widget-wrap elementor-element-populated\">\n\t\t\t\t\t\t<div class=\"elementor-element elementor-element-9b3ec71 elementor-widget elementor-widget-text-editor\" data-id=\"9b3ec71\" data-element_type=\"widget\" data-e-type=\"widget\" data-widget_type=\"text-editor.default\">\n\t\t\t\t<div class=\"elementor-widget-container\">\n\t\t\t\t\t\t\t\t\t<h5>SPECIALIZIRANA NASTANITEV ZA POHODNIKE<\/h5><p>Hostel Pekarna je pohodnikom prijazni ponudnik nastanitev, ki je s strani Slovenije Outdoor pridobil \u0161e oznako s pohodniki, ki ka\u017ee \u0161irino in kakovost ponudbe, prilagojene pohodnikom.<\/p><p>Hostel je pridobil dva od treh pohodnikov \u2013 raven standard.<\/p>\t\t\t\t\t\t\t\t<\/div>\n\t\t\t\t<\/div>\n\t\t\t\t<div class=\"elementor-element elementor-element-00b2d5c elementor-widget__width-auto elementor-widget elementor-widget-image\" data-id=\"00b2d5c\" data-element_type=\"widget\" data-e-type=\"widget\" data-widget_type=\"image.default\">\n\t\t\t\t<div class=\"elementor-widget-container\">\n\t\t\t\t\t\t\t\t\t\t\t\t\t\t\t<img decoding=\"async\" width=\"300\" height=\"125\" src=\"https:\/\/hostelpekarna.eu\/wp-content\/uploads\/2023\/11\/hike-hotel-300x125.png\" class=\"attachment-medium size-medium wp-image-1560\" alt=\"\" srcset=\"https:\/\/hostelpekarna.eu\/wp-content\/uploads\/2023\/11\/hike-hotel-300x125.png 300w, https:\/\/hostelpekarna.eu\/wp-content\/uploads\/2023\/11\/hike-hotel-1024x426.png 1024w, https:\/\/hostelpekarna.eu\/wp-content\/uploads\/2023\/11\/hike-hotel-768x320.png 768w, https:\/\/hostelpekarna.eu\/wp-content\/uploads\/2023\/11\/hike-hotel-1536x640.png 1536w, https:\/\/hostelpekarna.eu\/wp-content\/uploads\/2023\/11\/hike-hotel-2048x853.png 2048w, https:\/\/hostelpekarna.eu\/wp-content\/uploads\/2023\/11\/hike-hotel-18x7.png 18w\" sizes=\"(max-width: 300px) 100vw, 300px\" \/>\t\t\t\t\t\t\t\t\t\t\t\t\t\t\t<\/div>\n\t\t\t\t<\/div>\n\t\t\t\t\t<\/div>\n\t\t<\/div>\n\t\t\t\t\t<\/div>\n\t\t<\/section>\n\t\t\t\t<section class=\"elementor-section elementor-top-section elementor-element elementor-element-1ff5248 elementor-section-boxed elementor-section-height-default elementor-section-height-default\" data-id=\"1ff5248\" data-element_type=\"section\" data-e-type=\"section\">\n\t\t\t\t\t\t<div class=\"elementor-container elementor-column-gap-default\">\n\t\t\t\t\t<div class=\"elementor-column elementor-col-100 elementor-top-column elementor-element elementor-element-adedbaf\" data-id=\"adedbaf\" data-element_type=\"column\" data-e-type=\"column\">\n\t\t\t<div class=\"elementor-widget-wrap elementor-element-populated\">\n\t\t\t\t\t\t<div class=\"elementor-element elementor-element-21180fc elementor-widget elementor-widget-text-editor\" data-id=\"21180fc\" data-element_type=\"widget\" data-e-type=\"widget\" data-widget_type=\"text-editor.default\">\n\t\t\t\t<div class=\"elementor-widget-container\">\n\t\t\t\t\t\t\t\t\t<p><em>\u00bbPoleg kriterijev za 1 pohodnika so vse osnovne informacije na voljo tudi v angle\u0161kem in \u0161e enem tujem jeziku. V pohodni\u0161kem koti\u010dku je mapa\u00a0s podrobnej\u0161imi informacijami o pohodni\u0161ki ponudbi in pohodni\u0161kih turah tudi v angle\u0161kem in \u0161e enem tujem jeziku. Nastanitev ponuja vodenje z licenciranim planinskim vodnikom po la\u017ejih in srednje te\u017ekih turah v sredogorju in visokogorju. Nudi se mo\u017enost pranja opreme. Na voljo je savna v objektu ali v bli\u017enji okolici. Organizirani so prevozi na letali\u0161\u010de, \u017eelezni\u0161ko ali avtobusno postajo. V nastanitvi so na voljo skupni prostori za dru\u017eenje pohodnikov. V objektu je oprema in dekoracija, prilagojena pohodnikom.\u00ab<\/em><\/p><p>Hostel Pekarna nudi pohodnikom prijazno in udobno nastanitev. Ob tem jim ponuja veliko informacij in nasvetov, s katerimi si lahko ustvarijo \u010dudovito dogodiv\u0161\u010dino, predvsem pa lepe spomine.<\/p><p>Gostom poleg lepih, prostornih in udobnih sob nudimo \u0161e:<\/p>\t\t\t\t\t\t\t\t<\/div>\n\t\t\t\t<\/div>\n\t\t\t\t<div class=\"elementor-element elementor-element-771d76b elementor-icon-list--layout-traditional elementor-list-item-link-full_width elementor-widget elementor-widget-icon-list\" data-id=\"771d76b\" data-element_type=\"widget\" data-e-type=\"widget\" data-widget_type=\"icon-list.default\">\n\t\t\t\t<div class=\"elementor-widget-container\">\n\t\t\t\t\t\t\t<ul class=\"elementor-icon-list-items\">\n\t\t\t\t\t\t\t<li class=\"elementor-icon-list-item\">\n\t\t\t\t\t\t\t\t\t\t\t<span class=\"elementor-icon-list-icon\">\n\t\t\t\t\t\t\t<i aria-hidden=\"true\" class=\"fas fa-chevron-right\"><\/i>\t\t\t\t\t\t<\/span>\n\t\t\t\t\t\t\t\t\t\t<span class=\"elementor-icon-list-text\">izvrsten in hranljiv brezpla\u010dni zajtrk s sve\u017ee pe\u010denimi \u017eemljicami,<\/span>\n\t\t\t\t\t\t\t\t\t<\/li>\n\t\t\t\t\t\t\t\t<li class=\"elementor-icon-list-item\">\n\t\t\t\t\t\t\t\t\t\t\t<span class=\"elementor-icon-list-icon\">\n\t\t\t\t\t\t\t<i aria-hidden=\"true\" class=\"fas fa-chevron-right\"><\/i>\t\t\t\t\t\t<\/span>\n\t\t\t\t\t\t\t\t\t\t<span class=\"elementor-icon-list-text\">po predhodnem naro\u010dilu namesto zajtrka \u00bblunch paket\u00ab, ki ga lahko odnesete s seboj,<\/span>\n\t\t\t\t\t\t\t\t\t<\/li>\n\t\t\t\t\t\t\t\t<li class=\"elementor-icon-list-item\">\n\t\t\t\t\t\t\t\t\t\t\t<span class=\"elementor-icon-list-icon\">\n\t\t\t\t\t\t\t<i aria-hidden=\"true\" class=\"fas fa-chevron-right\"><\/i>\t\t\t\t\t\t<\/span>\n\t\t\t\t\t\t\t\t\t\t<span class=\"elementor-icon-list-text\">brezpla\u010dni Wi-Fi in dostop do ra\u010dunalnika,<\/span>\n\t\t\t\t\t\t\t\t\t<\/li>\n\t\t\t\t\t\t\t\t<li class=\"elementor-icon-list-item\">\n\t\t\t\t\t\t\t\t\t\t\t<span class=\"elementor-icon-list-icon\">\n\t\t\t\t\t\t\t<i aria-hidden=\"true\" class=\"fas fa-chevron-right\"><\/i>\t\t\t\t\t\t<\/span>\n\t\t\t\t\t\t\t\t\t\t<span class=\"elementor-icon-list-text\">prostor za varno hrambo pohodni\u0161ke opreme z video nadzorom, <\/span>\n\t\t\t\t\t\t\t\t\t<\/li>\n\t\t\t\t\t\t\t\t<li class=\"elementor-icon-list-item\">\n\t\t\t\t\t\t\t\t\t\t\t<span class=\"elementor-icon-list-icon\">\n\t\t\t\t\t\t\t<i aria-hidden=\"true\" class=\"fas fa-chevron-right\"><\/i>\t\t\t\t\t\t<\/span>\n\t\t\t\t\t\t\t\t\t\t<span class=\"elementor-icon-list-text\">brezpla\u010dno izposojo pohodni\u0161kih palic in osnovne pohodni\u0161ke opreme,<\/span>\n\t\t\t\t\t\t\t\t\t<\/li>\n\t\t\t\t\t\t\t\t<li class=\"elementor-icon-list-item\">\n\t\t\t\t\t\t\t\t\t\t\t<span class=\"elementor-icon-list-icon\">\n\t\t\t\t\t\t\t<i aria-hidden=\"true\" class=\"fas fa-chevron-right\"><\/i>\t\t\t\t\t\t<\/span>\n\t\t\t\t\t\t\t\t\t\t<span class=\"elementor-icon-list-text\">mo\u017enost hrambe prtljage po odjavi iz sobe,<\/span>\n\t\t\t\t\t\t\t\t\t<\/li>\n\t\t\t\t\t\t\t\t<li class=\"elementor-icon-list-item\">\n\t\t\t\t\t\t\t\t\t\t\t<span class=\"elementor-icon-list-icon\">\n\t\t\t\t\t\t\t<i aria-hidden=\"true\" class=\"fas fa-chevron-right\"><\/i>\t\t\t\t\t\t<\/span>\n\t\t\t\t\t\t\t\t\t\t<span class=\"elementor-icon-list-text\">brezpla\u010dno pranje in su\u0161enje pohodni\u0161kih obla\u010dil,<\/span>\n\t\t\t\t\t\t\t\t\t<\/li>\n\t\t\t\t\t\t\t\t<li class=\"elementor-icon-list-item\">\n\t\t\t\t\t\t\t\t\t\t\t<span class=\"elementor-icon-list-icon\">\n\t\t\t\t\t\t\t<i aria-hidden=\"true\" class=\"fas fa-chevron-right\"><\/i>\t\t\t\t\t\t<\/span>\n\t\t\t\t\t\t\t\t\t\t<span class=\"elementor-icon-list-text\">nagrado za vsakega pohodnika,<\/span>\n\t\t\t\t\t\t\t\t\t<\/li>\n\t\t\t\t\t\t\t\t<li class=\"elementor-icon-list-item\">\n\t\t\t\t\t\t\t\t\t\t\t<span class=\"elementor-icon-list-icon\">\n\t\t\t\t\t\t\t<i aria-hidden=\"true\" class=\"fas fa-chevron-right\"><\/i>\t\t\t\t\t\t<\/span>\n\t\t\t\t\t\t\t\t\t\t<span class=\"elementor-icon-list-text\">pohodni\u0161ki koti\u010dek z informativno mapo, ki vsebuje:<\/span>\n\t\t\t\t\t\t\t\t\t<\/li>\n\t\t\t\t\t\t<\/ul>\n\t\t\t\t\t\t<\/div>\n\t\t\t\t<\/div>\n\t\t\t\t<div class=\"elementor-element elementor-element-7f90894 elementor-icon-list--layout-traditional elementor-list-item-link-full_width elementor-widget elementor-widget-icon-list\" data-id=\"7f90894\" data-element_type=\"widget\" data-e-type=\"widget\" data-widget_type=\"icon-list.default\">\n\t\t\t\t<div class=\"elementor-widget-container\">\n\t\t\t\t\t\t\t<ul class=\"elementor-icon-list-items\">\n\t\t\t\t\t\t\t<li class=\"elementor-icon-list-item\">\n\t\t\t\t\t\t\t\t\t\t\t<span class=\"elementor-icon-list-icon\">\n\t\t\t\t\t\t\t<i aria-hidden=\"true\" class=\"fas fa-chevron-right\"><\/i>\t\t\t\t\t\t<\/span>\n\t\t\t\t\t\t\t\t\t\t<span class=\"elementor-icon-list-text\">turisti\u010dne informacije o Mariboru in okolici, <\/span>\n\t\t\t\t\t\t\t\t\t<\/li>\n\t\t\t\t\t\t\t\t<li class=\"elementor-icon-list-item\">\n\t\t\t\t\t\t\t\t\t\t\t<span class=\"elementor-icon-list-icon\">\n\t\t\t\t\t\t\t<i aria-hidden=\"true\" class=\"fas fa-chevron-right\"><\/i>\t\t\t\t\t\t<\/span>\n\t\t\t\t\t\t\t\t\t\t<span class=\"elementor-icon-list-text\">informacije o pohodni\u0161kih poteh, <\/span>\n\t\t\t\t\t\t\t\t\t<\/li>\n\t\t\t\t\t\t\t\t<li class=\"elementor-icon-list-item\">\n\t\t\t\t\t\t\t\t\t\t\t<span class=\"elementor-icon-list-icon\">\n\t\t\t\t\t\t\t<i aria-hidden=\"true\" class=\"fas fa-chevron-right\"><\/i>\t\t\t\t\t\t<\/span>\n\t\t\t\t\t\t\t\t\t\t<span class=\"elementor-icon-list-text\">informacije o pohodni\u0161kih vodnikih, <\/span>\n\t\t\t\t\t\t\t\t\t<\/li>\n\t\t\t\t\t\t\t\t<li class=\"elementor-icon-list-item\">\n\t\t\t\t\t\t\t\t\t\t\t<span class=\"elementor-icon-list-icon\">\n\t\t\t\t\t\t\t<i aria-hidden=\"true\" class=\"fas fa-chevron-right\"><\/i>\t\t\t\t\t\t<\/span>\n\t\t\t\t\t\t\t\t\t\t<span class=\"elementor-icon-list-text\">informacije o planinskih dru\u0161tvih, <\/span>\n\t\t\t\t\t\t\t\t\t<\/li>\n\t\t\t\t\t\t\t\t<li class=\"elementor-icon-list-item\">\n\t\t\t\t\t\t\t\t\t\t\t<span class=\"elementor-icon-list-icon\">\n\t\t\t\t\t\t\t<i aria-hidden=\"true\" class=\"fas fa-chevron-right\"><\/i>\t\t\t\t\t\t<\/span>\n\t\t\t\t\t\t\t\t\t\t<span class=\"elementor-icon-list-text\">informacije o planinskih ko\u010dah, <\/span>\n\t\t\t\t\t\t\t\t\t<\/li>\n\t\t\t\t\t\t\t\t<li class=\"elementor-icon-list-item\">\n\t\t\t\t\t\t\t\t\t\t\t<span class=\"elementor-icon-list-icon\">\n\t\t\t\t\t\t\t<i aria-hidden=\"true\" class=\"fas fa-chevron-right\"><\/i>\t\t\t\t\t\t<\/span>\n\t\t\t\t\t\t\t\t\t\t<span class=\"elementor-icon-list-text\">pohodni\u0161ke karte okolice, <\/span>\n\t\t\t\t\t\t\t\t\t<\/li>\n\t\t\t\t\t\t\t\t<li class=\"elementor-icon-list-item\">\n\t\t\t\t\t\t\t\t\t\t\t<span class=\"elementor-icon-list-icon\">\n\t\t\t\t\t\t\t<i aria-hidden=\"true\" class=\"fas fa-chevron-right\"><\/i>\t\t\t\t\t\t<\/span>\n\t\t\t\t\t\t\t\t\t\t<span class=\"elementor-icon-list-text\">seznam \u0161portnih trgovin, <\/span>\n\t\t\t\t\t\t\t\t\t<\/li>\n\t\t\t\t\t\t\t\t<li class=\"elementor-icon-list-item\">\n\t\t\t\t\t\t\t\t\t\t\t<span class=\"elementor-icon-list-icon\">\n\t\t\t\t\t\t\t<i aria-hidden=\"true\" class=\"fas fa-chevron-right\"><\/i>\t\t\t\t\t\t<\/span>\n\t\t\t\t\t\t\t\t\t\t<span class=\"elementor-icon-list-text\">seznam pohodnikom prijaznih restavracij, <\/span>\n\t\t\t\t\t\t\t\t\t<\/li>\n\t\t\t\t\t\t\t\t<li class=\"elementor-icon-list-item\">\n\t\t\t\t\t\t\t\t\t\t\t<span class=\"elementor-icon-list-icon\">\n\t\t\t\t\t\t\t<i aria-hidden=\"true\" class=\"fas fa-chevron-right\"><\/i>\t\t\t\t\t\t<\/span>\n\t\t\t\t\t\t\t\t\t\t<span class=\"elementor-icon-list-text\">seznam wellnessov in aktivnosti. <\/span>\n\t\t\t\t\t\t\t\t\t<\/li>\n\t\t\t\t\t\t<\/ul>\n\t\t\t\t\t\t<\/div>\n\t\t\t\t<\/div>\n\t\t\t\t<div class=\"elementor-element elementor-element-55c27ae elementor-widget elementor-widget-text-editor\" data-id=\"55c27ae\" data-element_type=\"widget\" data-e-type=\"widget\" data-widget_type=\"text-editor.default\">\n\t\t\t\t<div class=\"elementor-widget-container\">\n\t\t\t\t\t\t\t\t\t<p>Prav tako pa je na\u0161 hostel opremljen z informativnimi tablami in ra\u010dunalni\u0161ko tablico, kjer se nahajajo vse uporabne informacije za pohodnike.<\/p><p>Za dodatne informacije pa se lahko vedno obrnete na nas in z veseljem vam bomo pomagali do nepozabnih spominov.<\/p>\t\t\t\t\t\t\t\t<\/div>\n\t\t\t\t<\/div>\n\t\t\t\t\t<\/div>\n\t\t<\/div>\n\t\t\t\t\t<\/div>\n\t\t<\/section>\n\t\t\t\t<\/div>\n\t\t","protected":false},"excerpt":{"rendered":"<p>SPECIALIZIRANA NASTANITEV ZA POHODNIKE Hostel Pekarna je pohodnikom prijazni ponudnik nastanitev, ki je s strani Slovenije Outdoor pridobil \u0161e oznako s pohodniki, ki ka\u017ee \u0161irino in kakovost ponudbe, prilagojene pohodnikom. Hostel je pridobil dva od treh pohodnikov \u2013 raven standard. \u00bbPoleg kriterijev za 1 pohodnika so vse osnovne informacije na voljo tudi v angle\u0161kem in [&hellip;]<\/p>\n","protected":false},"author":1,"featured_media":1353,"parent":715,"menu_order":0,"comment_status":"closed","ping_status":"closed","template":"elementor_header_footer","meta":{"footnotes":""},"class_list":["post-723","page","type-page","status-publish","has-post-thumbnail","hentry"],"yoast_head":"<!-- This site is optimized with the Yoast SEO plugin v27.4 - https:\/\/yoast.com\/product\/yoast-seo-wordpress\/ -->\n<title>Pohodniki - Hostel Pekarna<\/title>\n<meta name=\"robots\" content=\"index, follow, max-snippet:-1, max-image-preview:large, max-video-preview:-1\" \/>\n<link rel=\"canonical\" href=\"https:\/\/hostelpekarna.eu\/sl\/dogajanje\/pohodniki\/\" \/>\n<meta property=\"og:locale\" content=\"sl_SI\" \/>\n<meta property=\"og:type\" content=\"article\" \/>\n<meta property=\"og:title\" content=\"Pohodniki - Hostel Pekarna\" \/>\n<meta property=\"og:description\" content=\"SPECIALIZIRANA NASTANITEV ZA POHODNIKE Hostel Pekarna je pohodnikom prijazni ponudnik nastanitev, ki je s strani Slovenije Outdoor pridobil \u0161e oznako s pohodniki, ki ka\u017ee \u0161irino in kakovost ponudbe, prilagojene pohodnikom. Hostel je pridobil dva od treh pohodnikov \u2013 raven standard. \u00bbPoleg kriterijev za 1 pohodnika so vse osnovne informacije na voljo tudi v angle\u0161kem in [&hellip;]\" \/>\n<meta property=\"og:url\" content=\"https:\/\/hostelpekarna.eu\/sl\/dogajanje\/pohodniki\/\" \/>\n<meta property=\"og:site_name\" content=\"Hostel Pekarna\" \/>\n<meta property=\"article:modified_time\" content=\"2023-11-24T20:03:45+00:00\" \/>\n<meta property=\"og:image\" content=\"https:\/\/hostelpekarna.eu\/wp-content\/uploads\/2023\/11\/infotabla-pohodniki-a4-splet.png\" \/>\n\t<meta property=\"og:image:width\" content=\"1000\" \/>\n\t<meta property=\"og:image:height\" content=\"1415\" \/>\n\t<meta property=\"og:image:type\" content=\"image\/png\" \/>\n<meta name=\"twitter:card\" content=\"summary_large_image\" \/>\n<meta name=\"twitter:label1\" content=\"Est. reading time\" \/>\n\t<meta name=\"twitter:data1\" content=\"3 minute\" \/>\n<script type=\"application\/ld+json\" class=\"yoast-schema-graph\">{\"@context\":\"https:\\\/\\\/schema.org\",\"@graph\":[{\"@type\":\"WebPage\",\"@id\":\"https:\\\/\\\/hostelpekarna.eu\\\/dogajanje\\\/pohodniki\\\/\",\"url\":\"https:\\\/\\\/hostelpekarna.eu\\\/dogajanje\\\/pohodniki\\\/\",\"name\":\"Pohodniki - Hostel Pekarna\",\"isPartOf\":{\"@id\":\"https:\\\/\\\/hostelpekarna.eu\\\/#website\"},\"primaryImageOfPage\":{\"@id\":\"https:\\\/\\\/hostelpekarna.eu\\\/dogajanje\\\/pohodniki\\\/#primaryimage\"},\"image\":{\"@id\":\"https:\\\/\\\/hostelpekarna.eu\\\/dogajanje\\\/pohodniki\\\/#primaryimage\"},\"thumbnailUrl\":\"https:\\\/\\\/hostelpekarna.eu\\\/wp-content\\\/uploads\\\/2023\\\/11\\\/infotabla-pohodniki-a4-splet.png\",\"datePublished\":\"2023-10-23T08:19:53+00:00\",\"dateModified\":\"2023-11-24T20:03:45+00:00\",\"breadcrumb\":{\"@id\":\"https:\\\/\\\/hostelpekarna.eu\\\/dogajanje\\\/pohodniki\\\/#breadcrumb\"},\"inLanguage\":\"sl-SI\",\"potentialAction\":[{\"@type\":\"ReadAction\",\"target\":[\"https:\\\/\\\/hostelpekarna.eu\\\/dogajanje\\\/pohodniki\\\/\"]}]},{\"@type\":\"ImageObject\",\"inLanguage\":\"sl-SI\",\"@id\":\"https:\\\/\\\/hostelpekarna.eu\\\/dogajanje\\\/pohodniki\\\/#primaryimage\",\"url\":\"https:\\\/\\\/hostelpekarna.eu\\\/wp-content\\\/uploads\\\/2023\\\/11\\\/infotabla-pohodniki-a4-splet.png\",\"contentUrl\":\"https:\\\/\\\/hostelpekarna.eu\\\/wp-content\\\/uploads\\\/2023\\\/11\\\/infotabla-pohodniki-a4-splet.png\",\"width\":1000,\"height\":1415},{\"@type\":\"BreadcrumbList\",\"@id\":\"https:\\\/\\\/hostelpekarna.eu\\\/dogajanje\\\/pohodniki\\\/#breadcrumb\",\"itemListElement\":[{\"@type\":\"ListItem\",\"position\":1,\"name\":\"Home\",\"item\":\"https:\\\/\\\/hostelpekarna.eu\\\/\"},{\"@type\":\"ListItem\",\"position\":2,\"name\":\"Dogajanje\",\"item\":\"https:\\\/\\\/hostelpekarna.eu\\\/en\\\/dogajanje\\\/\"},{\"@type\":\"ListItem\",\"position\":3,\"name\":\"Pohodniki\"}]},{\"@type\":\"WebSite\",\"@id\":\"https:\\\/\\\/hostelpekarna.eu\\\/#website\",\"url\":\"https:\\\/\\\/hostelpekarna.eu\\\/\",\"name\":\"Hostel Pekarna\",\"description\":\"\",\"publisher\":{\"@id\":\"https:\\\/\\\/hostelpekarna.eu\\\/#organization\"},\"potentialAction\":[{\"@type\":\"SearchAction\",\"target\":{\"@type\":\"EntryPoint\",\"urlTemplate\":\"https:\\\/\\\/hostelpekarna.eu\\\/?s={search_term_string}\"},\"query-input\":{\"@type\":\"PropertyValueSpecification\",\"valueRequired\":true,\"valueName\":\"search_term_string\"}}],\"inLanguage\":\"sl-SI\"},{\"@type\":\"Organization\",\"@id\":\"https:\\\/\\\/hostelpekarna.eu\\\/#organization\",\"name\":\"Hostel Pekarna\",\"url\":\"https:\\\/\\\/hostelpekarna.eu\\\/\",\"logo\":{\"@type\":\"ImageObject\",\"inLanguage\":\"sl-SI\",\"@id\":\"https:\\\/\\\/hostelpekarna.eu\\\/#\\\/schema\\\/logo\\\/image\\\/\",\"url\":\"https:\\\/\\\/hostelpekarna.eu\\\/wp-content\\\/uploads\\\/2023\\\/07\\\/hostel_pekarna_maribor_slovenia_logo.png\",\"contentUrl\":\"https:\\\/\\\/hostelpekarna.eu\\\/wp-content\\\/uploads\\\/2023\\\/07\\\/hostel_pekarna_maribor_slovenia_logo.png\",\"width\":1644,\"height\":859,\"caption\":\"Hostel Pekarna\"},\"image\":{\"@id\":\"https:\\\/\\\/hostelpekarna.eu\\\/#\\\/schema\\\/logo\\\/image\\\/\"}}]}<\/script>\n<!-- \/ Yoast SEO plugin. -->","yoast_head_json":{"title":"Pohodniki - Hostel Pekarna","robots":{"index":"index","follow":"follow","max-snippet":"max-snippet:-1","max-image-preview":"max-image-preview:large","max-video-preview":"max-video-preview:-1"},"canonical":"https:\/\/hostelpekarna.eu\/sl\/dogajanje\/pohodniki\/","og_locale":"sl_SI","og_type":"article","og_title":"Pohodniki - Hostel Pekarna","og_description":"SPECIALIZIRANA NASTANITEV ZA POHODNIKE Hostel Pekarna je pohodnikom prijazni ponudnik nastanitev, ki je s strani Slovenije Outdoor pridobil \u0161e oznako s pohodniki, ki ka\u017ee \u0161irino in kakovost ponudbe, prilagojene pohodnikom. Hostel je pridobil dva od treh pohodnikov \u2013 raven standard. \u00bbPoleg kriterijev za 1 pohodnika so vse osnovne informacije na voljo tudi v angle\u0161kem in [&hellip;]","og_url":"https:\/\/hostelpekarna.eu\/sl\/dogajanje\/pohodniki\/","og_site_name":"Hostel Pekarna","article_modified_time":"2023-11-24T20:03:45+00:00","og_image":[{"width":1000,"height":1415,"url":"https:\/\/hostelpekarna.eu\/wp-content\/uploads\/2023\/11\/infotabla-pohodniki-a4-splet.png","type":"image\/png"}],"twitter_card":"summary_large_image","twitter_misc":{"Est. reading time":"3 minute"},"schema":{"@context":"https:\/\/schema.org","@graph":[{"@type":"WebPage","@id":"https:\/\/hostelpekarna.eu\/dogajanje\/pohodniki\/","url":"https:\/\/hostelpekarna.eu\/dogajanje\/pohodniki\/","name":"Pohodniki - Hostel Pekarna","isPartOf":{"@id":"https:\/\/hostelpekarna.eu\/#website"},"primaryImageOfPage":{"@id":"https:\/\/hostelpekarna.eu\/dogajanje\/pohodniki\/#primaryimage"},"image":{"@id":"https:\/\/hostelpekarna.eu\/dogajanje\/pohodniki\/#primaryimage"},"thumbnailUrl":"https:\/\/hostelpekarna.eu\/wp-content\/uploads\/2023\/11\/infotabla-pohodniki-a4-splet.png","datePublished":"2023-10-23T08:19:53+00:00","dateModified":"2023-11-24T20:03:45+00:00","breadcrumb":{"@id":"https:\/\/hostelpekarna.eu\/dogajanje\/pohodniki\/#breadcrumb"},"inLanguage":"sl-SI","potentialAction":[{"@type":"ReadAction","target":["https:\/\/hostelpekarna.eu\/dogajanje\/pohodniki\/"]}]},{"@type":"ImageObject","inLanguage":"sl-SI","@id":"https:\/\/hostelpekarna.eu\/dogajanje\/pohodniki\/#primaryimage","url":"https:\/\/hostelpekarna.eu\/wp-content\/uploads\/2023\/11\/infotabla-pohodniki-a4-splet.png","contentUrl":"https:\/\/hostelpekarna.eu\/wp-content\/uploads\/2023\/11\/infotabla-pohodniki-a4-splet.png","width":1000,"height":1415},{"@type":"BreadcrumbList","@id":"https:\/\/hostelpekarna.eu\/dogajanje\/pohodniki\/#breadcrumb","itemListElement":[{"@type":"ListItem","position":1,"name":"Home","item":"https:\/\/hostelpekarna.eu\/"},{"@type":"ListItem","position":2,"name":"Dogajanje","item":"https:\/\/hostelpekarna.eu\/en\/dogajanje\/"},{"@type":"ListItem","position":3,"name":"Pohodniki"}]},{"@type":"WebSite","@id":"https:\/\/hostelpekarna.eu\/#website","url":"https:\/\/hostelpekarna.eu\/","name":"Hostel Pekarna","description":"","publisher":{"@id":"https:\/\/hostelpekarna.eu\/#organization"},"potentialAction":[{"@type":"SearchAction","target":{"@type":"EntryPoint","urlTemplate":"https:\/\/hostelpekarna.eu\/?s={search_term_string}"},"query-input":{"@type":"PropertyValueSpecification","valueRequired":true,"valueName":"search_term_string"}}],"inLanguage":"sl-SI"},{"@type":"Organization","@id":"https:\/\/hostelpekarna.eu\/#organization","name":"Hostel Pekarna","url":"https:\/\/hostelpekarna.eu\/","logo":{"@type":"ImageObject","inLanguage":"sl-SI","@id":"https:\/\/hostelpekarna.eu\/#\/schema\/logo\/image\/","url":"https:\/\/hostelpekarna.eu\/wp-content\/uploads\/2023\/07\/hostel_pekarna_maribor_slovenia_logo.png","contentUrl":"https:\/\/hostelpekarna.eu\/wp-content\/uploads\/2023\/07\/hostel_pekarna_maribor_slovenia_logo.png","width":1644,"height":859,"caption":"Hostel Pekarna"},"image":{"@id":"https:\/\/hostelpekarna.eu\/#\/schema\/logo\/image\/"}}]}},"_links":{"self":[{"href":"https:\/\/hostelpekarna.eu\/sl\/wp-json\/wp\/v2\/pages\/723","targetHints":{"allow":["GET"]}}],"collection":[{"href":"https:\/\/hostelpekarna.eu\/sl\/wp-json\/wp\/v2\/pages"}],"about":[{"href":"https:\/\/hostelpekarna.eu\/sl\/wp-json\/wp\/v2\/types\/page"}],"author":[{"embeddable":true,"href":"https:\/\/hostelpekarna.eu\/sl\/wp-json\/wp\/v2\/users\/1"}],"replies":[{"embeddable":true,"href":"https:\/\/hostelpekarna.eu\/sl\/wp-json\/wp\/v2\/comments?post=723"}],"version-history":[{"count":14,"href":"https:\/\/hostelpekarna.eu\/sl\/wp-json\/wp\/v2\/pages\/723\/revisions"}],"predecessor-version":[{"id":2079,"href":"https:\/\/hostelpekarna.eu\/sl\/wp-json\/wp\/v2\/pages\/723\/revisions\/2079"}],"up":[{"embeddable":true,"href":"https:\/\/hostelpekarna.eu\/sl\/wp-json\/wp\/v2\/pages\/715"}],"wp:featuredmedia":[{"embeddable":true,"href":"https:\/\/hostelpekarna.eu\/sl\/wp-json\/wp\/v2\/media\/1353"}],"wp:attachment":[{"href":"https:\/\/hostelpekarna.eu\/sl\/wp-json\/wp\/v2\/media?parent=723"}],"curies":[{"name":"wp","href":"https:\/\/api.w.org\/{rel}","templated":true}]}}