{"id":721,"date":"2023-10-23T08:19:29","date_gmt":"2023-10-23T08:19:29","guid":{"rendered":"https:\/\/hostelpekarna.eu?page_id=721"},"modified":"2023-11-24T21:07:19","modified_gmt":"2023-11-24T20:07:19","slug":"kolesarji","status":"publish","type":"page","link":"https:\/\/hostelpekarna.eu\/sl\/dogajanje\/kolesarji\/","title":{"rendered":"Kolesarji"},"content":{"rendered":"\t\t<div data-elementor-type=\"wp-page\" data-elementor-id=\"721\" class=\"elementor elementor-721\" data-elementor-post-type=\"page\">\n\t\t\t\t\t\t<section class=\"elementor-section elementor-top-section elementor-element elementor-element-7be40154 elementor-section-boxed elementor-section-height-default elementor-section-height-default\" data-id=\"7be40154\" data-element_type=\"section\" data-e-type=\"section\">\n\t\t\t\t\t\t<div class=\"elementor-container elementor-column-gap-default\">\n\t\t\t\t\t<div class=\"elementor-column elementor-col-100 elementor-top-column elementor-element elementor-element-496b9148\" data-id=\"496b9148\" data-element_type=\"column\" data-e-type=\"column\">\n\t\t\t<div class=\"elementor-widget-wrap elementor-element-populated\">\n\t\t\t\t\t\t<div class=\"elementor-element elementor-element-6efe043a elementor-widget-divider--view-line elementor-widget elementor-widget-divider\" data-id=\"6efe043a\" data-element_type=\"widget\" data-e-type=\"widget\" data-widget_type=\"divider.default\">\n\t\t\t\t<div class=\"elementor-widget-container\">\n\t\t\t\t\t\t\t<div class=\"elementor-divider\">\n\t\t\t<span class=\"elementor-divider-separator\">\n\t\t\t\t\t\t<\/span>\n\t\t<\/div>\n\t\t\t\t\t\t<\/div>\n\t\t\t\t<\/div>\n\t\t\t\t\t<\/div>\n\t\t<\/div>\n\t\t\t\t\t<\/div>\n\t\t<\/section>\n\t\t\t\t<section class=\"elementor-section elementor-top-section elementor-element elementor-element-39a49373 elementor-section-boxed elementor-section-height-default elementor-section-height-default\" data-id=\"39a49373\" data-element_type=\"section\" data-e-type=\"section\">\n\t\t\t\t\t\t<div class=\"elementor-container elementor-column-gap-default\">\n\t\t\t\t\t<div class=\"elementor-column elementor-col-50 elementor-top-column elementor-element elementor-element-2a37fef8\" data-id=\"2a37fef8\" data-element_type=\"column\" data-e-type=\"column\">\n\t\t\t<div class=\"elementor-widget-wrap elementor-element-populated\">\n\t\t\t\t\t\t<div class=\"elementor-element elementor-element-5bacce18 elementor-widget elementor-widget-image\" data-id=\"5bacce18\" data-element_type=\"widget\" data-e-type=\"widget\" data-widget_type=\"image.default\">\n\t\t\t\t<div class=\"elementor-widget-container\">\n\t\t\t\t\t\t\t\t\t\t\t\t\t\t\t<img fetchpriority=\"high\" decoding=\"async\" width=\"724\" height=\"1024\" src=\"https:\/\/hostelpekarna.eu\/wp-content\/uploads\/2023\/11\/infotabla-pokoncno-a4-724x1024.png\" class=\"attachment-large size-large wp-image-1354\" alt=\"\" srcset=\"https:\/\/hostelpekarna.eu\/wp-content\/uploads\/2023\/11\/infotabla-pokoncno-a4-724x1024.png 724w, https:\/\/hostelpekarna.eu\/wp-content\/uploads\/2023\/11\/infotabla-pokoncno-a4-212x300.png 212w, https:\/\/hostelpekarna.eu\/wp-content\/uploads\/2023\/11\/infotabla-pokoncno-a4-768x1087.png 768w, https:\/\/hostelpekarna.eu\/wp-content\/uploads\/2023\/11\/infotabla-pokoncno-a4-1086x1536.png 1086w, https:\/\/hostelpekarna.eu\/wp-content\/uploads\/2023\/11\/infotabla-pokoncno-a4.png 1767w\" sizes=\"(max-width: 724px) 100vw, 724px\" \/>\t\t\t\t\t\t\t\t\t\t\t\t\t\t\t<\/div>\n\t\t\t\t<\/div>\n\t\t\t\t\t<\/div>\n\t\t<\/div>\n\t\t\t\t<div class=\"elementor-column elementor-col-50 elementor-top-column elementor-element elementor-element-54b07676\" data-id=\"54b07676\" data-element_type=\"column\" data-e-type=\"column\">\n\t\t\t<div class=\"elementor-widget-wrap elementor-element-populated\">\n\t\t\t\t\t\t<div class=\"elementor-element elementor-element-1ca54642 elementor-widget elementor-widget-text-editor\" data-id=\"1ca54642\" data-element_type=\"widget\" data-e-type=\"widget\" data-widget_type=\"text-editor.default\">\n\t\t\t\t<div class=\"elementor-widget-container\">\n\t\t\t\t\t\t\t\t\t<h5>SPECIALIZIRANA NASTANITEV ZA KOLESARJE<\/h5><p>Hostel pekarna je kolesarjem prijazni ponudnik nastanitev, ki je s strani Slovenije Outdoor pridobil \u0161e oznako s kolesi, ki ka\u017ee \u0161irino in kakovost ponudbe, prilagojene kolesarjem.<\/p><p>Hostel je pridobil dve od treh koles \u2013 raven standard.<\/p>\t\t\t\t\t\t\t\t<\/div>\n\t\t\t\t<\/div>\n\t\t\t\t<div class=\"elementor-element elementor-element-4c313813 elementor-widget__width-auto elementor-widget elementor-widget-image\" data-id=\"4c313813\" data-element_type=\"widget\" data-e-type=\"widget\" data-widget_type=\"image.default\">\n\t\t\t\t<div class=\"elementor-widget-container\">\n\t\t\t\t\t\t\t\t\t\t\t\t\t\t\t<img decoding=\"async\" width=\"300\" height=\"125\" src=\"https:\/\/hostelpekarna.eu\/wp-content\/uploads\/2023\/11\/bike-hotel-300x125.png\" class=\"attachment-medium size-medium wp-image-1561\" alt=\"\" srcset=\"https:\/\/hostelpekarna.eu\/wp-content\/uploads\/2023\/11\/bike-hotel-300x125.png 300w, https:\/\/hostelpekarna.eu\/wp-content\/uploads\/2023\/11\/bike-hotel-1024x426.png 1024w, https:\/\/hostelpekarna.eu\/wp-content\/uploads\/2023\/11\/bike-hotel-768x320.png 768w, https:\/\/hostelpekarna.eu\/wp-content\/uploads\/2023\/11\/bike-hotel-1536x640.png 1536w, https:\/\/hostelpekarna.eu\/wp-content\/uploads\/2023\/11\/bike-hotel-2048x853.png 2048w, https:\/\/hostelpekarna.eu\/wp-content\/uploads\/2023\/11\/bike-hotel-18x7.png 18w\" sizes=\"(max-width: 300px) 100vw, 300px\" \/>\t\t\t\t\t\t\t\t\t\t\t\t\t\t\t<\/div>\n\t\t\t\t<\/div>\n\t\t\t\t\t<\/div>\n\t\t<\/div>\n\t\t\t\t\t<\/div>\n\t\t<\/section>\n\t\t\t\t<section class=\"elementor-section elementor-top-section elementor-element elementor-element-33fdcbee elementor-section-boxed elementor-section-height-default elementor-section-height-default\" data-id=\"33fdcbee\" data-element_type=\"section\" data-e-type=\"section\">\n\t\t\t\t\t\t<div class=\"elementor-container elementor-column-gap-default\">\n\t\t\t\t\t<div class=\"elementor-column elementor-col-100 elementor-top-column elementor-element elementor-element-4daafce8\" data-id=\"4daafce8\" data-element_type=\"column\" data-e-type=\"column\">\n\t\t\t<div class=\"elementor-widget-wrap elementor-element-populated\">\n\t\t\t\t\t\t<div class=\"elementor-element elementor-element-5f1ad80c elementor-widget elementor-widget-text-editor\" data-id=\"5f1ad80c\" data-element_type=\"widget\" data-e-type=\"widget\" data-widget_type=\"text-editor.default\">\n\t\t\t\t<div class=\"elementor-widget-container\">\n\t\t\t\t\t\t\t\t\t<p><em>\u00bbPoleg kriterijev za 1 kolesarja so vse osnovne informacije na voljo tudi v angle\u0161kem in \u0161e enem tujem jeziku. V kolesarskem koti\u010dku je mapa\u00a0s podrobnej\u0161imi informacijami o kolesarski ponudbi nastanitve in okolice tudi v angle\u0161kem in \u0161e enem tujem jeziku. Nastanitev ponuja vodene ture z licenciranim kolesarskim vodnikom za la\u017eje in srednje te\u017eke ture v zvrsteh kolesarjenja, ki jih ponuja. Nudi se mo\u017enost pranja opreme. Na voljo je savna v objektu ali v okolici. Organizirani so prevozi na letali\u0161\u010de, \u017eelezni\u0161ko in avtobusno postajo ter transferji prtljage. V nastanitvi so na voljo skupni prostori za dru\u017eenje kolesarjev. V nastanitvi je mo\u017eno najeti kakovostna kolesa. V objektu je oprema in dekoracija, prilagojena kolesarjem.\u00ab<\/em><\/p><p>Hostel Pekarna nudi kolesarjem prijazno in udobno nastanitev. Verjamemo, da lahko v sodelovanju z Drava bike in Mariborsko kolesarsko mre\u017eo svojim gostom ponudimo izvrstno kolesarsko izku\u0161njo.<\/p><p>Gostom poleg lepih, prostornih in udobnih sob nudimo \u0161e brezpla\u010dno izposojo koles za odrasle in otroke, kolesarske \u010delade, na voljo pa je tudi kolesarski stol\u010dek za najmlaj\u0161e.<\/p><p>Vsem kolesarjem, ki pri nas preno\u010dijo, nudimo:<\/p>\t\t\t\t\t\t\t\t<\/div>\n\t\t\t\t<\/div>\n\t\t\t\t<div class=\"elementor-element elementor-element-7b5e5380 elementor-icon-list--layout-traditional elementor-list-item-link-full_width elementor-widget elementor-widget-icon-list\" data-id=\"7b5e5380\" data-element_type=\"widget\" data-e-type=\"widget\" data-widget_type=\"icon-list.default\">\n\t\t\t\t<div class=\"elementor-widget-container\">\n\t\t\t\t\t\t\t<ul class=\"elementor-icon-list-items\">\n\t\t\t\t\t\t\t<li class=\"elementor-icon-list-item\">\n\t\t\t\t\t\t\t\t\t\t\t<span class=\"elementor-icon-list-icon\">\n\t\t\t\t\t\t\t<i aria-hidden=\"true\" class=\"fas fa-chevron-right\"><\/i>\t\t\t\t\t\t<\/span>\n\t\t\t\t\t\t\t\t\t\t<span class=\"elementor-icon-list-text\">20% popust na no\u010ditve,<\/span>\n\t\t\t\t\t\t\t\t\t<\/li>\n\t\t\t\t\t\t\t\t<li class=\"elementor-icon-list-item\">\n\t\t\t\t\t\t\t\t\t\t\t<span class=\"elementor-icon-list-icon\">\n\t\t\t\t\t\t\t<i aria-hidden=\"true\" class=\"fas fa-chevron-right\"><\/i>\t\t\t\t\t\t<\/span>\n\t\t\t\t\t\t\t\t\t\t<span class=\"elementor-icon-list-text\">izvrsten in hranljiv brezpla\u010dni zajtrk s sve\u017ee pe\u010denimi \u017eemljicami,<\/span>\n\t\t\t\t\t\t\t\t\t<\/li>\n\t\t\t\t\t\t\t\t<li class=\"elementor-icon-list-item\">\n\t\t\t\t\t\t\t\t\t\t\t<span class=\"elementor-icon-list-icon\">\n\t\t\t\t\t\t\t<i aria-hidden=\"true\" class=\"fas fa-chevron-right\"><\/i>\t\t\t\t\t\t<\/span>\n\t\t\t\t\t\t\t\t\t\t<span class=\"elementor-icon-list-text\">po predhodnem naro\u010dilu namesto zajtrka \u00bblunch paket\u00ab, ki ga lahko odnesete s seboj,<\/span>\n\t\t\t\t\t\t\t\t\t<\/li>\n\t\t\t\t\t\t\t\t<li class=\"elementor-icon-list-item\">\n\t\t\t\t\t\t\t\t\t\t\t<span class=\"elementor-icon-list-icon\">\n\t\t\t\t\t\t\t<i aria-hidden=\"true\" class=\"fas fa-chevron-right\"><\/i>\t\t\t\t\t\t<\/span>\n\t\t\t\t\t\t\t\t\t\t<span class=\"elementor-icon-list-text\">brezpla\u010dni Wi-Fi in dostop do ra\u010dunalnika,<\/span>\n\t\t\t\t\t\t\t\t\t<\/li>\n\t\t\t\t\t\t\t\t<li class=\"elementor-icon-list-item\">\n\t\t\t\t\t\t\t\t\t\t\t<span class=\"elementor-icon-list-icon\">\n\t\t\t\t\t\t\t<i aria-hidden=\"true\" class=\"fas fa-chevron-right\"><\/i>\t\t\t\t\t\t<\/span>\n\t\t\t\t\t\t\t\t\t\t<span class=\"elementor-icon-list-text\">kolesarski koti\u010dek z vsemi informacijami o kolesarskih poteh, servisih za popravilo koles, restavracijah, ki so prijazne kolesarjem, <\/span>\n\t\t\t\t\t\t\t\t\t<\/li>\n\t\t\t\t\t\t\t\t<li class=\"elementor-icon-list-item\">\n\t\t\t\t\t\t\t\t\t\t\t<span class=\"elementor-icon-list-icon\">\n\t\t\t\t\t\t\t<i aria-hidden=\"true\" class=\"fas fa-chevron-right\"><\/i>\t\t\t\t\t\t<\/span>\n\t\t\t\t\t\t\t\t\t\t<span class=\"elementor-icon-list-text\">prostor za varno hrambo koles z video nadzorom,<\/span>\n\t\t\t\t\t\t\t\t\t<\/li>\n\t\t\t\t\t\t\t\t<li class=\"elementor-icon-list-item\">\n\t\t\t\t\t\t\t\t\t\t\t<span class=\"elementor-icon-list-icon\">\n\t\t\t\t\t\t\t<i aria-hidden=\"true\" class=\"fas fa-chevron-right\"><\/i>\t\t\t\t\t\t<\/span>\n\t\t\t\t\t\t\t\t\t\t<span class=\"elementor-icon-list-text\">mo\u017enost polnjenja baterij za elektri\u010dna kolesa,<\/span>\n\t\t\t\t\t\t\t\t\t<\/li>\n\t\t\t\t\t\t\t\t<li class=\"elementor-icon-list-item\">\n\t\t\t\t\t\t\t\t\t\t\t<span class=\"elementor-icon-list-icon\">\n\t\t\t\t\t\t\t<i aria-hidden=\"true\" class=\"fas fa-chevron-right\"><\/i>\t\t\t\t\t\t<\/span>\n\t\t\t\t\t\t\t\t\t\t<span class=\"elementor-icon-list-text\">mini servisni koti\u010dek z osnovnim kolesarskim orodjem in mazivi,<\/span>\n\t\t\t\t\t\t\t\t\t<\/li>\n\t\t\t\t\t\t\t\t<li class=\"elementor-icon-list-item\">\n\t\t\t\t\t\t\t\t\t\t\t<span class=\"elementor-icon-list-icon\">\n\t\t\t\t\t\t\t<i aria-hidden=\"true\" class=\"fas fa-chevron-right\"><\/i>\t\t\t\t\t\t<\/span>\n\t\t\t\t\t\t\t\t\t\t<span class=\"elementor-icon-list-text\">brezpla\u010dno pranje in su\u0161enje kolesarskih obla\u010dil,<\/span>\n\t\t\t\t\t\t\t\t\t<\/li>\n\t\t\t\t\t\t\t\t<li class=\"elementor-icon-list-item\">\n\t\t\t\t\t\t\t\t\t\t\t<span class=\"elementor-icon-list-icon\">\n\t\t\t\t\t\t\t<i aria-hidden=\"true\" class=\"fas fa-chevron-right\"><\/i>\t\t\t\t\t\t<\/span>\n\t\t\t\t\t\t\t\t\t\t<span class=\"elementor-icon-list-text\">koti\u010dek z informativno mapo, ki vsebuje:<\/span>\n\t\t\t\t\t\t\t\t\t<\/li>\n\t\t\t\t\t\t<\/ul>\n\t\t\t\t\t\t<\/div>\n\t\t\t\t<\/div>\n\t\t\t\t<div class=\"elementor-element elementor-element-6f11d837 elementor-icon-list--layout-traditional elementor-list-item-link-full_width elementor-widget elementor-widget-icon-list\" data-id=\"6f11d837\" data-element_type=\"widget\" data-e-type=\"widget\" data-widget_type=\"icon-list.default\">\n\t\t\t\t<div class=\"elementor-widget-container\">\n\t\t\t\t\t\t\t<ul class=\"elementor-icon-list-items\">\n\t\t\t\t\t\t\t<li class=\"elementor-icon-list-item\">\n\t\t\t\t\t\t\t\t\t\t\t<span class=\"elementor-icon-list-icon\">\n\t\t\t\t\t\t\t<i aria-hidden=\"true\" class=\"fas fa-chevron-right\"><\/i>\t\t\t\t\t\t<\/span>\n\t\t\t\t\t\t\t\t\t\t<span class=\"elementor-icon-list-text\">informacije o Dravski poti, <\/span>\n\t\t\t\t\t\t\t\t\t<\/li>\n\t\t\t\t\t\t\t\t<li class=\"elementor-icon-list-item\">\n\t\t\t\t\t\t\t\t\t\t\t<span class=\"elementor-icon-list-icon\">\n\t\t\t\t\t\t\t<i aria-hidden=\"true\" class=\"fas fa-chevron-right\"><\/i>\t\t\t\t\t\t<\/span>\n\t\t\t\t\t\t\t\t\t\t<span class=\"elementor-icon-list-text\">informacije o nekaj kolesarskih poteh,<\/span>\n\t\t\t\t\t\t\t\t\t<\/li>\n\t\t\t\t\t\t\t\t<li class=\"elementor-icon-list-item\">\n\t\t\t\t\t\t\t\t\t\t\t<span class=\"elementor-icon-list-icon\">\n\t\t\t\t\t\t\t<i aria-hidden=\"true\" class=\"fas fa-chevron-right\"><\/i>\t\t\t\t\t\t<\/span>\n\t\t\t\t\t\t\t\t\t\t<span class=\"elementor-icon-list-text\">zanimivosti Maribora in okolice, <\/span>\n\t\t\t\t\t\t\t\t\t<\/li>\n\t\t\t\t\t\t\t\t<li class=\"elementor-icon-list-item\">\n\t\t\t\t\t\t\t\t\t\t\t<span class=\"elementor-icon-list-icon\">\n\t\t\t\t\t\t\t<i aria-hidden=\"true\" class=\"fas fa-chevron-right\"><\/i>\t\t\t\t\t\t<\/span>\n\t\t\t\t\t\t\t\t\t\t<span class=\"elementor-icon-list-text\">kolesarsko karto okolice,<\/span>\n\t\t\t\t\t\t\t\t\t<\/li>\n\t\t\t\t\t\t\t\t<li class=\"elementor-icon-list-item\">\n\t\t\t\t\t\t\t\t\t\t\t<span class=\"elementor-icon-list-icon\">\n\t\t\t\t\t\t\t<i aria-hidden=\"true\" class=\"fas fa-chevron-right\"><\/i>\t\t\t\t\t\t<\/span>\n\t\t\t\t\t\t\t\t\t\t<span class=\"elementor-icon-list-text\">kolesarske servisne delavnice,<\/span>\n\t\t\t\t\t\t\t\t\t<\/li>\n\t\t\t\t\t\t\t\t<li class=\"elementor-icon-list-item\">\n\t\t\t\t\t\t\t\t\t\t\t<span class=\"elementor-icon-list-icon\">\n\t\t\t\t\t\t\t<i aria-hidden=\"true\" class=\"fas fa-chevron-right\"><\/i>\t\t\t\t\t\t<\/span>\n\t\t\t\t\t\t\t\t\t\t<span class=\"elementor-icon-list-text\">seznam restavracij, ki so prijazne kolesarjem.<\/span>\n\t\t\t\t\t\t\t\t\t<\/li>\n\t\t\t\t\t\t<\/ul>\n\t\t\t\t\t\t<\/div>\n\t\t\t\t<\/div>\n\t\t\t\t<div class=\"elementor-element elementor-element-370adcfb elementor-widget elementor-widget-text-editor\" data-id=\"370adcfb\" data-element_type=\"widget\" data-e-type=\"widget\" data-widget_type=\"text-editor.default\">\n\t\t\t\t<div class=\"elementor-widget-container\">\n\t\t\t\t\t\t\t\t\t<p>Prav tako pa je na\u0161 hostel opremljen z informativnimi tablami in ra\u010dunalni\u0161ko tablico, kjer se nahajajo vse uporabne informacije za kolesarje.<\/p><p>Za dodatne informacije pa se lahko vedno obrnete na nas in z veseljem vam bomo pomagali do nepozabnih spominov.<\/p>\t\t\t\t\t\t\t\t<\/div>\n\t\t\t\t<\/div>\n\t\t\t\t\t<\/div>\n\t\t<\/div>\n\t\t\t\t\t<\/div>\n\t\t<\/section>\n\t\t\t\t<\/div>\n\t\t","protected":false},"excerpt":{"rendered":"<p>SPECIALIZIRANA NASTANITEV ZA KOLESARJE Hostel pekarna je kolesarjem prijazni ponudnik nastanitev, ki je s strani Slovenije Outdoor pridobil \u0161e oznako s kolesi, ki ka\u017ee \u0161irino in kakovost ponudbe, prilagojene kolesarjem. Hostel je pridobil dve od treh koles \u2013 raven standard. \u00bbPoleg kriterijev za 1 kolesarja so vse osnovne informacije na voljo tudi v angle\u0161kem in [&hellip;]<\/p>\n","protected":false},"author":1,"featured_media":1354,"parent":715,"menu_order":0,"comment_status":"closed","ping_status":"closed","template":"elementor_header_footer","meta":{"footnotes":""},"class_list":["post-721","page","type-page","status-publish","has-post-thumbnail","hentry"],"yoast_head":"<!-- This site is optimized with the Yoast SEO plugin v27.4 - https:\/\/yoast.com\/product\/yoast-seo-wordpress\/ -->\n<title>Kolesarji - Hostel Pekarna<\/title>\n<meta name=\"robots\" content=\"index, follow, max-snippet:-1, max-image-preview:large, max-video-preview:-1\" \/>\n<link rel=\"canonical\" href=\"https:\/\/hostelpekarna.eu\/sl\/dogajanje\/kolesarji\/\" \/>\n<meta property=\"og:locale\" content=\"sl_SI\" \/>\n<meta property=\"og:type\" content=\"article\" \/>\n<meta property=\"og:title\" content=\"Kolesarji - Hostel Pekarna\" \/>\n<meta property=\"og:description\" content=\"SPECIALIZIRANA NASTANITEV ZA KOLESARJE Hostel pekarna je kolesarjem prijazni ponudnik nastanitev, ki je s strani Slovenije Outdoor pridobil \u0161e oznako s kolesi, ki ka\u017ee \u0161irino in kakovost ponudbe, prilagojene kolesarjem. Hostel je pridobil dve od treh koles \u2013 raven standard. \u00bbPoleg kriterijev za 1 kolesarja so vse osnovne informacije na voljo tudi v angle\u0161kem in [&hellip;]\" \/>\n<meta property=\"og:url\" content=\"https:\/\/hostelpekarna.eu\/sl\/dogajanje\/kolesarji\/\" \/>\n<meta property=\"og:site_name\" content=\"Hostel Pekarna\" \/>\n<meta property=\"article:modified_time\" content=\"2023-11-24T20:07:19+00:00\" \/>\n<meta property=\"og:image\" content=\"https:\/\/hostelpekarna.eu\/wp-content\/uploads\/2023\/11\/infotabla-pokoncno-a4-724x1024.png\" \/>\n\t<meta property=\"og:image:width\" content=\"724\" \/>\n\t<meta property=\"og:image:height\" content=\"1024\" \/>\n\t<meta property=\"og:image:type\" content=\"image\/png\" \/>\n<meta name=\"twitter:card\" content=\"summary_large_image\" \/>\n<meta name=\"twitter:label1\" content=\"Est. reading time\" \/>\n\t<meta name=\"twitter:data1\" content=\"3 minute\" \/>\n<script type=\"application\/ld+json\" class=\"yoast-schema-graph\">{\"@context\":\"https:\\\/\\\/schema.org\",\"@graph\":[{\"@type\":\"WebPage\",\"@id\":\"https:\\\/\\\/hostelpekarna.eu\\\/dogajanje\\\/kolesarji\\\/\",\"url\":\"https:\\\/\\\/hostelpekarna.eu\\\/dogajanje\\\/kolesarji\\\/\",\"name\":\"Kolesarji - Hostel Pekarna\",\"isPartOf\":{\"@id\":\"https:\\\/\\\/hostelpekarna.eu\\\/#website\"},\"primaryImageOfPage\":{\"@id\":\"https:\\\/\\\/hostelpekarna.eu\\\/dogajanje\\\/kolesarji\\\/#primaryimage\"},\"image\":{\"@id\":\"https:\\\/\\\/hostelpekarna.eu\\\/dogajanje\\\/kolesarji\\\/#primaryimage\"},\"thumbnailUrl\":\"https:\\\/\\\/hostelpekarna.eu\\\/wp-content\\\/uploads\\\/2023\\\/11\\\/infotabla-pokoncno-a4.png\",\"datePublished\":\"2023-10-23T08:19:29+00:00\",\"dateModified\":\"2023-11-24T20:07:19+00:00\",\"breadcrumb\":{\"@id\":\"https:\\\/\\\/hostelpekarna.eu\\\/dogajanje\\\/kolesarji\\\/#breadcrumb\"},\"inLanguage\":\"sl-SI\",\"potentialAction\":[{\"@type\":\"ReadAction\",\"target\":[\"https:\\\/\\\/hostelpekarna.eu\\\/dogajanje\\\/kolesarji\\\/\"]}]},{\"@type\":\"ImageObject\",\"inLanguage\":\"sl-SI\",\"@id\":\"https:\\\/\\\/hostelpekarna.eu\\\/dogajanje\\\/kolesarji\\\/#primaryimage\",\"url\":\"https:\\\/\\\/hostelpekarna.eu\\\/wp-content\\\/uploads\\\/2023\\\/11\\\/infotabla-pokoncno-a4.png\",\"contentUrl\":\"https:\\\/\\\/hostelpekarna.eu\\\/wp-content\\\/uploads\\\/2023\\\/11\\\/infotabla-pokoncno-a4.png\",\"width\":1767,\"height\":2500},{\"@type\":\"BreadcrumbList\",\"@id\":\"https:\\\/\\\/hostelpekarna.eu\\\/dogajanje\\\/kolesarji\\\/#breadcrumb\",\"itemListElement\":[{\"@type\":\"ListItem\",\"position\":1,\"name\":\"Home\",\"item\":\"https:\\\/\\\/hostelpekarna.eu\\\/\"},{\"@type\":\"ListItem\",\"position\":2,\"name\":\"Dogajanje\",\"item\":\"https:\\\/\\\/hostelpekarna.eu\\\/en\\\/dogajanje\\\/\"},{\"@type\":\"ListItem\",\"position\":3,\"name\":\"Kolesarji\"}]},{\"@type\":\"WebSite\",\"@id\":\"https:\\\/\\\/hostelpekarna.eu\\\/#website\",\"url\":\"https:\\\/\\\/hostelpekarna.eu\\\/\",\"name\":\"Hostel Pekarna\",\"description\":\"\",\"publisher\":{\"@id\":\"https:\\\/\\\/hostelpekarna.eu\\\/#organization\"},\"potentialAction\":[{\"@type\":\"SearchAction\",\"target\":{\"@type\":\"EntryPoint\",\"urlTemplate\":\"https:\\\/\\\/hostelpekarna.eu\\\/?s={search_term_string}\"},\"query-input\":{\"@type\":\"PropertyValueSpecification\",\"valueRequired\":true,\"valueName\":\"search_term_string\"}}],\"inLanguage\":\"sl-SI\"},{\"@type\":\"Organization\",\"@id\":\"https:\\\/\\\/hostelpekarna.eu\\\/#organization\",\"name\":\"Hostel Pekarna\",\"url\":\"https:\\\/\\\/hostelpekarna.eu\\\/\",\"logo\":{\"@type\":\"ImageObject\",\"inLanguage\":\"sl-SI\",\"@id\":\"https:\\\/\\\/hostelpekarna.eu\\\/#\\\/schema\\\/logo\\\/image\\\/\",\"url\":\"https:\\\/\\\/hostelpekarna.eu\\\/wp-content\\\/uploads\\\/2023\\\/07\\\/hostel_pekarna_maribor_slovenia_logo.png\",\"contentUrl\":\"https:\\\/\\\/hostelpekarna.eu\\\/wp-content\\\/uploads\\\/2023\\\/07\\\/hostel_pekarna_maribor_slovenia_logo.png\",\"width\":1644,\"height\":859,\"caption\":\"Hostel Pekarna\"},\"image\":{\"@id\":\"https:\\\/\\\/hostelpekarna.eu\\\/#\\\/schema\\\/logo\\\/image\\\/\"}}]}<\/script>\n<!-- \/ Yoast SEO plugin. -->","yoast_head_json":{"title":"Kolesarji - Hostel Pekarna","robots":{"index":"index","follow":"follow","max-snippet":"max-snippet:-1","max-image-preview":"max-image-preview:large","max-video-preview":"max-video-preview:-1"},"canonical":"https:\/\/hostelpekarna.eu\/sl\/dogajanje\/kolesarji\/","og_locale":"sl_SI","og_type":"article","og_title":"Kolesarji - Hostel Pekarna","og_description":"SPECIALIZIRANA NASTANITEV ZA KOLESARJE Hostel pekarna je kolesarjem prijazni ponudnik nastanitev, ki je s strani Slovenije Outdoor pridobil \u0161e oznako s kolesi, ki ka\u017ee \u0161irino in kakovost ponudbe, prilagojene kolesarjem. Hostel je pridobil dve od treh koles \u2013 raven standard. \u00bbPoleg kriterijev za 1 kolesarja so vse osnovne informacije na voljo tudi v angle\u0161kem in [&hellip;]","og_url":"https:\/\/hostelpekarna.eu\/sl\/dogajanje\/kolesarji\/","og_site_name":"Hostel Pekarna","article_modified_time":"2023-11-24T20:07:19+00:00","og_image":[{"width":724,"height":1024,"url":"https:\/\/hostelpekarna.eu\/wp-content\/uploads\/2023\/11\/infotabla-pokoncno-a4-724x1024.png","type":"image\/png"}],"twitter_card":"summary_large_image","twitter_misc":{"Est. reading time":"3 minute"},"schema":{"@context":"https:\/\/schema.org","@graph":[{"@type":"WebPage","@id":"https:\/\/hostelpekarna.eu\/dogajanje\/kolesarji\/","url":"https:\/\/hostelpekarna.eu\/dogajanje\/kolesarji\/","name":"Kolesarji - Hostel Pekarna","isPartOf":{"@id":"https:\/\/hostelpekarna.eu\/#website"},"primaryImageOfPage":{"@id":"https:\/\/hostelpekarna.eu\/dogajanje\/kolesarji\/#primaryimage"},"image":{"@id":"https:\/\/hostelpekarna.eu\/dogajanje\/kolesarji\/#primaryimage"},"thumbnailUrl":"https:\/\/hostelpekarna.eu\/wp-content\/uploads\/2023\/11\/infotabla-pokoncno-a4.png","datePublished":"2023-10-23T08:19:29+00:00","dateModified":"2023-11-24T20:07:19+00:00","breadcrumb":{"@id":"https:\/\/hostelpekarna.eu\/dogajanje\/kolesarji\/#breadcrumb"},"inLanguage":"sl-SI","potentialAction":[{"@type":"ReadAction","target":["https:\/\/hostelpekarna.eu\/dogajanje\/kolesarji\/"]}]},{"@type":"ImageObject","inLanguage":"sl-SI","@id":"https:\/\/hostelpekarna.eu\/dogajanje\/kolesarji\/#primaryimage","url":"https:\/\/hostelpekarna.eu\/wp-content\/uploads\/2023\/11\/infotabla-pokoncno-a4.png","contentUrl":"https:\/\/hostelpekarna.eu\/wp-content\/uploads\/2023\/11\/infotabla-pokoncno-a4.png","width":1767,"height":2500},{"@type":"BreadcrumbList","@id":"https:\/\/hostelpekarna.eu\/dogajanje\/kolesarji\/#breadcrumb","itemListElement":[{"@type":"ListItem","position":1,"name":"Home","item":"https:\/\/hostelpekarna.eu\/"},{"@type":"ListItem","position":2,"name":"Dogajanje","item":"https:\/\/hostelpekarna.eu\/en\/dogajanje\/"},{"@type":"ListItem","position":3,"name":"Kolesarji"}]},{"@type":"WebSite","@id":"https:\/\/hostelpekarna.eu\/#website","url":"https:\/\/hostelpekarna.eu\/","name":"Hostel Pekarna","description":"","publisher":{"@id":"https:\/\/hostelpekarna.eu\/#organization"},"potentialAction":[{"@type":"SearchAction","target":{"@type":"EntryPoint","urlTemplate":"https:\/\/hostelpekarna.eu\/?s={search_term_string}"},"query-input":{"@type":"PropertyValueSpecification","valueRequired":true,"valueName":"search_term_string"}}],"inLanguage":"sl-SI"},{"@type":"Organization","@id":"https:\/\/hostelpekarna.eu\/#organization","name":"Hostel Pekarna","url":"https:\/\/hostelpekarna.eu\/","logo":{"@type":"ImageObject","inLanguage":"sl-SI","@id":"https:\/\/hostelpekarna.eu\/#\/schema\/logo\/image\/","url":"https:\/\/hostelpekarna.eu\/wp-content\/uploads\/2023\/07\/hostel_pekarna_maribor_slovenia_logo.png","contentUrl":"https:\/\/hostelpekarna.eu\/wp-content\/uploads\/2023\/07\/hostel_pekarna_maribor_slovenia_logo.png","width":1644,"height":859,"caption":"Hostel Pekarna"},"image":{"@id":"https:\/\/hostelpekarna.eu\/#\/schema\/logo\/image\/"}}]}},"_links":{"self":[{"href":"https:\/\/hostelpekarna.eu\/sl\/wp-json\/wp\/v2\/pages\/721","targetHints":{"allow":["GET"]}}],"collection":[{"href":"https:\/\/hostelpekarna.eu\/sl\/wp-json\/wp\/v2\/pages"}],"about":[{"href":"https:\/\/hostelpekarna.eu\/sl\/wp-json\/wp\/v2\/types\/page"}],"author":[{"embeddable":true,"href":"https:\/\/hostelpekarna.eu\/sl\/wp-json\/wp\/v2\/users\/1"}],"replies":[{"embeddable":true,"href":"https:\/\/hostelpekarna.eu\/sl\/wp-json\/wp\/v2\/comments?post=721"}],"version-history":[{"count":23,"href":"https:\/\/hostelpekarna.eu\/sl\/wp-json\/wp\/v2\/pages\/721\/revisions"}],"predecessor-version":[{"id":2086,"href":"https:\/\/hostelpekarna.eu\/sl\/wp-json\/wp\/v2\/pages\/721\/revisions\/2086"}],"up":[{"embeddable":true,"href":"https:\/\/hostelpekarna.eu\/sl\/wp-json\/wp\/v2\/pages\/715"}],"wp:featuredmedia":[{"embeddable":true,"href":"https:\/\/hostelpekarna.eu\/sl\/wp-json\/wp\/v2\/media\/1354"}],"wp:attachment":[{"href":"https:\/\/hostelpekarna.eu\/sl\/wp-json\/wp\/v2\/media?parent=721"}],"curies":[{"name":"wp","href":"https:\/\/api.w.org\/{rel}","templated":true}]}}