{"id":692,"date":"2023-10-23T07:39:26","date_gmt":"2023-10-23T07:39:26","guid":{"rendered":"https:\/\/hostelpekarna.eu?page_id=692"},"modified":"2024-05-15T10:12:54","modified_gmt":"2024-05-15T09:12:54","slug":"splosni-pogoji-za-najem-prostora","status":"publish","type":"page","link":"https:\/\/hostelpekarna.eu\/sl\/uporaba-prostora\/splosni-pogoji-za-najem-prostora\/","title":{"rendered":"Splo\u0161ni pogoji za najem prostora"},"content":{"rendered":"\t\t<div data-elementor-type=\"wp-page\" data-elementor-id=\"692\" class=\"elementor elementor-692\" data-elementor-post-type=\"page\">\n\t\t\t\t\t\t<section class=\"elementor-section elementor-top-section elementor-element elementor-element-6fc89906 elementor-section-boxed elementor-section-height-default elementor-section-height-default\" data-id=\"6fc89906\" data-element_type=\"section\" data-e-type=\"section\">\n\t\t\t\t\t\t<div class=\"elementor-container elementor-column-gap-default\">\n\t\t\t\t\t<div class=\"elementor-column elementor-col-100 elementor-top-column elementor-element elementor-element-542ebc38\" data-id=\"542ebc38\" data-element_type=\"column\" data-e-type=\"column\">\n\t\t\t<div class=\"elementor-widget-wrap elementor-element-populated\">\n\t\t\t\t\t\t<div class=\"elementor-element elementor-element-6a43d6be elementor-widget-divider--view-line elementor-widget elementor-widget-divider\" data-id=\"6a43d6be\" data-element_type=\"widget\" data-e-type=\"widget\" data-widget_type=\"divider.default\">\n\t\t\t\t<div class=\"elementor-widget-container\">\n\t\t\t\t\t\t\t<div class=\"elementor-divider\">\n\t\t\t<span class=\"elementor-divider-separator\">\n\t\t\t\t\t\t<\/span>\n\t\t<\/div>\n\t\t\t\t\t\t<\/div>\n\t\t\t\t<\/div>\n\t\t\t\t\t<\/div>\n\t\t<\/div>\n\t\t\t\t\t<\/div>\n\t\t<\/section>\n\t\t\t\t<section class=\"elementor-section elementor-top-section elementor-element elementor-element-7a130298 elementor-section-boxed elementor-section-height-default elementor-section-height-default\" data-id=\"7a130298\" data-element_type=\"section\" data-e-type=\"section\">\n\t\t\t\t\t\t<div class=\"elementor-container elementor-column-gap-default\">\n\t\t\t\t\t<div class=\"elementor-column elementor-col-100 elementor-top-column elementor-element elementor-element-12d583ee\" data-id=\"12d583ee\" data-element_type=\"column\" data-e-type=\"column\">\n\t\t\t<div class=\"elementor-widget-wrap elementor-element-populated\">\n\t\t\t\t\t\t<div class=\"elementor-element elementor-element-bdfc70c elementor-widget elementor-widget-text-editor\" data-id=\"bdfc70c\" data-element_type=\"widget\" data-e-type=\"widget\" data-widget_type=\"text-editor.default\">\n\t\t\t\t<div class=\"elementor-widget-container\">\n\t\t\t\t\t\t\t\t\t<p>Predavalnici in sejno sobo je mogo\u010de uporabljati vsak dan med 8.00 in 21.00 uro.<\/p><p>Ura uporabe pomeni 60 minut.<\/p><p>O trajanju uporabe se naro\u010dnik in Hostel Pekarna pisno dogovorita.<\/p><p>Za \u010das uporabe se \u0161teje \u010das, ko je bil prostor dejansko dan na voljo uporabniku (npr. za pripravo) pa do odhoda zadnjega uporabnika. \u010ce \u010das dejanske uporabe presega \u010das dogovorjene uporabnine, se stro\u0161ek pove\u010da. Vsaka za\u010deta ura uporabe predavalnice se \u0161teje kot polna ura najema.<\/p><p>Uporabnik mora pri pripravi prireditve upo\u0161tevati zmogljivost posameznih prostorov.<\/p><p>V ceno uporabnine so vklju\u010deni:<\/p><ul><li>standardna priprava prostora,<\/li><li>razpolo\u017eljivost in uporaba opreme, ki je v prostoru,*<\/li><li>osnovno zaklju\u010dno \u010di\u0161\u010denje.**<\/li><\/ul><p>* O uporabi dodatne opreme se je treba vnaprej dogovoriti.<br \/>** \u010ci\u0161\u010denje med uporabo ni predvideno.<\/p><p>\u010ce uporabnik \u017eeli postavitev opreme izven standardne postavitve, se mora o tem predhodno dogovoriti s Hostlom Pekarna. \u010ce se uporabnik in Hostel Pekarna dogovorita za druga\u010dno postavitev opreme v prostoru, si je uporabnik dol\u017ean sam pripraviti prostor, kot ga \u017eeli, prav tako pa ga je dol\u017ean vrniti v prvotno obliko. \u010ce uporabnik tega ne naredi, se mu zara\u010duna postavitev prostora v standardno postavitev po veljavnem ceniku.<\/p><p>\u010ce je treba zaradi uporabe izvesti zahtevnej\u0161e \u010di\u0161\u010denje po dogodku, se to uporabniku dodatno zara\u010duna po ceniku \u010distilnega servisa, ki ga najame Hostel Pekarna.<\/p><p>Uporabnino prostora je mogo\u010de brezpla\u010dno odpovedati 3 dni pred napovedano uporabo. Za kraj\u0161i odpovedni rok Hostel Pekarna zara\u010duna manipulativne stro\u0161ke v vi\u0161ini 30 % cene najema.<\/p><p>Pla\u010dilni pogoji:<\/p><ul><li>za prora\u010dunske uporabnike: 30 dni po opravljeni storitvi,<\/li><li>za vse druge najemnike: 8 dni po opravljeni storitvi.<\/li><\/ul><p>Uporabnik je dol\u017ean upo\u0161tevati <a href=\"https:\/\/hostelpekarna.eu\/hisni-red\/\">Hi\u0161ni red<\/a>.<\/p><p>Uporabnik v \u010dasu uporabe predavalnice odgovarja za tehni\u010dno opremo v prostoru. Ob morebitni po\u0161kodbi ali odtujitvi si Hostel Pekarna pridr\u017euje pravico do izstavitve ra\u010duna najemniku v vrednosti popravila ali novega nakupa uni\u010dene opreme oz. za vzpostavitev prvotnega stanja.<\/p><p>Uporabnik je dol\u017ean poskrbeti za zavarovanje dogodka. Zagotoviti mora izvajanje ukrepov, ki zagotavljajo varnost pri delu za vse izvajalce in sodelujo\u010de pri postavitvi in organizaciji dogodka ter poskrbeti za njihovo zavarovanje za primer kakr\u0161nekoli nesre\u010de ali po\u0161kodbe. Za to je tudi od\u0161kodninsko odgovoren. Dol\u017ean je poskrbeti tudi za ustrezno varovanje vse svoje tehni\u010dne opreme, potrebne za izvedbo dogodka.<\/p><p>Hostel Pekarna ne odgovarja za osebne stvari izvajalcev in sodelujo\u010dih na dogodku v najetih prostorih.\u00a0<\/p><p>Uporabnik je dol\u017ean povrniti vso \u0161kodo, ki jo v najetih prostorih oziroma na najetih povr\u0161inah, v drugih prostorih in na napravah ter na funkcionalnem zemlji\u0161\u010du povzro\u010di on sam ali je nastala ob opravljanju njegove dejavnosti. Sanacijo \u0161kode organizira Hostel Pekarna. Uporabnik nosi tudi odgovornost za \u0161kodo, povzro\u010deno obiskovalcem v okviru dogodka.<\/p>\t\t\t\t\t\t\t\t<\/div>\n\t\t\t\t<\/div>\n\t\t\t\t\t<\/div>\n\t\t<\/div>\n\t\t\t\t\t<\/div>\n\t\t<\/section>\n\t\t\t\t<\/div>\n\t\t","protected":false},"excerpt":{"rendered":"<p>Predavalnici in sejno sobo je mogo\u010de uporabljati vsak dan med 8.00 in 21.00 uro. Ura uporabe pomeni 60 minut. O trajanju uporabe se naro\u010dnik in Hostel Pekarna pisno dogovorita. Za \u010das uporabe se \u0161teje \u010das, ko je bil prostor dejansko dan na voljo uporabniku (npr. za pripravo) pa do odhoda zadnjega uporabnika. \u010ce \u010das dejanske [&hellip;]<\/p>\n","protected":false},"author":1,"featured_media":0,"parent":644,"menu_order":0,"comment_status":"closed","ping_status":"closed","template":"elementor_header_footer","meta":{"footnotes":""},"class_list":["post-692","page","type-page","status-publish","hentry"],"yoast_head":"<!-- This site is optimized with the Yoast SEO plugin v27.4 - https:\/\/yoast.com\/product\/yoast-seo-wordpress\/ -->\n<title>Splo\u0161ni pogoji za najem prostora - Hostel Pekarna<\/title>\n<meta name=\"robots\" content=\"index, follow, max-snippet:-1, max-image-preview:large, max-video-preview:-1\" \/>\n<link rel=\"canonical\" href=\"https:\/\/hostelpekarna.eu\/sl\/uporaba-prostora\/splosni-pogoji-za-najem-prostora\/\" \/>\n<meta property=\"og:locale\" content=\"sl_SI\" \/>\n<meta property=\"og:type\" content=\"article\" \/>\n<meta property=\"og:title\" content=\"Splo\u0161ni pogoji za najem prostora - Hostel Pekarna\" \/>\n<meta property=\"og:description\" content=\"Predavalnici in sejno sobo je mogo\u010de uporabljati vsak dan med 8.00 in 21.00 uro. Ura uporabe pomeni 60 minut. O trajanju uporabe se naro\u010dnik in Hostel Pekarna pisno dogovorita. Za \u010das uporabe se \u0161teje \u010das, ko je bil prostor dejansko dan na voljo uporabniku (npr. za pripravo) pa do odhoda zadnjega uporabnika. \u010ce \u010das dejanske [&hellip;]\" \/>\n<meta property=\"og:url\" content=\"https:\/\/hostelpekarna.eu\/sl\/uporaba-prostora\/splosni-pogoji-za-najem-prostora\/\" \/>\n<meta property=\"og:site_name\" content=\"Hostel Pekarna\" \/>\n<meta property=\"article:modified_time\" content=\"2024-05-15T09:12:54+00:00\" \/>\n<meta name=\"twitter:card\" content=\"summary_large_image\" \/>\n<meta name=\"twitter:label1\" content=\"Est. reading time\" \/>\n\t<meta name=\"twitter:data1\" content=\"3 minute\" \/>\n<script type=\"application\/ld+json\" class=\"yoast-schema-graph\">{\"@context\":\"https:\\\/\\\/schema.org\",\"@graph\":[{\"@type\":\"WebPage\",\"@id\":\"https:\\\/\\\/hostelpekarna.eu\\\/uporaba-prostora\\\/splosni-pogoji-za-najem-prostora\\\/\",\"url\":\"https:\\\/\\\/hostelpekarna.eu\\\/uporaba-prostora\\\/splosni-pogoji-za-najem-prostora\\\/\",\"name\":\"Splo\u0161ni pogoji za najem prostora - Hostel Pekarna\",\"isPartOf\":{\"@id\":\"https:\\\/\\\/hostelpekarna.eu\\\/#website\"},\"datePublished\":\"2023-10-23T07:39:26+00:00\",\"dateModified\":\"2024-05-15T09:12:54+00:00\",\"breadcrumb\":{\"@id\":\"https:\\\/\\\/hostelpekarna.eu\\\/uporaba-prostora\\\/splosni-pogoji-za-najem-prostora\\\/#breadcrumb\"},\"inLanguage\":\"sl-SI\",\"potentialAction\":[{\"@type\":\"ReadAction\",\"target\":[\"https:\\\/\\\/hostelpekarna.eu\\\/uporaba-prostora\\\/splosni-pogoji-za-najem-prostora\\\/\"]}]},{\"@type\":\"BreadcrumbList\",\"@id\":\"https:\\\/\\\/hostelpekarna.eu\\\/uporaba-prostora\\\/splosni-pogoji-za-najem-prostora\\\/#breadcrumb\",\"itemListElement\":[{\"@type\":\"ListItem\",\"position\":1,\"name\":\"Home\",\"item\":\"https:\\\/\\\/hostelpekarna.eu\\\/\"},{\"@type\":\"ListItem\",\"position\":2,\"name\":\"Uporaba prostora\",\"item\":\"https:\\\/\\\/hostelpekarna.eu\\\/uporaba-prostora\\\/\"},{\"@type\":\"ListItem\",\"position\":3,\"name\":\"Splo\u0161ni pogoji za najem prostora\"}]},{\"@type\":\"WebSite\",\"@id\":\"https:\\\/\\\/hostelpekarna.eu\\\/#website\",\"url\":\"https:\\\/\\\/hostelpekarna.eu\\\/\",\"name\":\"Hostel Pekarna\",\"description\":\"\",\"publisher\":{\"@id\":\"https:\\\/\\\/hostelpekarna.eu\\\/#organization\"},\"potentialAction\":[{\"@type\":\"SearchAction\",\"target\":{\"@type\":\"EntryPoint\",\"urlTemplate\":\"https:\\\/\\\/hostelpekarna.eu\\\/?s={search_term_string}\"},\"query-input\":{\"@type\":\"PropertyValueSpecification\",\"valueRequired\":true,\"valueName\":\"search_term_string\"}}],\"inLanguage\":\"sl-SI\"},{\"@type\":\"Organization\",\"@id\":\"https:\\\/\\\/hostelpekarna.eu\\\/#organization\",\"name\":\"Hostel Pekarna\",\"url\":\"https:\\\/\\\/hostelpekarna.eu\\\/\",\"logo\":{\"@type\":\"ImageObject\",\"inLanguage\":\"sl-SI\",\"@id\":\"https:\\\/\\\/hostelpekarna.eu\\\/#\\\/schema\\\/logo\\\/image\\\/\",\"url\":\"https:\\\/\\\/hostelpekarna.eu\\\/wp-content\\\/uploads\\\/2023\\\/07\\\/hostel_pekarna_maribor_slovenia_logo.png\",\"contentUrl\":\"https:\\\/\\\/hostelpekarna.eu\\\/wp-content\\\/uploads\\\/2023\\\/07\\\/hostel_pekarna_maribor_slovenia_logo.png\",\"width\":1644,\"height\":859,\"caption\":\"Hostel Pekarna\"},\"image\":{\"@id\":\"https:\\\/\\\/hostelpekarna.eu\\\/#\\\/schema\\\/logo\\\/image\\\/\"}}]}<\/script>\n<!-- \/ Yoast SEO plugin. -->","yoast_head_json":{"title":"Splo\u0161ni pogoji za najem prostora - Hostel Pekarna","robots":{"index":"index","follow":"follow","max-snippet":"max-snippet:-1","max-image-preview":"max-image-preview:large","max-video-preview":"max-video-preview:-1"},"canonical":"https:\/\/hostelpekarna.eu\/sl\/uporaba-prostora\/splosni-pogoji-za-najem-prostora\/","og_locale":"sl_SI","og_type":"article","og_title":"Splo\u0161ni pogoji za najem prostora - Hostel Pekarna","og_description":"Predavalnici in sejno sobo je mogo\u010de uporabljati vsak dan med 8.00 in 21.00 uro. Ura uporabe pomeni 60 minut. O trajanju uporabe se naro\u010dnik in Hostel Pekarna pisno dogovorita. Za \u010das uporabe se \u0161teje \u010das, ko je bil prostor dejansko dan na voljo uporabniku (npr. za pripravo) pa do odhoda zadnjega uporabnika. \u010ce \u010das dejanske [&hellip;]","og_url":"https:\/\/hostelpekarna.eu\/sl\/uporaba-prostora\/splosni-pogoji-za-najem-prostora\/","og_site_name":"Hostel Pekarna","article_modified_time":"2024-05-15T09:12:54+00:00","twitter_card":"summary_large_image","twitter_misc":{"Est. reading time":"3 minute"},"schema":{"@context":"https:\/\/schema.org","@graph":[{"@type":"WebPage","@id":"https:\/\/hostelpekarna.eu\/uporaba-prostora\/splosni-pogoji-za-najem-prostora\/","url":"https:\/\/hostelpekarna.eu\/uporaba-prostora\/splosni-pogoji-za-najem-prostora\/","name":"Splo\u0161ni pogoji za najem prostora - Hostel Pekarna","isPartOf":{"@id":"https:\/\/hostelpekarna.eu\/#website"},"datePublished":"2023-10-23T07:39:26+00:00","dateModified":"2024-05-15T09:12:54+00:00","breadcrumb":{"@id":"https:\/\/hostelpekarna.eu\/uporaba-prostora\/splosni-pogoji-za-najem-prostora\/#breadcrumb"},"inLanguage":"sl-SI","potentialAction":[{"@type":"ReadAction","target":["https:\/\/hostelpekarna.eu\/uporaba-prostora\/splosni-pogoji-za-najem-prostora\/"]}]},{"@type":"BreadcrumbList","@id":"https:\/\/hostelpekarna.eu\/uporaba-prostora\/splosni-pogoji-za-najem-prostora\/#breadcrumb","itemListElement":[{"@type":"ListItem","position":1,"name":"Home","item":"https:\/\/hostelpekarna.eu\/"},{"@type":"ListItem","position":2,"name":"Uporaba prostora","item":"https:\/\/hostelpekarna.eu\/uporaba-prostora\/"},{"@type":"ListItem","position":3,"name":"Splo\u0161ni pogoji za najem prostora"}]},{"@type":"WebSite","@id":"https:\/\/hostelpekarna.eu\/#website","url":"https:\/\/hostelpekarna.eu\/","name":"Hostel Pekarna","description":"","publisher":{"@id":"https:\/\/hostelpekarna.eu\/#organization"},"potentialAction":[{"@type":"SearchAction","target":{"@type":"EntryPoint","urlTemplate":"https:\/\/hostelpekarna.eu\/?s={search_term_string}"},"query-input":{"@type":"PropertyValueSpecification","valueRequired":true,"valueName":"search_term_string"}}],"inLanguage":"sl-SI"},{"@type":"Organization","@id":"https:\/\/hostelpekarna.eu\/#organization","name":"Hostel Pekarna","url":"https:\/\/hostelpekarna.eu\/","logo":{"@type":"ImageObject","inLanguage":"sl-SI","@id":"https:\/\/hostelpekarna.eu\/#\/schema\/logo\/image\/","url":"https:\/\/hostelpekarna.eu\/wp-content\/uploads\/2023\/07\/hostel_pekarna_maribor_slovenia_logo.png","contentUrl":"https:\/\/hostelpekarna.eu\/wp-content\/uploads\/2023\/07\/hostel_pekarna_maribor_slovenia_logo.png","width":1644,"height":859,"caption":"Hostel Pekarna"},"image":{"@id":"https:\/\/hostelpekarna.eu\/#\/schema\/logo\/image\/"}}]}},"_links":{"self":[{"href":"https:\/\/hostelpekarna.eu\/sl\/wp-json\/wp\/v2\/pages\/692","targetHints":{"allow":["GET"]}}],"collection":[{"href":"https:\/\/hostelpekarna.eu\/sl\/wp-json\/wp\/v2\/pages"}],"about":[{"href":"https:\/\/hostelpekarna.eu\/sl\/wp-json\/wp\/v2\/types\/page"}],"author":[{"embeddable":true,"href":"https:\/\/hostelpekarna.eu\/sl\/wp-json\/wp\/v2\/users\/1"}],"replies":[{"embeddable":true,"href":"https:\/\/hostelpekarna.eu\/sl\/wp-json\/wp\/v2\/comments?post=692"}],"version-history":[{"count":19,"href":"https:\/\/hostelpekarna.eu\/sl\/wp-json\/wp\/v2\/pages\/692\/revisions"}],"predecessor-version":[{"id":2251,"href":"https:\/\/hostelpekarna.eu\/sl\/wp-json\/wp\/v2\/pages\/692\/revisions\/2251"}],"up":[{"embeddable":true,"href":"https:\/\/hostelpekarna.eu\/sl\/wp-json\/wp\/v2\/pages\/644"}],"wp:attachment":[{"href":"https:\/\/hostelpekarna.eu\/sl\/wp-json\/wp\/v2\/media?parent=692"}],"curies":[{"name":"wp","href":"https:\/\/api.w.org\/{rel}","templated":true}]}}