{"id":529,"date":"2023-09-25T11:55:41","date_gmt":"2023-09-25T11:55:41","guid":{"rendered":"https:\/\/hostelpekarna.eu?page_id=529"},"modified":"2025-04-09T14:08:44","modified_gmt":"2025-04-09T13:08:44","slug":"izjava-o-skladnosti","status":"publish","type":"page","link":"https:\/\/hostelpekarna.eu\/sl\/izjava-o-skladnosti\/","title":{"rendered":"Izjava o skladnosti"},"content":{"rendered":"\t\t<div data-elementor-type=\"wp-page\" data-elementor-id=\"529\" class=\"elementor elementor-529\" data-elementor-post-type=\"page\">\n\t\t\t\t\t\t<section class=\"elementor-section elementor-top-section elementor-element elementor-element-3e56b7c1 elementor-section-boxed elementor-section-height-default elementor-section-height-default\" data-id=\"3e56b7c1\" data-element_type=\"section\" data-e-type=\"section\">\n\t\t\t\t\t\t<div class=\"elementor-container elementor-column-gap-default\">\n\t\t\t\t\t<div class=\"elementor-column elementor-col-100 elementor-top-column elementor-element elementor-element-46475d49\" data-id=\"46475d49\" data-element_type=\"column\" data-e-type=\"column\">\n\t\t\t<div class=\"elementor-widget-wrap elementor-element-populated\">\n\t\t\t\t\t\t<div class=\"elementor-element elementor-element-6c5905f8 elementor-widget-divider--view-line elementor-widget elementor-widget-divider\" data-id=\"6c5905f8\" data-element_type=\"widget\" data-e-type=\"widget\" data-widget_type=\"divider.default\">\n\t\t\t\t<div class=\"elementor-widget-container\">\n\t\t\t\t\t\t\t<div class=\"elementor-divider\">\n\t\t\t<span class=\"elementor-divider-separator\">\n\t\t\t\t\t\t<\/span>\n\t\t<\/div>\n\t\t\t\t\t\t<\/div>\n\t\t\t\t<\/div>\n\t\t\t\t\t<\/div>\n\t\t<\/div>\n\t\t\t\t\t<\/div>\n\t\t<\/section>\n\t\t\t\t<section class=\"elementor-section elementor-top-section elementor-element elementor-element-6e47c39 elementor-section-boxed elementor-section-height-default elementor-section-height-default\" data-id=\"6e47c39\" data-element_type=\"section\" data-e-type=\"section\">\n\t\t\t\t\t\t<div class=\"elementor-container elementor-column-gap-default\">\n\t\t\t\t\t<div class=\"elementor-column elementor-col-100 elementor-top-column elementor-element elementor-element-c47d165\" data-id=\"c47d165\" data-element_type=\"column\" data-e-type=\"column\">\n\t\t\t<div class=\"elementor-widget-wrap elementor-element-populated\">\n\t\t\t\t\t\t<div class=\"elementor-element elementor-element-74e68e8 elementor-widget elementor-widget-text-editor\" data-id=\"74e68e8\" data-element_type=\"widget\" data-e-type=\"widget\" data-widget_type=\"text-editor.default\">\n\t\t\t\t<div class=\"elementor-widget-container\">\n\t\t\t\t\t\t\t\t\t<h4>IZJAVA O DOSTOPNOSTI PO ZDSMA<\/h4><p>Izjava nazadnje posodobljena 9. aprila 2025 na podlagi samoocene.<\/p><p>Javni zavod Mladinski kulturni center Maribor (MKC Maribor) se zavezuje omogo\u010dati dostopnost spletne strani Hostla Pekarna na spleti\u0161\u010du <a href=\"https:\/\/hostelpekarna.eu\/\">hostelpekarna.eu<\/a> v skladu z Zakonom o dostopnosti spleti\u0161\u010d in mobilnih aplikacij (Uradni list RS, \u0161t. 30\/18, 95\/21 \u2013 ZinfV-A, 189\/21 \u2013 ZDU-1M, 18\/23-ZDU-1O) in Direktivo EU 2016\/2102 Evropskega parlamenta in Sveta.<br \/>Ta izjava o dostopnosti se nana\u0161a na spletno stran <a href=\"https:\/\/hostelpekarna.eu\/\">hostelpekarna.eu<\/a>.<\/p><h5>STOPNJA SKLADNOSTI<\/h5><p>Dostopnost spleti\u0161\u010da nenehno spremljamo in sproti izbolj\u0161ujemo posamezne elemente dostopnosti. Prizadevamo si, da bi bilo spleti\u0161\u010de dostopno v najve\u010dji mo\u017eni meri. Kljub temu nekatere objavljene vsebine ne izpolnjujejo vseh zahtev glede dostopnosti, kot jih dolo\u010da Zakon o dostopnosti spleti\u0161\u010d in mobilnih aplikacij.<\/p><h5>POJASNILO O NEDOSTOPNIH VSEBINAH<\/h5><p>Spodaj navedena vsebina ni dostopna zaradi nesorazmernega bremena:<\/p><ul><li>Vsebine, ki jo dodajo tretje osebe skozi vmesnik \u201cvpis dogodka\u201d in jih zakon v 3. \u010dlenu obravnava kot izjemo.<\/li><li>Vse fotografije na spletnih mestih \u0161e niso opremljene z opisi oziroma \u0161e nimajo alternativnega besedila. Vpisovanje alternativnega opisa za nazaj bi predstavljalo nesorazmerno breme, saj se ve\u010dina objav nana\u0161a na aktualno dogajanje, ki je \u017ee preteklo in ne bi imelo sorazmerne uporabne vrednosti za uporabnika. Novej\u0161i elementi imajo vpisan alternativni opis.<\/li><li>Struktura tabel in naslovov ni vedno optimalna. Razlog je v nesorazmernem bremenu, ki ga organ ocenjuje s kadrovskim in finan\u010dnim bremenom, ki bi ga optimiziranje zahtevalo.<\/li><li>Datoteke, ki so na spletno stran v izogib spreminjanju vsebine nalo\u017eene v formatu .pdf. Razlog je v nesorazmernem bremenu, ki ga organ ocenjuje s kadrovskim in finan\u010dnim bremenom, ki bi ga optimiziranje zahtevalo.<\/li><\/ul><h5>PRIPRAVA IZJAVE O DOSTOPNOSTI<\/h5><p>Ta izjava je bila pripravljena 20. septembra 2020 in nazadnje posodobljena 9. aprila 2025.<\/p><p>Uporabljena je bila metoda iz prve alineje to\u010dke (a) \u010dlena 3(1) Izvedbenega sklepa Komisije (EU) 2018\/1523 \u2013 samoocena organa javnega sektorja.<\/p><h5>POVRATNE IN KONTAKTNE INFORMACIJE<\/h5><p>Obvestila o primerih neskladnosti, zahtevah po informacijah ter vsebini, ki ne spada na podro\u010dje uporabe Direktive EU 2016\/2102, sprejemamo na elektronski naslov\u00a0<a href=\"mailto:hostelpekarna@mkc.si\">hostelpekarna@mkc.si<\/a>.<br \/>Na obvestilo ali pro\u0161njo bomo odgovorili v roku 8 dni od prejema obvestila oziroma pro\u0161nje. \u010ce glede na zahtevano vsebino v tem roku ne bomo mogli podati ustreznega odgovora, vam bo sporo\u010deno, kdaj bo odgovor podan, hkrati pa tudi razlogi za zakasnitev odgovora.<br \/>Nadzor nad izvajanjem dolo\u010db 5. do 8. \u010dlena Zakona o dostopnosti spleti\u0161\u010d in mobilnih aplikacij opravlja In\u0161pektorat Republike Slovenije za informacijsko dru\u017ebo.<\/p><h5>IZVR\u0160ILNI POSTOPEK<\/h5><p>V primeru, da ugotovite odstopanja od dolo\u010dil Zakona o dostopnosti spleti\u0161\u010d in mobilnih aplikacij, lahko podate prijavo na In\u0161pektorat Republike Slovenije za informacijsko dru\u017ebo po navadni ali elektronski po\u0161ti na naslov:<\/p><ul><li>In\u0161pektorat Republike Slovenije za informacijsko dru\u017ebo<br \/>Dav\u010dna ulica 1<br \/>1000 Ljubljana<br \/><a href=\"mailto:gp.irsid@gov.si\">gp.irsid@gov.si<\/a><\/li><\/ul><p>Splet: <a href=\"https:\/\/www.gov.si\/drzavni-organi\/organi-v-sestavi\/inspektorat-za-informacijsko-druzbo\/\">https:\/\/www.gov.si\/drzavni-organi\/organi-v-sestavi\/inspektorat-za-informacijsko-druzbo\/<\/a><\/p>\t\t\t\t\t\t\t\t<\/div>\n\t\t\t\t<\/div>\n\t\t\t\t\t<\/div>\n\t\t<\/div>\n\t\t\t\t\t<\/div>\n\t\t<\/section>\n\t\t\t\t<\/div>\n\t\t","protected":false},"excerpt":{"rendered":"<p>IZJAVA O DOSTOPNOSTI PO ZDSMA Izjava nazadnje posodobljena 9. aprila 2025 na podlagi samoocene. Javni zavod Mladinski kulturni center Maribor (MKC Maribor) se zavezuje omogo\u010dati dostopnost spletne strani Hostla Pekarna na spleti\u0161\u010du hostelpekarna.eu v skladu z Zakonom o dostopnosti spleti\u0161\u010d in mobilnih aplikacij (Uradni list RS, \u0161t. 30\/18, 95\/21 \u2013 ZinfV-A, 189\/21 \u2013 ZDU-1M, 18\/23-ZDU-1O) [&hellip;]<\/p>\n","protected":false},"author":1,"featured_media":0,"parent":0,"menu_order":0,"comment_status":"closed","ping_status":"closed","template":"elementor_header_footer","meta":{"footnotes":""},"class_list":["post-529","page","type-page","status-publish","hentry"],"yoast_head":"<!-- This site is optimized with the Yoast SEO plugin v27.4 - https:\/\/yoast.com\/product\/yoast-seo-wordpress\/ -->\n<title>Izjava o skladnosti - Hostel Pekarna<\/title>\n<meta name=\"robots\" content=\"index, follow, max-snippet:-1, max-image-preview:large, max-video-preview:-1\" \/>\n<link rel=\"canonical\" href=\"https:\/\/hostelpekarna.eu\/sl\/izjava-o-skladnosti\/\" \/>\n<meta property=\"og:locale\" content=\"sl_SI\" \/>\n<meta property=\"og:type\" content=\"article\" \/>\n<meta property=\"og:title\" content=\"Izjava o skladnosti - Hostel Pekarna\" \/>\n<meta property=\"og:description\" content=\"IZJAVA O DOSTOPNOSTI PO ZDSMA Izjava nazadnje posodobljena 9. aprila 2025 na podlagi samoocene. Javni zavod Mladinski kulturni center Maribor (MKC Maribor) se zavezuje omogo\u010dati dostopnost spletne strani Hostla Pekarna na spleti\u0161\u010du hostelpekarna.eu v skladu z Zakonom o dostopnosti spleti\u0161\u010d in mobilnih aplikacij (Uradni list RS, \u0161t. 30\/18, 95\/21 \u2013 ZinfV-A, 189\/21 \u2013 ZDU-1M, 18\/23-ZDU-1O) [&hellip;]\" \/>\n<meta property=\"og:url\" content=\"https:\/\/hostelpekarna.eu\/sl\/izjava-o-skladnosti\/\" \/>\n<meta property=\"og:site_name\" content=\"Hostel Pekarna\" \/>\n<meta property=\"article:modified_time\" content=\"2025-04-09T13:08:44+00:00\" \/>\n<meta name=\"twitter:card\" content=\"summary_large_image\" \/>\n<meta name=\"twitter:label1\" content=\"Est. reading time\" \/>\n\t<meta name=\"twitter:data1\" content=\"3 minute\" \/>\n<script type=\"application\/ld+json\" class=\"yoast-schema-graph\">{\"@context\":\"https:\\\/\\\/schema.org\",\"@graph\":[{\"@type\":\"WebPage\",\"@id\":\"https:\\\/\\\/hostelpekarna.eu\\\/izjava-o-skladnosti\\\/\",\"url\":\"https:\\\/\\\/hostelpekarna.eu\\\/izjava-o-skladnosti\\\/\",\"name\":\"Izjava o skladnosti - Hostel Pekarna\",\"isPartOf\":{\"@id\":\"https:\\\/\\\/hostelpekarna.eu\\\/#website\"},\"datePublished\":\"2023-09-25T11:55:41+00:00\",\"dateModified\":\"2025-04-09T13:08:44+00:00\",\"breadcrumb\":{\"@id\":\"https:\\\/\\\/hostelpekarna.eu\\\/izjava-o-skladnosti\\\/#breadcrumb\"},\"inLanguage\":\"sl-SI\",\"potentialAction\":[{\"@type\":\"ReadAction\",\"target\":[\"https:\\\/\\\/hostelpekarna.eu\\\/izjava-o-skladnosti\\\/\"]}]},{\"@type\":\"BreadcrumbList\",\"@id\":\"https:\\\/\\\/hostelpekarna.eu\\\/izjava-o-skladnosti\\\/#breadcrumb\",\"itemListElement\":[{\"@type\":\"ListItem\",\"position\":1,\"name\":\"Home\",\"item\":\"https:\\\/\\\/hostelpekarna.eu\\\/\"},{\"@type\":\"ListItem\",\"position\":2,\"name\":\"Izjava o skladnosti\"}]},{\"@type\":\"WebSite\",\"@id\":\"https:\\\/\\\/hostelpekarna.eu\\\/#website\",\"url\":\"https:\\\/\\\/hostelpekarna.eu\\\/\",\"name\":\"Hostel Pekarna\",\"description\":\"\",\"publisher\":{\"@id\":\"https:\\\/\\\/hostelpekarna.eu\\\/#organization\"},\"potentialAction\":[{\"@type\":\"SearchAction\",\"target\":{\"@type\":\"EntryPoint\",\"urlTemplate\":\"https:\\\/\\\/hostelpekarna.eu\\\/?s={search_term_string}\"},\"query-input\":{\"@type\":\"PropertyValueSpecification\",\"valueRequired\":true,\"valueName\":\"search_term_string\"}}],\"inLanguage\":\"sl-SI\"},{\"@type\":\"Organization\",\"@id\":\"https:\\\/\\\/hostelpekarna.eu\\\/#organization\",\"name\":\"Hostel Pekarna\",\"url\":\"https:\\\/\\\/hostelpekarna.eu\\\/\",\"logo\":{\"@type\":\"ImageObject\",\"inLanguage\":\"sl-SI\",\"@id\":\"https:\\\/\\\/hostelpekarna.eu\\\/#\\\/schema\\\/logo\\\/image\\\/\",\"url\":\"https:\\\/\\\/hostelpekarna.eu\\\/wp-content\\\/uploads\\\/2023\\\/07\\\/hostel_pekarna_maribor_slovenia_logo.png\",\"contentUrl\":\"https:\\\/\\\/hostelpekarna.eu\\\/wp-content\\\/uploads\\\/2023\\\/07\\\/hostel_pekarna_maribor_slovenia_logo.png\",\"width\":1644,\"height\":859,\"caption\":\"Hostel Pekarna\"},\"image\":{\"@id\":\"https:\\\/\\\/hostelpekarna.eu\\\/#\\\/schema\\\/logo\\\/image\\\/\"}}]}<\/script>\n<!-- \/ Yoast SEO plugin. -->","yoast_head_json":{"title":"Izjava o skladnosti - Hostel Pekarna","robots":{"index":"index","follow":"follow","max-snippet":"max-snippet:-1","max-image-preview":"max-image-preview:large","max-video-preview":"max-video-preview:-1"},"canonical":"https:\/\/hostelpekarna.eu\/sl\/izjava-o-skladnosti\/","og_locale":"sl_SI","og_type":"article","og_title":"Izjava o skladnosti - Hostel Pekarna","og_description":"IZJAVA O DOSTOPNOSTI PO ZDSMA Izjava nazadnje posodobljena 9. aprila 2025 na podlagi samoocene. Javni zavod Mladinski kulturni center Maribor (MKC Maribor) se zavezuje omogo\u010dati dostopnost spletne strani Hostla Pekarna na spleti\u0161\u010du hostelpekarna.eu v skladu z Zakonom o dostopnosti spleti\u0161\u010d in mobilnih aplikacij (Uradni list RS, \u0161t. 30\/18, 95\/21 \u2013 ZinfV-A, 189\/21 \u2013 ZDU-1M, 18\/23-ZDU-1O) [&hellip;]","og_url":"https:\/\/hostelpekarna.eu\/sl\/izjava-o-skladnosti\/","og_site_name":"Hostel Pekarna","article_modified_time":"2025-04-09T13:08:44+00:00","twitter_card":"summary_large_image","twitter_misc":{"Est. reading time":"3 minute"},"schema":{"@context":"https:\/\/schema.org","@graph":[{"@type":"WebPage","@id":"https:\/\/hostelpekarna.eu\/izjava-o-skladnosti\/","url":"https:\/\/hostelpekarna.eu\/izjava-o-skladnosti\/","name":"Izjava o skladnosti - Hostel Pekarna","isPartOf":{"@id":"https:\/\/hostelpekarna.eu\/#website"},"datePublished":"2023-09-25T11:55:41+00:00","dateModified":"2025-04-09T13:08:44+00:00","breadcrumb":{"@id":"https:\/\/hostelpekarna.eu\/izjava-o-skladnosti\/#breadcrumb"},"inLanguage":"sl-SI","potentialAction":[{"@type":"ReadAction","target":["https:\/\/hostelpekarna.eu\/izjava-o-skladnosti\/"]}]},{"@type":"BreadcrumbList","@id":"https:\/\/hostelpekarna.eu\/izjava-o-skladnosti\/#breadcrumb","itemListElement":[{"@type":"ListItem","position":1,"name":"Home","item":"https:\/\/hostelpekarna.eu\/"},{"@type":"ListItem","position":2,"name":"Izjava o skladnosti"}]},{"@type":"WebSite","@id":"https:\/\/hostelpekarna.eu\/#website","url":"https:\/\/hostelpekarna.eu\/","name":"Hostel Pekarna","description":"","publisher":{"@id":"https:\/\/hostelpekarna.eu\/#organization"},"potentialAction":[{"@type":"SearchAction","target":{"@type":"EntryPoint","urlTemplate":"https:\/\/hostelpekarna.eu\/?s={search_term_string}"},"query-input":{"@type":"PropertyValueSpecification","valueRequired":true,"valueName":"search_term_string"}}],"inLanguage":"sl-SI"},{"@type":"Organization","@id":"https:\/\/hostelpekarna.eu\/#organization","name":"Hostel Pekarna","url":"https:\/\/hostelpekarna.eu\/","logo":{"@type":"ImageObject","inLanguage":"sl-SI","@id":"https:\/\/hostelpekarna.eu\/#\/schema\/logo\/image\/","url":"https:\/\/hostelpekarna.eu\/wp-content\/uploads\/2023\/07\/hostel_pekarna_maribor_slovenia_logo.png","contentUrl":"https:\/\/hostelpekarna.eu\/wp-content\/uploads\/2023\/07\/hostel_pekarna_maribor_slovenia_logo.png","width":1644,"height":859,"caption":"Hostel Pekarna"},"image":{"@id":"https:\/\/hostelpekarna.eu\/#\/schema\/logo\/image\/"}}]}},"_links":{"self":[{"href":"https:\/\/hostelpekarna.eu\/sl\/wp-json\/wp\/v2\/pages\/529","targetHints":{"allow":["GET"]}}],"collection":[{"href":"https:\/\/hostelpekarna.eu\/sl\/wp-json\/wp\/v2\/pages"}],"about":[{"href":"https:\/\/hostelpekarna.eu\/sl\/wp-json\/wp\/v2\/types\/page"}],"author":[{"embeddable":true,"href":"https:\/\/hostelpekarna.eu\/sl\/wp-json\/wp\/v2\/users\/1"}],"replies":[{"embeddable":true,"href":"https:\/\/hostelpekarna.eu\/sl\/wp-json\/wp\/v2\/comments?post=529"}],"version-history":[{"count":20,"href":"https:\/\/hostelpekarna.eu\/sl\/wp-json\/wp\/v2\/pages\/529\/revisions"}],"predecessor-version":[{"id":2388,"href":"https:\/\/hostelpekarna.eu\/sl\/wp-json\/wp\/v2\/pages\/529\/revisions\/2388"}],"wp:attachment":[{"href":"https:\/\/hostelpekarna.eu\/sl\/wp-json\/wp\/v2\/media?parent=529"}],"curies":[{"name":"wp","href":"https:\/\/api.w.org\/{rel}","templated":true}]}}