{"id":527,"date":"2023-09-25T11:55:08","date_gmt":"2023-09-25T11:55:08","guid":{"rendered":"https:\/\/hostelpekarna.eu?page_id=527"},"modified":"2023-11-25T11:09:06","modified_gmt":"2023-11-25T10:09:06","slug":"hisni-red","status":"publish","type":"page","link":"https:\/\/hostelpekarna.eu\/sl\/hisni-red\/","title":{"rendered":"Hi\u0161ni red"},"content":{"rendered":"\t\t<div data-elementor-type=\"wp-page\" data-elementor-id=\"527\" class=\"elementor elementor-527\" data-elementor-post-type=\"page\">\n\t\t\t\t\t\t<section class=\"elementor-section elementor-top-section elementor-element elementor-element-37fdc31f elementor-section-boxed elementor-section-height-default elementor-section-height-default\" data-id=\"37fdc31f\" data-element_type=\"section\" data-e-type=\"section\">\n\t\t\t\t\t\t<div class=\"elementor-container elementor-column-gap-default\">\n\t\t\t\t\t<div class=\"elementor-column elementor-col-100 elementor-top-column elementor-element elementor-element-2aa657cf\" data-id=\"2aa657cf\" data-element_type=\"column\" data-e-type=\"column\">\n\t\t\t<div class=\"elementor-widget-wrap elementor-element-populated\">\n\t\t\t\t\t\t<div class=\"elementor-element elementor-element-33bcdefb elementor-widget-divider--view-line elementor-widget elementor-widget-divider\" data-id=\"33bcdefb\" data-element_type=\"widget\" data-e-type=\"widget\" data-widget_type=\"divider.default\">\n\t\t\t\t<div class=\"elementor-widget-container\">\n\t\t\t\t\t\t\t<div class=\"elementor-divider\">\n\t\t\t<span class=\"elementor-divider-separator\">\n\t\t\t\t\t\t<\/span>\n\t\t<\/div>\n\t\t\t\t\t\t<\/div>\n\t\t\t\t<\/div>\n\t\t\t\t\t<\/div>\n\t\t<\/div>\n\t\t\t\t\t<\/div>\n\t\t<\/section>\n\t\t\t\t<section class=\"elementor-section elementor-top-section elementor-element elementor-element-70c3250c elementor-section-boxed elementor-section-height-default elementor-section-height-default\" data-id=\"70c3250c\" data-element_type=\"section\" data-e-type=\"section\">\n\t\t\t\t\t\t<div class=\"elementor-container elementor-column-gap-default\">\n\t\t\t\t\t<div class=\"elementor-column elementor-col-100 elementor-top-column elementor-element elementor-element-5cf89b86\" data-id=\"5cf89b86\" data-element_type=\"column\" data-e-type=\"column\">\n\t\t\t<div class=\"elementor-widget-wrap elementor-element-populated\">\n\t\t\t\t\t\t<div class=\"elementor-element elementor-element-65f8cfd elementor-widget elementor-widget-text-editor\" data-id=\"65f8cfd\" data-element_type=\"widget\" data-e-type=\"widget\" data-widget_type=\"text-editor.default\">\n\t\t\t\t<div class=\"elementor-widget-container\">\n\t\t\t\t\t\t\t\t\t<p>Na podlagi Odloka o ustanovitvi javnega zavoda Mladinski kulturni center Maribor (Medob\u010dinski uradni vestnik, 2012, \u0161t. 16) direktorica javnega zavoda sprejema naslednji<\/p><h5>HI\u0160NI RED HOSTLA PEKARNA<\/h5><ol><li><strong>Splo\u0161ne dolo\u010dbe<\/strong><\/li><\/ol><p>\u00a0<\/p><p><u>1. \u010dlen<\/u><\/p><p>Lastnik prostora je Mestna ob\u010dina Maribor, s prostorom upravlja Mladinski kulturni center Maribor. Skrbnica prostora s strani Mladinskega kulturnega centra je vodja hostla.<\/p><p>S tem hi\u0161nim redom se opredelijo nemotena uporaba prostora, red, varnost in \u010disto\u010da v Hostlu Pekarna, na naslovu Ob \u017eeleznici 16, Maribor (v nadaljevanju: prostor), ter dolo\u010dene pravice in obveznosti uporabnikov prostora.<\/p><p>\u00a0<\/p><p><u>2. \u010dlen<\/u><\/p><p>Uporabniki prostora so tisti, ki jim je omogo\u010deno kori\u0161\u010denje prostorskih (npr. sobe, jedilnica, predavalnice \u2026), materialnih (npr. stoli, mize \u2026) in tehni\u010dnih (npr. ra\u010dunalniki, projektor \u2026) kapacitet prostora, ne glede na obliko sodelovanja (npr. zaposleni javnega zavoda, gostje \u2026).<\/p><p>Zasedenost prostora, materialnih in tehni\u010dnih kapacitet prostora koordinirajo zaposleni v hostlu; zasedenost sob, predavalnic in skupnih prostorov preko programske opreme na receptorskem ra\u010dunalniku, zasedenost in izposojo materialnih in tehni\u010dnih kapacitet v internih dokumentih in s podpisanimi reverzi.<\/p><p>Zunanji izvajalci lahko prostor za izvajanje lastnih aktivnosti najamejo le ob predhodno podpisanem dogovoru o uporabi prostora.<\/p><p>\u00a0<\/p><p><u>3. \u010dlen<\/u><\/p><p>Uporabniki so dol\u017eni uporabljati prostore, materialne in tehni\u010dne kapacitete prostora tako, da jih ne po\u0161kodujejo in da ne ovirajo drugih uporabnikov. Materialne in tehni\u010dne kapacitete prostora je prepovedano odna\u0161ati iz prostora brez predhodnega soglasja zaposlenih v Hostlu Pekarna in podpisanega reverza.<\/p><p>Uporabnik mora z opremo ravnati kot dober gospodar.<\/p><p>V primeru malomarnega ravnanja s prostorom ter z materialnimi in tehni\u010dnimi kapacitetami prostora s strani uporabnika oz. udele\u017eencev aktivnosti uporabnika, ki povzro\u010dijo \u0161kodo, je uporabnik dol\u017ean poravnati stro\u0161ek popravila oz. nakupa nove opreme.<\/p><p>Zaposleni v hostlu so poobla\u0161\u010deni za izvajanje in upo\u0161tevanja hi\u0161nega reda. V primeru neupo\u0161tevanja hi\u0161nega reda se proti kr\u0161itelju izvajajo naslednji ukrepi:<\/p><ul><li>za\u010dasna ali trajna prepoved uporabe prostora,<\/li><li>odstranitev iz prostora,<\/li><li>zahteva za povra\u010dilo povzro\u010dene \u0161kode,<\/li><li>pokli\u010de se policijo.<br \/><br \/><\/li><\/ul><p>Poleg zaposlenih v hostlu so za preverjanje izvajanja hi\u0161nega reda poobla\u0161\u010deni tudi predstavniki lastnika prostora (Mestna ob\u010dina Maribor), odgovorna oseba javnega zavoda ter poobla\u0161\u010dena varnostna slu\u017eba. Navedeni imajo pravico, da v vsakem trenutku, tudi brez dovoljenja uporabnika, preverijo upo\u0161tevanje hi\u0161nega reda kjerkoli v prostorih hostla.<\/p><p>Znesek \u0161kode ugotovi javni zavod v okviru dejanskih stro\u0161kov za odpravo \u0161kode.<\/p><p>Uporabniki pu\u0161\u010dajo svoje osebne predmete v prostoru na lastno odgovornost, Mladinski kulturni center Maribor zanje ni odgovoren.<\/p><p>V skladu s Pravilnikom o videonadzoru so za potrebe zagotavljanja varovanja premo\u017eenja in ljudi v objektu ter zunaj njega name\u0161\u010dene kamere.<\/p><p>\u00a0<\/p><p><u>4. \u010dlen<\/u><\/p><p>Uporabniki so dol\u017eni o ugotovljenih okvarah ali pomanjkljivostih nemudoma obvestiti zaposlene v Hostlu Pekarna.<\/p><p>\u00a0<\/p><ol start=\"2\"><li><strong>Urejenost, \u010disto\u010da, red in mir<\/strong><\/li><\/ol><p>\u00a0<\/p><p><u>5. \u010dlen<\/u><\/p><p>Urejenost pomeni, da:<\/p><ul><li>so sobe, predavalnice, skupni prostori, kolesarnica in okolica pospravljeni,<\/li><li>so stene vzdr\u017eevane,<\/li><li>so okna ter \u017ealuzije vzdr\u017eevane,<\/li><li>so elektro naprave v skladu z veljavnimi normativi,<\/li><li>je pralnica s strani\u0161\u010dem vzdr\u017eevana in redno \u010di\u0161\u010dena.<br \/><br \/><\/li><\/ul><p>\u010cisto\u010da pomeni, da so sobe, predavalnice, skupni prostori, kolesarnica ter okolica prostora o\u010di\u0161\u010deni. Skrbnica prostora je dol\u017ena zagotoviti lo\u010deno zbiranje odpadkov.<\/p><p>Red pomeni, da uporabniki upo\u0161tevajo hi\u0161ni red in se po njem ravnajo.<\/p><p>Mir pomeni, da uporabniki zagotavljajo tako rabo prostora, da ne motijo drugih uporabnikov ter da v skladu z Uredbo o mejnih vrednostih kazalcev hrupa v okolju ne presegajo mejnih vrednosti hrupa.<\/p><p>Uporaba naprav z motorji na notranje izgorevanje, vrtalnih in brusilnih strojev, kladiv, \u017eag ter izvajanje drugih hrupnih opravil, ki povzro\u010dajo v okolju visoke ravni hrupa, je dovoljena med ponedeljkom in soboto med 8.00 in 19.00. Uporaba omenjenih naprav in izvajanje opravil sta prepovedana tudi na praznike, \u010de je dela prost dan.<\/p><p>\u00a0<\/p><p><u>6. \u010dlen<\/u><\/p><p>Za vzdr\u017eevanje urejenosti in \u010disto\u010de so dol\u017eni skrbeti uporabniki in skrbnica prostora. Skrbnica prostora organizira redna \u010di\u0161\u010denja, ki jih izvede zaposlena \u010distilka javnega zavoda ali zunanja pomo\u010d.<\/p><p>V okolici prostora se cigaretni ogorki ne me\u010dejo na tla.<\/p><p>\u00a0<\/p><p><u>7. \u010dlen<\/u><\/p><p>Za zagotovitev urejenosti, reda, miru in \u010disto\u010de ni dovoljeno:<\/p><ul><li>spreminjati zunanjega izgleda stavbe, vrtati v fasado brez soglasja Mladinskega kulturnega centra Maribor, lastnika prostora in pristojnih organov,<\/li><li>izvajati prezidave ali spremembe instalacij v prostoru brez soglasja Mladinskega kulturnega centra Maribor ter lastnika prostora,<\/li><li>v prostoru opravljati dejavnosti, ki povzro\u010dajo smrad,<\/li><li>povzro\u010dati prekomernega hrupa, kri\u010dati ali predvajati glasbe v prostoru ali okolici,<\/li><li>samovoljno zapirati skupnih prostorov ali kako druga\u010de ovirati dostopa do njih,<\/li><li>postavljati anten ali drugih radioveznih naprav,<\/li><li>postavljati na okenske police nezavarovanih predmetov, ki dopu\u0161\u010dajo iztok vode ob de\u017eevju ali zalivanju, ali drugih premi\u010dnih predmetov, ki lahko ob padcu po\u0161kodujejo mimoido\u010de,<\/li><li>prekomerno tro\u0161iti elektri\u010dne energije ali vode v skupnih prostorih ter priklju\u010devati dodatnih porabnikov elektri\u010dne energije na \u0161tevce skupne porabe,<\/li><li>shranjevati koles in otro\u0161kih vozi\u010dkov na mestih, ki za to niso dolo\u010dena,<\/li><li>shranjevati koles tako, da se jih nasloni na stene prostora,<\/li><li>pisati po zidovih ali jih kako druga\u010de po\u0161kodovati,<\/li><li>metati odpadkov v odtoke,<\/li><li>v prostoru hraniti ali uporabljati vnetljivih teko\u010din ter snovi, ki so strupene ali druga\u010de nevarne.<\/li><\/ul><p>\u00a0<\/p><ol start=\"3\"><li><strong>Recepcija hostla<\/strong><\/li><\/ol><p>\u00a0<\/p><p><span style=\"text-decoration: underline;\">8. \u010dlen<\/span><\/p><p>Obratovalni \u010das recepcije: od ponedeljka do nedelje med 8. in 21. uro. Delovni \u010das recepcije se lahko spremeni s sklepom direktorice.<\/p><p>\u00a0<\/p><ol start=\"4\"><li>Uporaba sob v hostlu<\/li><\/ol><p>\u00a0<\/p><p><span style=\"text-decoration: underline;\"><span style=\"text-decoration: underline;\">9. <\/span>\u010dlen<\/span><\/p><p>Pri odhodu skupine ali posameznika se pregledajo uporabljene sobe. \u010ce so sobe zelo umazane ali pa se je v njih kadilo, se lahko zara\u010duna dodatno \u010di\u0161\u010denje po veljavnem ceniku hostla Pekarna.<\/p><p>Vsak dan v tednu je od 22.00 zve\u010der do 7.00 zjutraj zahtevan no\u010dni mir.<\/p><p>Stvari, ki jih gostje pozabijo v sobah, se hranijo 30 dni, nato pa se jih zavr\u017ee ali preda v uporabo lokalnim dobrodelnim\/humanitarnim\/ekolo\u0161kim organizacijam, odvisno od same stvari.<\/p><p>\u00a0<\/p><ol start=\"5\"><li><strong>Skupni prostori<\/strong><\/li><\/ol><p>\u00a0<\/p><p>Skupni prostori hostla (jedilnica, kuhinja in dnevni prostor) so odprti med 8.00 in 20.30.<\/p><p>Kuhinja, jedilnica in dnevni prostor so namenjeni samo gostom hostla Pekarna. Po vsaki uporabi kuhinje in jedilnice morajo uporabniki o\u010distiti posodo in delovne povr\u0161ine ter za seboj pospraviti mize. Po uporabi dnevnega prostora morajo pospraviti za seboj izposojene knjige, igra\u010de ali dru\u017eabne igre.<\/p><p>Gostom hostla sta na voljo dva hladilnika. Eden se nahaja v skupni kuhinji, drugi na hodniku v 2. nadstropju. Hrano, ki jo shranijo v hladilnika, ozna\u010dijo s svojim imenom in datumom odhoda. Vsa neozna\u010dena \u017eivila in \u017eivila s prete\u010denim rokom uporabe bodo zavr\u017eena.<\/p><p>Prepovedano je odna\u0161anje in premikanje inventarja v sobah ter skupnih prostorih Hostla Pekarna.<\/p><p>Bivanje in uporaba<\/p><ul><li>Prosimo, da ne po\u0161kodujete ali odstranjujete predmetov, ki so namenjeni nastanitvi in bivanju gostov v Hostlu Pekarna. V nasprotnem primeru se zara\u010duna stro\u0161ek po\u0161kodbe oz. odstranitve po veljavnem ceniku Hostla Pekarna.<\/li><li>Prepovedano je spreminjanje prostorske postavitve v sobah.<\/li><li>Uporaba spalne vre\u010de je strogo prepovedana.<\/li><li>Vsak gost dobi za uporabo v Hostlu Pekarna brezpla\u010dno posteljnino in brisa\u010do. Brezpla\u010dna zamenjava brisa\u010de je po treh dneh, brezpla\u010dna zamenjava posteljnine je po 14 dneh. Pred\u010dasno lahko posteljnino in brisa\u010do menjate proti dopla\u010dilu po veljavnem ceniku Hostla Pekarna.<\/li><li>Sobe se med va\u0161im bivanjem v Hostlu Pekarna \u010distijo enkrat na teden. Prosimo vas, da med tem \u010dasom za \u010disto\u010do v sobah poskrbite sami.<\/li><li>Iz varnostnih razlogov je prepovedano nagibanje skozi okna ali naslanjanje na ograje balkonov. Okna se smejo uporabljati le za zra\u010denje prostorov. Okenske police se ne smejo uporabljati za sedenje, prav tako je prepovedano kri\u010danje in metanje predmetov in odpadkov skozi okno.<\/li><li>Delavci na recepciji Hostla Pekarna so poobla\u0161\u010deni za izvajanje upo\u0161tevanja hi\u0161nega reda in imajo pravico do izvajanja navedenih ukrepov v prostorih Hostla Pekarna.<\/li><li>V primeru neupo\u0161tevanja hi\u0161nega reda se proti kr\u0161itelju izvajajo naslednji ukrepi:<ul><li>za\u010dasna ali trajna prepoved vstopa v prostore Hostla Pekarna,<\/li><li>odstranitev iz prostorov Hostla Pekarna,<\/li><li>zahteva za povra\u010dilo povzro\u010dene \u0161kode in izgube prihodka zaradi storjene \u0161kode,<\/li><li>pokli\u010de se policijo.<\/li><\/ul><\/li><li>Znesek \u0161kode ugotovi gostitelj v okviru dejanskih stro\u0161kov za odpravo \u0161kode. Stro\u0161ki se poravnajo neposredno v Hostlu Pekarna. Izjeme so dovoljene le po dogovoru z vodstvom zavoda. V primeru, da se gost s tem ne strinja, se \u0161koda ugotavlja po redni pravni poti, za katero je pristojno stvarno sodi\u0161\u010de v Mariboru.<br \/><br \/><\/li><\/ul><p>Pomembno<\/p><ul><li>Prepovedano je neprimerno in nespo\u0161tljivo vedenje do osebja in ostalih gostov hotela! V nasprotnem primeru bomo obvestili policijo.<br \/><br \/><\/li><\/ul><p><u>10. \u010dlen<br \/><\/u><\/p><ul><li>V primeru po\u017earnega alarma je treba nemudoma zapustiti prostor po na\u010drtu, izobe\u0161enem v prostoru. Po\u017earni red in oznake za izhod so jasno ozna\u010dene in izobe\u0161ene v prostoru. V primeru po\u017earnega alarma nemudoma zapustite sobe in objekt skozi zasilne izhode. Zasilni izhodi so prav tako primerno ozna\u010deni po celotnem objektu. Zbirno po\u017earno mesto se nahaja na parkiri\u0161\u010du Hostela Pekarna. Po\u017earni red in oznake zasilnih izhodov so izobe\u0161eni v sobah in skupnih prostorih Hostla Pekarna.<br \/><br \/><\/li><\/ul><p>Vsi uporabniki prostora so se dol\u017eni informirati o lokacijah gasilnih aparatov.<\/p><p>\u00a0<\/p><p><u>11. \u010dlen<\/u><\/p><p>Hostel Pekarna je odprt po delovnem \u010dasu, to je od ponedeljka do nedelje med 8.00 in 21.00 oz. druga\u010de zaradi aktivnosti. \u010ce se delovni \u010das spremeni, se sprememba objavi na spletni strani Hostla Pekarna in\/ali dru\u017ebenih omre\u017ejih ter na vhodnih vratih.<\/p><p>\u00a0<\/p><ol start=\"6\"><li><strong>Ravnanje ob naravnih in drugih hudih nesre\u010dah ter vojni<\/strong><\/li><\/ol><p>\u00a0<\/p><p><u>12. \u010dlen<\/u><\/p><p>Gostje Hostla Pekarna se morajo o naravnih in drugih nesre\u010dah in v vojni ravnati po navodilih pristojnih organov.<\/p><p>\u00a0<\/p><ol start=\"7\"><li><strong>Prehodne in kon\u010dne dolo\u010dbe<\/strong><\/li><\/ol><p>\u00a0<\/p><p><u>13. \u010dlen<\/u><\/p><p>Za kr\u0161itve hi\u0161nega reda se uporabljajo sankcije, predvidene s Stvarnopravnim zakonikom in drugimi veljavnimi predpisi in akti.<\/p><p>Hi\u0161ni red je javno objavljen na spletni strani Hostla Pekarna ter na recepciji Hostla Pekarna.<\/p><p>Gostje Hostla Pekarna so dol\u017eni ravnati v skladu s hi\u0161nim redom.<\/p><p>\u00a0<\/p><p>\u0160tevilka: 221-01\/2023<\/p><p>Maribor, 20. 11. 2023<\/p><p>\u00a0<\/p><p>Mladinski kulturni center Maribor<br \/>Marja Gu\u010dek, direktorica<\/p><p>\u00a0<\/p>\t\t\t\t\t\t\t\t<\/div>\n\t\t\t\t<\/div>\n\t\t\t\t\t<\/div>\n\t\t<\/div>\n\t\t\t\t\t<\/div>\n\t\t<\/section>\n\t\t\t\t<\/div>\n\t\t","protected":false},"excerpt":{"rendered":"<p>Na podlagi Odloka o ustanovitvi javnega zavoda Mladinski kulturni center Maribor (Medob\u010dinski uradni vestnik, 2012, \u0161t. 16) direktorica javnega zavoda sprejema naslednji HI\u0160NI RED HOSTLA PEKARNA Splo\u0161ne dolo\u010dbe \u00a0 1. \u010dlen Lastnik prostora je Mestna ob\u010dina Maribor, s prostorom upravlja Mladinski kulturni center Maribor. Skrbnica prostora s strani Mladinskega kulturnega centra je vodja hostla. S [&hellip;]<\/p>\n","protected":false},"author":1,"featured_media":0,"parent":0,"menu_order":0,"comment_status":"closed","ping_status":"closed","template":"elementor_header_footer","meta":{"footnotes":""},"class_list":["post-527","page","type-page","status-publish","hentry"],"yoast_head":"<!-- This site is optimized with the Yoast SEO plugin v27.4 - https:\/\/yoast.com\/product\/yoast-seo-wordpress\/ -->\n<title>Hi\u0161ni red - Hostel Pekarna<\/title>\n<meta name=\"robots\" content=\"index, follow, max-snippet:-1, max-image-preview:large, max-video-preview:-1\" \/>\n<link rel=\"canonical\" href=\"https:\/\/hostelpekarna.eu\/sl\/hisni-red\/\" \/>\n<meta property=\"og:locale\" content=\"sl_SI\" \/>\n<meta property=\"og:type\" content=\"article\" \/>\n<meta property=\"og:title\" content=\"Hi\u0161ni red - Hostel Pekarna\" \/>\n<meta property=\"og:description\" content=\"Na podlagi Odloka o ustanovitvi javnega zavoda Mladinski kulturni center Maribor (Medob\u010dinski uradni vestnik, 2012, \u0161t. 16) direktorica javnega zavoda sprejema naslednji HI\u0160NI RED HOSTLA PEKARNA Splo\u0161ne dolo\u010dbe \u00a0 1. \u010dlen Lastnik prostora je Mestna ob\u010dina Maribor, s prostorom upravlja Mladinski kulturni center Maribor. Skrbnica prostora s strani Mladinskega kulturnega centra je vodja hostla. S [&hellip;]\" \/>\n<meta property=\"og:url\" content=\"https:\/\/hostelpekarna.eu\/sl\/hisni-red\/\" \/>\n<meta property=\"og:site_name\" content=\"Hostel Pekarna\" \/>\n<meta property=\"article:modified_time\" content=\"2023-11-25T10:09:06+00:00\" \/>\n<meta name=\"twitter:card\" content=\"summary_large_image\" \/>\n<meta name=\"twitter:label1\" content=\"Est. reading time\" \/>\n\t<meta name=\"twitter:data1\" content=\"9 minut\" \/>\n<script type=\"application\/ld+json\" class=\"yoast-schema-graph\">{\"@context\":\"https:\\\/\\\/schema.org\",\"@graph\":[{\"@type\":\"WebPage\",\"@id\":\"https:\\\/\\\/hostelpekarna.eu\\\/hisni-red\\\/\",\"url\":\"https:\\\/\\\/hostelpekarna.eu\\\/hisni-red\\\/\",\"name\":\"Hi\u0161ni red - Hostel Pekarna\",\"isPartOf\":{\"@id\":\"https:\\\/\\\/hostelpekarna.eu\\\/#website\"},\"datePublished\":\"2023-09-25T11:55:08+00:00\",\"dateModified\":\"2023-11-25T10:09:06+00:00\",\"breadcrumb\":{\"@id\":\"https:\\\/\\\/hostelpekarna.eu\\\/hisni-red\\\/#breadcrumb\"},\"inLanguage\":\"sl-SI\",\"potentialAction\":[{\"@type\":\"ReadAction\",\"target\":[\"https:\\\/\\\/hostelpekarna.eu\\\/hisni-red\\\/\"]}]},{\"@type\":\"BreadcrumbList\",\"@id\":\"https:\\\/\\\/hostelpekarna.eu\\\/hisni-red\\\/#breadcrumb\",\"itemListElement\":[{\"@type\":\"ListItem\",\"position\":1,\"name\":\"Home\",\"item\":\"https:\\\/\\\/hostelpekarna.eu\\\/\"},{\"@type\":\"ListItem\",\"position\":2,\"name\":\"Hi\u0161ni red\"}]},{\"@type\":\"WebSite\",\"@id\":\"https:\\\/\\\/hostelpekarna.eu\\\/#website\",\"url\":\"https:\\\/\\\/hostelpekarna.eu\\\/\",\"name\":\"Hostel Pekarna\",\"description\":\"\",\"publisher\":{\"@id\":\"https:\\\/\\\/hostelpekarna.eu\\\/#organization\"},\"potentialAction\":[{\"@type\":\"SearchAction\",\"target\":{\"@type\":\"EntryPoint\",\"urlTemplate\":\"https:\\\/\\\/hostelpekarna.eu\\\/?s={search_term_string}\"},\"query-input\":{\"@type\":\"PropertyValueSpecification\",\"valueRequired\":true,\"valueName\":\"search_term_string\"}}],\"inLanguage\":\"sl-SI\"},{\"@type\":\"Organization\",\"@id\":\"https:\\\/\\\/hostelpekarna.eu\\\/#organization\",\"name\":\"Hostel Pekarna\",\"url\":\"https:\\\/\\\/hostelpekarna.eu\\\/\",\"logo\":{\"@type\":\"ImageObject\",\"inLanguage\":\"sl-SI\",\"@id\":\"https:\\\/\\\/hostelpekarna.eu\\\/#\\\/schema\\\/logo\\\/image\\\/\",\"url\":\"https:\\\/\\\/hostelpekarna.eu\\\/wp-content\\\/uploads\\\/2023\\\/07\\\/hostel_pekarna_maribor_slovenia_logo.png\",\"contentUrl\":\"https:\\\/\\\/hostelpekarna.eu\\\/wp-content\\\/uploads\\\/2023\\\/07\\\/hostel_pekarna_maribor_slovenia_logo.png\",\"width\":1644,\"height\":859,\"caption\":\"Hostel Pekarna\"},\"image\":{\"@id\":\"https:\\\/\\\/hostelpekarna.eu\\\/#\\\/schema\\\/logo\\\/image\\\/\"}}]}<\/script>\n<!-- \/ Yoast SEO plugin. -->","yoast_head_json":{"title":"Hi\u0161ni red - Hostel Pekarna","robots":{"index":"index","follow":"follow","max-snippet":"max-snippet:-1","max-image-preview":"max-image-preview:large","max-video-preview":"max-video-preview:-1"},"canonical":"https:\/\/hostelpekarna.eu\/sl\/hisni-red\/","og_locale":"sl_SI","og_type":"article","og_title":"Hi\u0161ni red - Hostel Pekarna","og_description":"Na podlagi Odloka o ustanovitvi javnega zavoda Mladinski kulturni center Maribor (Medob\u010dinski uradni vestnik, 2012, \u0161t. 16) direktorica javnega zavoda sprejema naslednji HI\u0160NI RED HOSTLA PEKARNA Splo\u0161ne dolo\u010dbe \u00a0 1. \u010dlen Lastnik prostora je Mestna ob\u010dina Maribor, s prostorom upravlja Mladinski kulturni center Maribor. Skrbnica prostora s strani Mladinskega kulturnega centra je vodja hostla. S [&hellip;]","og_url":"https:\/\/hostelpekarna.eu\/sl\/hisni-red\/","og_site_name":"Hostel Pekarna","article_modified_time":"2023-11-25T10:09:06+00:00","twitter_card":"summary_large_image","twitter_misc":{"Est. reading time":"9 minut"},"schema":{"@context":"https:\/\/schema.org","@graph":[{"@type":"WebPage","@id":"https:\/\/hostelpekarna.eu\/hisni-red\/","url":"https:\/\/hostelpekarna.eu\/hisni-red\/","name":"Hi\u0161ni red - Hostel Pekarna","isPartOf":{"@id":"https:\/\/hostelpekarna.eu\/#website"},"datePublished":"2023-09-25T11:55:08+00:00","dateModified":"2023-11-25T10:09:06+00:00","breadcrumb":{"@id":"https:\/\/hostelpekarna.eu\/hisni-red\/#breadcrumb"},"inLanguage":"sl-SI","potentialAction":[{"@type":"ReadAction","target":["https:\/\/hostelpekarna.eu\/hisni-red\/"]}]},{"@type":"BreadcrumbList","@id":"https:\/\/hostelpekarna.eu\/hisni-red\/#breadcrumb","itemListElement":[{"@type":"ListItem","position":1,"name":"Home","item":"https:\/\/hostelpekarna.eu\/"},{"@type":"ListItem","position":2,"name":"Hi\u0161ni red"}]},{"@type":"WebSite","@id":"https:\/\/hostelpekarna.eu\/#website","url":"https:\/\/hostelpekarna.eu\/","name":"Hostel Pekarna","description":"","publisher":{"@id":"https:\/\/hostelpekarna.eu\/#organization"},"potentialAction":[{"@type":"SearchAction","target":{"@type":"EntryPoint","urlTemplate":"https:\/\/hostelpekarna.eu\/?s={search_term_string}"},"query-input":{"@type":"PropertyValueSpecification","valueRequired":true,"valueName":"search_term_string"}}],"inLanguage":"sl-SI"},{"@type":"Organization","@id":"https:\/\/hostelpekarna.eu\/#organization","name":"Hostel Pekarna","url":"https:\/\/hostelpekarna.eu\/","logo":{"@type":"ImageObject","inLanguage":"sl-SI","@id":"https:\/\/hostelpekarna.eu\/#\/schema\/logo\/image\/","url":"https:\/\/hostelpekarna.eu\/wp-content\/uploads\/2023\/07\/hostel_pekarna_maribor_slovenia_logo.png","contentUrl":"https:\/\/hostelpekarna.eu\/wp-content\/uploads\/2023\/07\/hostel_pekarna_maribor_slovenia_logo.png","width":1644,"height":859,"caption":"Hostel Pekarna"},"image":{"@id":"https:\/\/hostelpekarna.eu\/#\/schema\/logo\/image\/"}}]}},"_links":{"self":[{"href":"https:\/\/hostelpekarna.eu\/sl\/wp-json\/wp\/v2\/pages\/527","targetHints":{"allow":["GET"]}}],"collection":[{"href":"https:\/\/hostelpekarna.eu\/sl\/wp-json\/wp\/v2\/pages"}],"about":[{"href":"https:\/\/hostelpekarna.eu\/sl\/wp-json\/wp\/v2\/types\/page"}],"author":[{"embeddable":true,"href":"https:\/\/hostelpekarna.eu\/sl\/wp-json\/wp\/v2\/users\/1"}],"replies":[{"embeddable":true,"href":"https:\/\/hostelpekarna.eu\/sl\/wp-json\/wp\/v2\/comments?post=527"}],"version-history":[{"count":4,"href":"https:\/\/hostelpekarna.eu\/sl\/wp-json\/wp\/v2\/pages\/527\/revisions"}],"predecessor-version":[{"id":2121,"href":"https:\/\/hostelpekarna.eu\/sl\/wp-json\/wp\/v2\/pages\/527\/revisions\/2121"}],"wp:attachment":[{"href":"https:\/\/hostelpekarna.eu\/sl\/wp-json\/wp\/v2\/media?parent=527"}],"curies":[{"name":"wp","href":"https:\/\/api.w.org\/{rel}","templated":true}]}}