{"id":1654,"date":"2023-11-07T06:48:21","date_gmt":"2023-11-07T06:48:21","guid":{"rendered":"https:\/\/hostelpekarna.eu?page_id=1654"},"modified":"2023-11-17T13:26:54","modified_gmt":"2023-11-17T12:26:54","slug":"o-hostlu","status":"publish","type":"page","link":"https:\/\/hostelpekarna.eu\/sl\/o-hostlu\/","title":{"rendered":"O hostlu"},"content":{"rendered":"\t\t<div data-elementor-type=\"wp-page\" data-elementor-id=\"1654\" class=\"elementor elementor-1654\" data-elementor-post-type=\"page\">\n\t\t\t\t\t\t<section class=\"elementor-section elementor-top-section elementor-element elementor-element-e50c851 elementor-section-boxed elementor-section-height-default elementor-section-height-default\" data-id=\"e50c851\" data-element_type=\"section\" data-e-type=\"section\">\n\t\t\t\t\t\t<div class=\"elementor-container elementor-column-gap-default\">\n\t\t\t\t\t<div class=\"elementor-column elementor-col-100 elementor-top-column elementor-element elementor-element-15074cdd\" data-id=\"15074cdd\" data-element_type=\"column\" data-e-type=\"column\">\n\t\t\t<div class=\"elementor-widget-wrap elementor-element-populated\">\n\t\t\t\t\t\t<div class=\"elementor-element elementor-element-23b91812 elementor-widget-divider--view-line elementor-widget elementor-widget-divider\" data-id=\"23b91812\" data-element_type=\"widget\" data-e-type=\"widget\" data-widget_type=\"divider.default\">\n\t\t\t\t<div class=\"elementor-widget-container\">\n\t\t\t\t\t\t\t<div class=\"elementor-divider\">\n\t\t\t<span class=\"elementor-divider-separator\">\n\t\t\t\t\t\t<\/span>\n\t\t<\/div>\n\t\t\t\t\t\t<\/div>\n\t\t\t\t<\/div>\n\t\t\t\t\t<\/div>\n\t\t<\/div>\n\t\t\t\t\t<\/div>\n\t\t<\/section>\n\t\t\t\t<section class=\"elementor-section elementor-top-section elementor-element elementor-element-47828c1 elementor-section-boxed elementor-section-height-default elementor-section-height-default\" data-id=\"47828c1\" data-element_type=\"section\" data-e-type=\"section\">\n\t\t\t\t\t\t<div class=\"elementor-container elementor-column-gap-default\">\n\t\t\t\t\t<div class=\"elementor-column elementor-col-100 elementor-top-column elementor-element elementor-element-a97a83f\" data-id=\"a97a83f\" data-element_type=\"column\" data-e-type=\"column\">\n\t\t\t<div class=\"elementor-widget-wrap elementor-element-populated\">\n\t\t\t\t\t\t<section class=\"elementor-section elementor-inner-section elementor-element elementor-element-c1cd372 elementor-section-boxed elementor-section-height-default elementor-section-height-default\" data-id=\"c1cd372\" data-element_type=\"section\" data-e-type=\"section\">\n\t\t\t\t\t\t<div class=\"elementor-container elementor-column-gap-default\">\n\t\t\t\t\t<div class=\"elementor-column elementor-col-50 elementor-inner-column elementor-element elementor-element-86d3e6a\" data-id=\"86d3e6a\" data-element_type=\"column\" data-e-type=\"column\">\n\t\t\t<div class=\"elementor-widget-wrap elementor-element-populated\">\n\t\t\t\t\t\t<div class=\"elementor-element elementor-element-cc261b6 elementor-widget elementor-widget-text-editor\" data-id=\"cc261b6\" data-element_type=\"widget\" data-e-type=\"widget\" data-widget_type=\"text-editor.default\">\n\t\t\t\t<div class=\"elementor-widget-container\">\n\t\t\t\t\t\t\t\t\t<p>Hostel Pekarna se nahaja na desnem bregu Drave ob robu Magdalenskega parka ter v neposredni bli\u017eini mestnega jedra.\u00a0Hostel je del Kulturnega centra Pekarna in predstavlja kompleks objektov, ki jih je za potrebe peke kruha za voja\u0161nice na robu mesta na prelomu iz 19. v 20. stoletje zgradila avstro-ogrska vojska.<\/p><p>V sodobno zasnovanem hostlu nudimo namestitev v razli\u010dnih tipih sob. Gostom skupnih sob je na voljo skupna kuhinja, kjer si lahko pripravijo svoje obroke. Ob kuhinji sta velika jedilnica z ra\u010dunalni\u0161kim koti\u010dkom in brezpla\u010dnim dostopom do interneta ter soba za dru\u017eenje, opremljena s televizorjem, mini knji\u017enico in dru\u017eabnimi igrami.<\/p><p>Garsonjere in apartmaji so urejeni kot reziden\u010dni center in razpolagajo z lastno kuhinjo. Nekatere garsonjere imajo tudi lastno teraso.<\/p>\t\t\t\t\t\t\t\t<\/div>\n\t\t\t\t<\/div>\n\t\t\t\t\t<\/div>\n\t\t<\/div>\n\t\t\t\t<div class=\"elementor-column elementor-col-50 elementor-inner-column elementor-element elementor-element-0e34172\" data-id=\"0e34172\" data-element_type=\"column\" data-e-type=\"column\">\n\t\t\t<div class=\"elementor-widget-wrap elementor-element-populated\">\n\t\t\t\t\t\t<div class=\"elementor-element elementor-element-6fc9053 elementor-widget elementor-widget-image\" data-id=\"6fc9053\" data-element_type=\"widget\" data-e-type=\"widget\" data-widget_type=\"image.default\">\n\t\t\t\t<div class=\"elementor-widget-container\">\n\t\t\t\t\t\t\t\t\t\t\t\t\t\t\t<img fetchpriority=\"high\" decoding=\"async\" width=\"800\" height=\"466\" src=\"https:\/\/hostelpekarna.eu\/wp-content\/uploads\/2023\/07\/hostel-ilustracija-1024x596.png\" class=\"attachment-large size-large wp-image-1346\" alt=\"\" srcset=\"https:\/\/hostelpekarna.eu\/wp-content\/uploads\/2023\/07\/hostel-ilustracija-1024x596.png 1024w, https:\/\/hostelpekarna.eu\/wp-content\/uploads\/2023\/07\/hostel-ilustracija-300x175.png 300w, https:\/\/hostelpekarna.eu\/wp-content\/uploads\/2023\/07\/hostel-ilustracija-768x447.png 768w, https:\/\/hostelpekarna.eu\/wp-content\/uploads\/2023\/07\/hostel-ilustracija-1536x894.png 1536w, https:\/\/hostelpekarna.eu\/wp-content\/uploads\/2023\/07\/hostel-ilustracija-2048x1192.png 2048w, https:\/\/hostelpekarna.eu\/wp-content\/uploads\/2023\/07\/hostel-ilustracija-18x10.png 18w\" sizes=\"(max-width: 800px) 100vw, 800px\" \/>\t\t\t\t\t\t\t\t\t\t\t\t\t\t\t<\/div>\n\t\t\t\t<\/div>\n\t\t\t\t\t<\/div>\n\t\t<\/div>\n\t\t\t\t\t<\/div>\n\t\t<\/section>\n\t\t\t\t<div class=\"elementor-element elementor-element-ea8e197 elementor-widget elementor-widget-text-editor\" data-id=\"ea8e197\" data-element_type=\"widget\" data-e-type=\"widget\" data-widget_type=\"text-editor.default\">\n\t\t\t\t<div class=\"elementor-widget-container\">\n\t\t\t\t\t\t\t\t\t<p>Mo\u017een je tudi najem dveh seminarskih sob, ki z razli\u010dno AV-tehnologijo omogo\u010data izvajanje predavanj, kulturnih in mladinskih dejavnosti in konferen\u010dnega turizma. V vseh prostorih je name\u0161\u010dena slu\u0161na induktivna zanka, ki je namenjena uporabnikom slu\u0161nih aparatov (naglu\u0161nim osebam) in jim omogo\u010da udobno in nemoteno poslu\u0161anje.\u00a0<\/p><p>Prostori Hostla Pekarna se nahajajo v drugem in tretjem nadstropju upravne zgradbe Mladinskega kulturnega centra Maribor (MKC Maribor). Zgradba je bila v letih 2010 in 2011 v celoti prenovljena, Hostel Pekarna pa je vrata uradno odprl 21. septembra 2011. Investicijo v mladinsko turisti\u010dno infrastrukturo sta delno financirala Evropska unija iz Evropskega sklada za regionalni razvoj ter Ministrstvo za \u0161olstvo in \u0161port v okviru Operativnega programa krepitve regionalnih razvojnih potencialov za obdobje 2007 do 2013.<\/p>\t\t\t\t\t\t\t\t<\/div>\n\t\t\t\t<\/div>\n\t\t\t\t\t<\/div>\n\t\t<\/div>\n\t\t\t\t\t<\/div>\n\t\t<\/section>\n\t\t\t\t<\/div>\n\t\t","protected":false},"excerpt":{"rendered":"<p>Hostel Pekarna se nahaja na desnem bregu Drave ob robu Magdalenskega parka ter v neposredni bli\u017eini mestnega jedra.\u00a0Hostel je del Kulturnega centra Pekarna in predstavlja kompleks objektov, ki jih je za potrebe peke kruha za voja\u0161nice na robu mesta na prelomu iz 19. v 20. stoletje zgradila avstro-ogrska vojska. V sodobno zasnovanem hostlu nudimo namestitev [&hellip;]<\/p>\n","protected":false},"author":1,"featured_media":0,"parent":0,"menu_order":0,"comment_status":"closed","ping_status":"closed","template":"elementor_header_footer","meta":{"footnotes":""},"class_list":["post-1654","page","type-page","status-publish","hentry"],"yoast_head":"<!-- This site is optimized with the Yoast SEO plugin v27.4 - https:\/\/yoast.com\/product\/yoast-seo-wordpress\/ -->\n<title>O hostlu - Hostel Pekarna<\/title>\n<meta name=\"robots\" content=\"index, follow, max-snippet:-1, max-image-preview:large, max-video-preview:-1\" \/>\n<link rel=\"canonical\" href=\"https:\/\/hostelpekarna.eu\/sl\/o-hostlu\/\" \/>\n<meta property=\"og:locale\" content=\"sl_SI\" \/>\n<meta property=\"og:type\" content=\"article\" \/>\n<meta property=\"og:title\" content=\"O hostlu - Hostel Pekarna\" \/>\n<meta property=\"og:description\" content=\"Hostel Pekarna se nahaja na desnem bregu Drave ob robu Magdalenskega parka ter v neposredni bli\u017eini mestnega jedra.\u00a0Hostel je del Kulturnega centra Pekarna in predstavlja kompleks objektov, ki jih je za potrebe peke kruha za voja\u0161nice na robu mesta na prelomu iz 19. v 20. stoletje zgradila avstro-ogrska vojska. V sodobno zasnovanem hostlu nudimo namestitev [&hellip;]\" \/>\n<meta property=\"og:url\" content=\"https:\/\/hostelpekarna.eu\/sl\/o-hostlu\/\" \/>\n<meta property=\"og:site_name\" content=\"Hostel Pekarna\" \/>\n<meta property=\"article:modified_time\" content=\"2023-11-17T12:26:54+00:00\" \/>\n<meta property=\"og:image\" content=\"https:\/\/hostelpekarna.eu\/wp-content\/uploads\/2023\/07\/hostel-ilustracija-1024x596.png\" \/>\n<meta name=\"twitter:card\" content=\"summary_large_image\" \/>\n<meta name=\"twitter:label1\" content=\"Est. reading time\" \/>\n\t<meta name=\"twitter:data1\" content=\"2 minuti\" \/>\n<script type=\"application\/ld+json\" class=\"yoast-schema-graph\">{\"@context\":\"https:\\\/\\\/schema.org\",\"@graph\":[{\"@type\":\"WebPage\",\"@id\":\"https:\\\/\\\/hostelpekarna.eu\\\/sl\\\/o-hostlu\\\/\",\"url\":\"https:\\\/\\\/hostelpekarna.eu\\\/sl\\\/o-hostlu\\\/\",\"name\":\"O hostlu - Hostel Pekarna\",\"isPartOf\":{\"@id\":\"https:\\\/\\\/hostelpekarna.eu\\\/#website\"},\"primaryImageOfPage\":{\"@id\":\"https:\\\/\\\/hostelpekarna.eu\\\/sl\\\/o-hostlu\\\/#primaryimage\"},\"image\":{\"@id\":\"https:\\\/\\\/hostelpekarna.eu\\\/sl\\\/o-hostlu\\\/#primaryimage\"},\"thumbnailUrl\":\"https:\\\/\\\/hostelpekarna.eu\\\/wp-content\\\/uploads\\\/2023\\\/07\\\/hostel-ilustracija-1024x596.png\",\"datePublished\":\"2023-11-07T06:48:21+00:00\",\"dateModified\":\"2023-11-17T12:26:54+00:00\",\"breadcrumb\":{\"@id\":\"https:\\\/\\\/hostelpekarna.eu\\\/sl\\\/o-hostlu\\\/#breadcrumb\"},\"inLanguage\":\"sl-SI\",\"potentialAction\":[{\"@type\":\"ReadAction\",\"target\":[\"https:\\\/\\\/hostelpekarna.eu\\\/sl\\\/o-hostlu\\\/\"]}]},{\"@type\":\"ImageObject\",\"inLanguage\":\"sl-SI\",\"@id\":\"https:\\\/\\\/hostelpekarna.eu\\\/sl\\\/o-hostlu\\\/#primaryimage\",\"url\":\"https:\\\/\\\/hostelpekarna.eu\\\/wp-content\\\/uploads\\\/2023\\\/07\\\/hostel-ilustracija-1024x596.png\",\"contentUrl\":\"https:\\\/\\\/hostelpekarna.eu\\\/wp-content\\\/uploads\\\/2023\\\/07\\\/hostel-ilustracija-1024x596.png\"},{\"@type\":\"BreadcrumbList\",\"@id\":\"https:\\\/\\\/hostelpekarna.eu\\\/sl\\\/o-hostlu\\\/#breadcrumb\",\"itemListElement\":[{\"@type\":\"ListItem\",\"position\":1,\"name\":\"Home\",\"item\":\"https:\\\/\\\/hostelpekarna.eu\\\/\"},{\"@type\":\"ListItem\",\"position\":2,\"name\":\"O hostlu\"}]},{\"@type\":\"WebSite\",\"@id\":\"https:\\\/\\\/hostelpekarna.eu\\\/#website\",\"url\":\"https:\\\/\\\/hostelpekarna.eu\\\/\",\"name\":\"Hostel Pekarna\",\"description\":\"\",\"publisher\":{\"@id\":\"https:\\\/\\\/hostelpekarna.eu\\\/#organization\"},\"potentialAction\":[{\"@type\":\"SearchAction\",\"target\":{\"@type\":\"EntryPoint\",\"urlTemplate\":\"https:\\\/\\\/hostelpekarna.eu\\\/?s={search_term_string}\"},\"query-input\":{\"@type\":\"PropertyValueSpecification\",\"valueRequired\":true,\"valueName\":\"search_term_string\"}}],\"inLanguage\":\"sl-SI\"},{\"@type\":\"Organization\",\"@id\":\"https:\\\/\\\/hostelpekarna.eu\\\/#organization\",\"name\":\"Hostel Pekarna\",\"url\":\"https:\\\/\\\/hostelpekarna.eu\\\/\",\"logo\":{\"@type\":\"ImageObject\",\"inLanguage\":\"sl-SI\",\"@id\":\"https:\\\/\\\/hostelpekarna.eu\\\/#\\\/schema\\\/logo\\\/image\\\/\",\"url\":\"https:\\\/\\\/hostelpekarna.eu\\\/wp-content\\\/uploads\\\/2023\\\/07\\\/hostel_pekarna_maribor_slovenia_logo.png\",\"contentUrl\":\"https:\\\/\\\/hostelpekarna.eu\\\/wp-content\\\/uploads\\\/2023\\\/07\\\/hostel_pekarna_maribor_slovenia_logo.png\",\"width\":1644,\"height\":859,\"caption\":\"Hostel Pekarna\"},\"image\":{\"@id\":\"https:\\\/\\\/hostelpekarna.eu\\\/#\\\/schema\\\/logo\\\/image\\\/\"}}]}<\/script>\n<!-- \/ Yoast SEO plugin. -->","yoast_head_json":{"title":"O hostlu - Hostel Pekarna","robots":{"index":"index","follow":"follow","max-snippet":"max-snippet:-1","max-image-preview":"max-image-preview:large","max-video-preview":"max-video-preview:-1"},"canonical":"https:\/\/hostelpekarna.eu\/sl\/o-hostlu\/","og_locale":"sl_SI","og_type":"article","og_title":"O hostlu - Hostel Pekarna","og_description":"Hostel Pekarna se nahaja na desnem bregu Drave ob robu Magdalenskega parka ter v neposredni bli\u017eini mestnega jedra.\u00a0Hostel je del Kulturnega centra Pekarna in predstavlja kompleks objektov, ki jih je za potrebe peke kruha za voja\u0161nice na robu mesta na prelomu iz 19. v 20. stoletje zgradila avstro-ogrska vojska. V sodobno zasnovanem hostlu nudimo namestitev [&hellip;]","og_url":"https:\/\/hostelpekarna.eu\/sl\/o-hostlu\/","og_site_name":"Hostel Pekarna","article_modified_time":"2023-11-17T12:26:54+00:00","og_image":[{"url":"https:\/\/hostelpekarna.eu\/wp-content\/uploads\/2023\/07\/hostel-ilustracija-1024x596.png","type":"","width":"","height":""}],"twitter_card":"summary_large_image","twitter_misc":{"Est. reading time":"2 minuti"},"schema":{"@context":"https:\/\/schema.org","@graph":[{"@type":"WebPage","@id":"https:\/\/hostelpekarna.eu\/sl\/o-hostlu\/","url":"https:\/\/hostelpekarna.eu\/sl\/o-hostlu\/","name":"O hostlu - Hostel Pekarna","isPartOf":{"@id":"https:\/\/hostelpekarna.eu\/#website"},"primaryImageOfPage":{"@id":"https:\/\/hostelpekarna.eu\/sl\/o-hostlu\/#primaryimage"},"image":{"@id":"https:\/\/hostelpekarna.eu\/sl\/o-hostlu\/#primaryimage"},"thumbnailUrl":"https:\/\/hostelpekarna.eu\/wp-content\/uploads\/2023\/07\/hostel-ilustracija-1024x596.png","datePublished":"2023-11-07T06:48:21+00:00","dateModified":"2023-11-17T12:26:54+00:00","breadcrumb":{"@id":"https:\/\/hostelpekarna.eu\/sl\/o-hostlu\/#breadcrumb"},"inLanguage":"sl-SI","potentialAction":[{"@type":"ReadAction","target":["https:\/\/hostelpekarna.eu\/sl\/o-hostlu\/"]}]},{"@type":"ImageObject","inLanguage":"sl-SI","@id":"https:\/\/hostelpekarna.eu\/sl\/o-hostlu\/#primaryimage","url":"https:\/\/hostelpekarna.eu\/wp-content\/uploads\/2023\/07\/hostel-ilustracija-1024x596.png","contentUrl":"https:\/\/hostelpekarna.eu\/wp-content\/uploads\/2023\/07\/hostel-ilustracija-1024x596.png"},{"@type":"BreadcrumbList","@id":"https:\/\/hostelpekarna.eu\/sl\/o-hostlu\/#breadcrumb","itemListElement":[{"@type":"ListItem","position":1,"name":"Home","item":"https:\/\/hostelpekarna.eu\/"},{"@type":"ListItem","position":2,"name":"O hostlu"}]},{"@type":"WebSite","@id":"https:\/\/hostelpekarna.eu\/#website","url":"https:\/\/hostelpekarna.eu\/","name":"Hostel Pekarna","description":"","publisher":{"@id":"https:\/\/hostelpekarna.eu\/#organization"},"potentialAction":[{"@type":"SearchAction","target":{"@type":"EntryPoint","urlTemplate":"https:\/\/hostelpekarna.eu\/?s={search_term_string}"},"query-input":{"@type":"PropertyValueSpecification","valueRequired":true,"valueName":"search_term_string"}}],"inLanguage":"sl-SI"},{"@type":"Organization","@id":"https:\/\/hostelpekarna.eu\/#organization","name":"Hostel Pekarna","url":"https:\/\/hostelpekarna.eu\/","logo":{"@type":"ImageObject","inLanguage":"sl-SI","@id":"https:\/\/hostelpekarna.eu\/#\/schema\/logo\/image\/","url":"https:\/\/hostelpekarna.eu\/wp-content\/uploads\/2023\/07\/hostel_pekarna_maribor_slovenia_logo.png","contentUrl":"https:\/\/hostelpekarna.eu\/wp-content\/uploads\/2023\/07\/hostel_pekarna_maribor_slovenia_logo.png","width":1644,"height":859,"caption":"Hostel Pekarna"},"image":{"@id":"https:\/\/hostelpekarna.eu\/#\/schema\/logo\/image\/"}}]}},"_links":{"self":[{"href":"https:\/\/hostelpekarna.eu\/sl\/wp-json\/wp\/v2\/pages\/1654","targetHints":{"allow":["GET"]}}],"collection":[{"href":"https:\/\/hostelpekarna.eu\/sl\/wp-json\/wp\/v2\/pages"}],"about":[{"href":"https:\/\/hostelpekarna.eu\/sl\/wp-json\/wp\/v2\/types\/page"}],"author":[{"embeddable":true,"href":"https:\/\/hostelpekarna.eu\/sl\/wp-json\/wp\/v2\/users\/1"}],"replies":[{"embeddable":true,"href":"https:\/\/hostelpekarna.eu\/sl\/wp-json\/wp\/v2\/comments?post=1654"}],"version-history":[{"count":22,"href":"https:\/\/hostelpekarna.eu\/sl\/wp-json\/wp\/v2\/pages\/1654\/revisions"}],"predecessor-version":[{"id":2004,"href":"https:\/\/hostelpekarna.eu\/sl\/wp-json\/wp\/v2\/pages\/1654\/revisions\/2004"}],"wp:attachment":[{"href":"https:\/\/hostelpekarna.eu\/sl\/wp-json\/wp\/v2\/media?parent=1654"}],"curies":[{"name":"wp","href":"https:\/\/api.w.org\/{rel}","templated":true}]}}