{"id":156,"date":"2023-09-04T07:16:38","date_gmt":"2023-09-04T07:16:38","guid":{"rendered":"https:\/\/hostelpekarna.eu?page_id=156"},"modified":"2023-11-17T14:15:04","modified_gmt":"2023-11-17T13:15:04","slug":"o-avtorjih","status":"publish","type":"page","link":"https:\/\/hostelpekarna.eu\/sl\/o-avtorjih\/","title":{"rendered":"O avtorjih"},"content":{"rendered":"\t\t<div data-elementor-type=\"wp-page\" data-elementor-id=\"156\" class=\"elementor elementor-156\" data-elementor-post-type=\"page\">\n\t\t\t\t\t\t<section class=\"elementor-section elementor-top-section elementor-element elementor-element-56be9c85 elementor-section-boxed elementor-section-height-default elementor-section-height-default\" data-id=\"56be9c85\" data-element_type=\"section\" data-e-type=\"section\">\n\t\t\t\t\t\t<div class=\"elementor-container elementor-column-gap-default\">\n\t\t\t\t\t<div class=\"elementor-column elementor-col-100 elementor-top-column elementor-element elementor-element-6e5fdb69\" data-id=\"6e5fdb69\" data-element_type=\"column\" data-e-type=\"column\">\n\t\t\t<div class=\"elementor-widget-wrap elementor-element-populated\">\n\t\t\t\t\t\t<div class=\"elementor-element elementor-element-c494b8b elementor-widget-divider--view-line elementor-widget elementor-widget-divider\" data-id=\"c494b8b\" data-element_type=\"widget\" data-e-type=\"widget\" data-widget_type=\"divider.default\">\n\t\t\t\t<div class=\"elementor-widget-container\">\n\t\t\t\t\t\t\t<div class=\"elementor-divider\">\n\t\t\t<span class=\"elementor-divider-separator\">\n\t\t\t\t\t\t<\/span>\n\t\t<\/div>\n\t\t\t\t\t\t<\/div>\n\t\t\t\t<\/div>\n\t\t\t\t\t<\/div>\n\t\t<\/div>\n\t\t\t\t\t<\/div>\n\t\t<\/section>\n\t\t\t\t<section class=\"elementor-section elementor-top-section elementor-element elementor-element-83404fd elementor-section-boxed elementor-section-height-default elementor-section-height-default\" data-id=\"83404fd\" data-element_type=\"section\" data-e-type=\"section\">\n\t\t\t\t\t\t<div class=\"elementor-container elementor-column-gap-default\">\n\t\t\t\t\t<div class=\"elementor-column elementor-col-100 elementor-top-column elementor-element elementor-element-b515a73\" data-id=\"b515a73\" data-element_type=\"column\" data-e-type=\"column\">\n\t\t\t<div class=\"elementor-widget-wrap elementor-element-populated\">\n\t\t\t\t\t\t<div class=\"elementor-element elementor-element-38a76e9 elementor-widget elementor-widget-text-editor\" data-id=\"38a76e9\" data-element_type=\"widget\" data-e-type=\"widget\" data-widget_type=\"text-editor.default\">\n\t\t\t\t<div class=\"elementor-widget-container\">\n\t\t\t\t\t\t\t\t\t<p>Vsebina spletne strani:<\/p><p>Hostel Pekarna, MKC Maribor<\/p>\t\t\t\t\t\t\t\t<\/div>\n\t\t\t\t<\/div>\n\t\t\t\t<div class=\"elementor-element elementor-element-d160101 elementor-widget elementor-widget-text-editor\" data-id=\"d160101\" data-element_type=\"widget\" data-e-type=\"widget\" data-widget_type=\"text-editor.default\">\n\t\t\t\t<div class=\"elementor-widget-container\">\n\t\t\t\t\t\t\t\t\t<p>Uredniki:<\/p><p>Maja Stoporko<br \/>\u017diva Mijatovi\u0107<\/p>\t\t\t\t\t\t\t\t<\/div>\n\t\t\t\t<\/div>\n\t\t\t\t<div class=\"elementor-element elementor-element-03c95b6 elementor-widget elementor-widget-text-editor\" data-id=\"03c95b6\" data-element_type=\"widget\" data-e-type=\"widget\" data-widget_type=\"text-editor.default\">\n\t\t\t\t<div class=\"elementor-widget-container\">\n\t\t\t\t\t\t\t\t\t<p>Avtorji fotografij:<\/p><p>Sa\u0161a Huzjak \/ <a href=\"http:\/\/shtudio.eu\/\">SHtudio.eu<\/a><br \/>Bo\u0161tjan Lah<br \/>Alja\u017e Kokol \/ <a href=\"https:\/\/3dogled.si\/\">3dogled.si<\/a><\/p>\t\t\t\t\t\t\t\t<\/div>\n\t\t\t\t<\/div>\n\t\t\t\t<div class=\"elementor-element elementor-element-5373132 elementor-widget elementor-widget-text-editor\" data-id=\"5373132\" data-element_type=\"widget\" data-e-type=\"widget\" data-widget_type=\"text-editor.default\">\n\t\t\t\t<div class=\"elementor-widget-container\">\n\t\t\t\t\t\t\t\t\t<p>Oblikovanje grafi\u010dnih elementov:<\/p><p>Beti Trstenjak<\/p>\t\t\t\t\t\t\t\t<\/div>\n\t\t\t\t<\/div>\n\t\t\t\t<div class=\"elementor-element elementor-element-f9d8910 elementor-widget__width-auto elementor-widget elementor-widget-text-editor\" data-id=\"f9d8910\" data-element_type=\"widget\" data-e-type=\"widget\" data-widget_type=\"text-editor.default\">\n\t\t\t\t<div class=\"elementor-widget-container\">\n\t\t\t\t\t\t\t\t\t<p>Izdelava virtualnega ogleda:<\/p><p>Alja\u017e Kokol \/ <a href=\"https:\/\/3dogled.si\/\">3dogled.si<\/a><\/p>\t\t\t\t\t\t\t\t<\/div>\n\t\t\t\t<\/div>\n\t\t\t\t<div class=\"elementor-element elementor-element-b5d6a00 elementor-widget__width-auto elementor-widget elementor-widget-image\" data-id=\"b5d6a00\" data-element_type=\"widget\" data-e-type=\"widget\" data-widget_type=\"image.default\">\n\t\t\t\t<div class=\"elementor-widget-container\">\n\t\t\t\t\t\t\t\t\t\t\t\t\t\t\t\t<a href=\"https:\/\/3dogled.si\" target=\"_blank\" rel=\"nofollow\">\n\t\t\t\t\t\t\t<img decoding=\"async\" width=\"300\" height=\"105\" src=\"https:\/\/hostelpekarna.eu\/wp-content\/uploads\/2023\/11\/3dogled.si_virtualni_ogledi_2000px-300x105.png\" class=\"attachment-medium size-medium wp-image-1728\" alt=\"\" srcset=\"https:\/\/hostelpekarna.eu\/wp-content\/uploads\/2023\/11\/3dogled.si_virtualni_ogledi_2000px-300x105.png 300w, https:\/\/hostelpekarna.eu\/wp-content\/uploads\/2023\/11\/3dogled.si_virtualni_ogledi_2000px-1024x358.png 1024w, https:\/\/hostelpekarna.eu\/wp-content\/uploads\/2023\/11\/3dogled.si_virtualni_ogledi_2000px-768x269.png 768w, https:\/\/hostelpekarna.eu\/wp-content\/uploads\/2023\/11\/3dogled.si_virtualni_ogledi_2000px-1536x538.png 1536w, https:\/\/hostelpekarna.eu\/wp-content\/uploads\/2023\/11\/3dogled.si_virtualni_ogledi_2000px-18x6.png 18w, https:\/\/hostelpekarna.eu\/wp-content\/uploads\/2023\/11\/3dogled.si_virtualni_ogledi_2000px.png 2000w\" sizes=\"(max-width: 300px) 100vw, 300px\" \/>\t\t\t\t\t\t\t\t<\/a>\n\t\t\t\t\t\t\t\t\t\t\t\t\t\t\t<\/div>\n\t\t\t\t<\/div>\n\t\t\t\t\t<\/div>\n\t\t<\/div>\n\t\t\t\t\t<\/div>\n\t\t<\/section>\n\t\t\t\t<section class=\"elementor-section elementor-top-section elementor-element elementor-element-b63a5ad elementor-section-boxed elementor-section-height-default elementor-section-height-default\" data-id=\"b63a5ad\" data-element_type=\"section\" data-e-type=\"section\">\n\t\t\t\t\t\t<div class=\"elementor-container elementor-column-gap-default\">\n\t\t\t\t\t<div class=\"elementor-column elementor-col-100 elementor-top-column elementor-element elementor-element-abf137a\" data-id=\"abf137a\" data-element_type=\"column\" data-e-type=\"column\">\n\t\t\t<div class=\"elementor-widget-wrap elementor-element-populated\">\n\t\t\t\t\t\t<div class=\"elementor-element elementor-element-fba6e1d elementor-widget__width-auto elementor-widget elementor-widget-text-editor\" data-id=\"fba6e1d\" data-element_type=\"widget\" data-e-type=\"widget\" data-widget_type=\"text-editor.default\">\n\t\t\t\t<div class=\"elementor-widget-container\">\n\t\t\t\t\t\t\t\t\t<p>Oblikovanje in izdelava spletne strani:<\/p><p>ALIAS MEDIA, Alja\u017e Kokol s.p. \/ <a href=\"https:\/\/aliasmedia.si\">aliasmedia.si<\/a> \/ <a href=\"mailto:aljaz@aliasmedia.si\">aljaz@aliasmedia.si<\/a><\/p>\t\t\t\t\t\t\t\t<\/div>\n\t\t\t\t<\/div>\n\t\t\t\t<div class=\"elementor-element elementor-element-2e32ce2 elementor-widget__width-auto elementor-widget elementor-widget-image\" data-id=\"2e32ce2\" data-element_type=\"widget\" data-e-type=\"widget\" data-widget_type=\"image.default\">\n\t\t\t\t<div class=\"elementor-widget-container\">\n\t\t\t\t\t\t\t\t\t\t\t\t\t\t\t\t<a href=\"https:\/\/aliasmedia.si\" target=\"_blank\" rel=\"nofollow\">\n\t\t\t\t\t\t\t<img decoding=\"async\" width=\"300\" height=\"100\" src=\"https:\/\/hostelpekarna.eu\/wp-content\/uploads\/2023\/09\/logo-alias-500x167-1-300x100.png\" class=\"attachment-medium size-medium wp-image-479\" alt=\"\" srcset=\"https:\/\/hostelpekarna.eu\/wp-content\/uploads\/2023\/09\/logo-alias-500x167-1-300x100.png 300w, https:\/\/hostelpekarna.eu\/wp-content\/uploads\/2023\/09\/logo-alias-500x167-1-18x6.png 18w, https:\/\/hostelpekarna.eu\/wp-content\/uploads\/2023\/09\/logo-alias-500x167-1.png 500w\" sizes=\"(max-width: 300px) 100vw, 300px\" \/>\t\t\t\t\t\t\t\t<\/a>\n\t\t\t\t\t\t\t\t\t\t\t\t\t\t\t<\/div>\n\t\t\t\t<\/div>\n\t\t\t\t\t<\/div>\n\t\t<\/div>\n\t\t\t\t\t<\/div>\n\t\t<\/section>\n\t\t\t\t<\/div>\n\t\t","protected":false},"excerpt":{"rendered":"<p>Vsebina spletne strani: Hostel Pekarna, MKC Maribor Uredniki: Maja Stoporko\u017diva Mijatovi\u0107 Avtorji fotografij: Sa\u0161a Huzjak \/ SHtudio.euBo\u0161tjan LahAlja\u017e Kokol \/ 3dogled.si Oblikovanje grafi\u010dnih elementov: Beti Trstenjak Izdelava virtualnega ogleda: Alja\u017e Kokol \/ 3dogled.si Oblikovanje in izdelava spletne strani: ALIAS MEDIA, Alja\u017e Kokol s.p. \/ aliasmedia.si \/ aljaz@aliasmedia.si<\/p>\n","protected":false},"author":1,"featured_media":0,"parent":0,"menu_order":0,"comment_status":"closed","ping_status":"closed","template":"elementor_header_footer","meta":{"footnotes":""},"class_list":["post-156","page","type-page","status-publish","hentry"],"yoast_head":"<!-- This site is optimized with the Yoast SEO plugin v27.4 - https:\/\/yoast.com\/product\/yoast-seo-wordpress\/ -->\n<title>O avtorjih - Hostel Pekarna<\/title>\n<meta name=\"robots\" content=\"index, follow, max-snippet:-1, max-image-preview:large, max-video-preview:-1\" \/>\n<link rel=\"canonical\" href=\"https:\/\/hostelpekarna.eu\/sl\/o-avtorjih\/\" \/>\n<meta property=\"og:locale\" content=\"sl_SI\" \/>\n<meta property=\"og:type\" content=\"article\" \/>\n<meta property=\"og:title\" content=\"O avtorjih - Hostel Pekarna\" \/>\n<meta property=\"og:description\" content=\"Vsebina spletne strani: Hostel Pekarna, MKC Maribor Uredniki: Maja Stoporko\u017diva Mijatovi\u0107 Avtorji fotografij: Sa\u0161a Huzjak \/ SHtudio.euBo\u0161tjan LahAlja\u017e Kokol \/ 3dogled.si Oblikovanje grafi\u010dnih elementov: Beti Trstenjak Izdelava virtualnega ogleda: Alja\u017e Kokol \/ 3dogled.si Oblikovanje in izdelava spletne strani: ALIAS MEDIA, Alja\u017e Kokol s.p. \/ aliasmedia.si \/ aljaz@aliasmedia.si\" \/>\n<meta property=\"og:url\" content=\"https:\/\/hostelpekarna.eu\/sl\/o-avtorjih\/\" \/>\n<meta property=\"og:site_name\" content=\"Hostel Pekarna\" \/>\n<meta property=\"article:modified_time\" content=\"2023-11-17T13:15:04+00:00\" \/>\n<meta property=\"og:image\" content=\"https:\/\/hostelpekarna.eu\/wp-content\/uploads\/2023\/11\/3dogled.si_virtualni_ogledi_2000px-300x105.png\" \/>\n<meta name=\"twitter:card\" content=\"summary_large_image\" \/>\n<meta name=\"twitter:label1\" content=\"Est. reading time\" \/>\n\t<meta name=\"twitter:data1\" content=\"1 minuta\" \/>\n<script type=\"application\/ld+json\" class=\"yoast-schema-graph\">{\"@context\":\"https:\\\/\\\/schema.org\",\"@graph\":[{\"@type\":\"WebPage\",\"@id\":\"https:\\\/\\\/hostelpekarna.eu\\\/o-avtorjih\\\/\",\"url\":\"https:\\\/\\\/hostelpekarna.eu\\\/o-avtorjih\\\/\",\"name\":\"O avtorjih - Hostel Pekarna\",\"isPartOf\":{\"@id\":\"https:\\\/\\\/hostelpekarna.eu\\\/#website\"},\"primaryImageOfPage\":{\"@id\":\"https:\\\/\\\/hostelpekarna.eu\\\/o-avtorjih\\\/#primaryimage\"},\"image\":{\"@id\":\"https:\\\/\\\/hostelpekarna.eu\\\/o-avtorjih\\\/#primaryimage\"},\"thumbnailUrl\":\"https:\\\/\\\/hostelpekarna.eu\\\/wp-content\\\/uploads\\\/2023\\\/11\\\/3dogled.si_virtualni_ogledi_2000px-300x105.png\",\"datePublished\":\"2023-09-04T07:16:38+00:00\",\"dateModified\":\"2023-11-17T13:15:04+00:00\",\"breadcrumb\":{\"@id\":\"https:\\\/\\\/hostelpekarna.eu\\\/o-avtorjih\\\/#breadcrumb\"},\"inLanguage\":\"sl-SI\",\"potentialAction\":[{\"@type\":\"ReadAction\",\"target\":[\"https:\\\/\\\/hostelpekarna.eu\\\/o-avtorjih\\\/\"]}]},{\"@type\":\"ImageObject\",\"inLanguage\":\"sl-SI\",\"@id\":\"https:\\\/\\\/hostelpekarna.eu\\\/o-avtorjih\\\/#primaryimage\",\"url\":\"https:\\\/\\\/hostelpekarna.eu\\\/wp-content\\\/uploads\\\/2023\\\/11\\\/3dogled.si_virtualni_ogledi_2000px-300x105.png\",\"contentUrl\":\"https:\\\/\\\/hostelpekarna.eu\\\/wp-content\\\/uploads\\\/2023\\\/11\\\/3dogled.si_virtualni_ogledi_2000px-300x105.png\"},{\"@type\":\"BreadcrumbList\",\"@id\":\"https:\\\/\\\/hostelpekarna.eu\\\/o-avtorjih\\\/#breadcrumb\",\"itemListElement\":[{\"@type\":\"ListItem\",\"position\":1,\"name\":\"Home\",\"item\":\"https:\\\/\\\/hostelpekarna.eu\\\/\"},{\"@type\":\"ListItem\",\"position\":2,\"name\":\"O avtorjih\"}]},{\"@type\":\"WebSite\",\"@id\":\"https:\\\/\\\/hostelpekarna.eu\\\/#website\",\"url\":\"https:\\\/\\\/hostelpekarna.eu\\\/\",\"name\":\"Hostel Pekarna\",\"description\":\"\",\"publisher\":{\"@id\":\"https:\\\/\\\/hostelpekarna.eu\\\/#organization\"},\"potentialAction\":[{\"@type\":\"SearchAction\",\"target\":{\"@type\":\"EntryPoint\",\"urlTemplate\":\"https:\\\/\\\/hostelpekarna.eu\\\/?s={search_term_string}\"},\"query-input\":{\"@type\":\"PropertyValueSpecification\",\"valueRequired\":true,\"valueName\":\"search_term_string\"}}],\"inLanguage\":\"sl-SI\"},{\"@type\":\"Organization\",\"@id\":\"https:\\\/\\\/hostelpekarna.eu\\\/#organization\",\"name\":\"Hostel Pekarna\",\"url\":\"https:\\\/\\\/hostelpekarna.eu\\\/\",\"logo\":{\"@type\":\"ImageObject\",\"inLanguage\":\"sl-SI\",\"@id\":\"https:\\\/\\\/hostelpekarna.eu\\\/#\\\/schema\\\/logo\\\/image\\\/\",\"url\":\"https:\\\/\\\/hostelpekarna.eu\\\/wp-content\\\/uploads\\\/2023\\\/07\\\/hostel_pekarna_maribor_slovenia_logo.png\",\"contentUrl\":\"https:\\\/\\\/hostelpekarna.eu\\\/wp-content\\\/uploads\\\/2023\\\/07\\\/hostel_pekarna_maribor_slovenia_logo.png\",\"width\":1644,\"height\":859,\"caption\":\"Hostel Pekarna\"},\"image\":{\"@id\":\"https:\\\/\\\/hostelpekarna.eu\\\/#\\\/schema\\\/logo\\\/image\\\/\"}}]}<\/script>\n<!-- \/ Yoast SEO plugin. -->","yoast_head_json":{"title":"O avtorjih - Hostel Pekarna","robots":{"index":"index","follow":"follow","max-snippet":"max-snippet:-1","max-image-preview":"max-image-preview:large","max-video-preview":"max-video-preview:-1"},"canonical":"https:\/\/hostelpekarna.eu\/sl\/o-avtorjih\/","og_locale":"sl_SI","og_type":"article","og_title":"O avtorjih - Hostel Pekarna","og_description":"Vsebina spletne strani: Hostel Pekarna, MKC Maribor Uredniki: Maja Stoporko\u017diva Mijatovi\u0107 Avtorji fotografij: Sa\u0161a Huzjak \/ SHtudio.euBo\u0161tjan LahAlja\u017e Kokol \/ 3dogled.si Oblikovanje grafi\u010dnih elementov: Beti Trstenjak Izdelava virtualnega ogleda: Alja\u017e Kokol \/ 3dogled.si Oblikovanje in izdelava spletne strani: ALIAS MEDIA, Alja\u017e Kokol s.p. \/ aliasmedia.si \/ aljaz@aliasmedia.si","og_url":"https:\/\/hostelpekarna.eu\/sl\/o-avtorjih\/","og_site_name":"Hostel Pekarna","article_modified_time":"2023-11-17T13:15:04+00:00","og_image":[{"url":"https:\/\/hostelpekarna.eu\/wp-content\/uploads\/2023\/11\/3dogled.si_virtualni_ogledi_2000px-300x105.png","type":"","width":"","height":""}],"twitter_card":"summary_large_image","twitter_misc":{"Est. reading time":"1 minuta"},"schema":{"@context":"https:\/\/schema.org","@graph":[{"@type":"WebPage","@id":"https:\/\/hostelpekarna.eu\/o-avtorjih\/","url":"https:\/\/hostelpekarna.eu\/o-avtorjih\/","name":"O avtorjih - Hostel Pekarna","isPartOf":{"@id":"https:\/\/hostelpekarna.eu\/#website"},"primaryImageOfPage":{"@id":"https:\/\/hostelpekarna.eu\/o-avtorjih\/#primaryimage"},"image":{"@id":"https:\/\/hostelpekarna.eu\/o-avtorjih\/#primaryimage"},"thumbnailUrl":"https:\/\/hostelpekarna.eu\/wp-content\/uploads\/2023\/11\/3dogled.si_virtualni_ogledi_2000px-300x105.png","datePublished":"2023-09-04T07:16:38+00:00","dateModified":"2023-11-17T13:15:04+00:00","breadcrumb":{"@id":"https:\/\/hostelpekarna.eu\/o-avtorjih\/#breadcrumb"},"inLanguage":"sl-SI","potentialAction":[{"@type":"ReadAction","target":["https:\/\/hostelpekarna.eu\/o-avtorjih\/"]}]},{"@type":"ImageObject","inLanguage":"sl-SI","@id":"https:\/\/hostelpekarna.eu\/o-avtorjih\/#primaryimage","url":"https:\/\/hostelpekarna.eu\/wp-content\/uploads\/2023\/11\/3dogled.si_virtualni_ogledi_2000px-300x105.png","contentUrl":"https:\/\/hostelpekarna.eu\/wp-content\/uploads\/2023\/11\/3dogled.si_virtualni_ogledi_2000px-300x105.png"},{"@type":"BreadcrumbList","@id":"https:\/\/hostelpekarna.eu\/o-avtorjih\/#breadcrumb","itemListElement":[{"@type":"ListItem","position":1,"name":"Home","item":"https:\/\/hostelpekarna.eu\/"},{"@type":"ListItem","position":2,"name":"O avtorjih"}]},{"@type":"WebSite","@id":"https:\/\/hostelpekarna.eu\/#website","url":"https:\/\/hostelpekarna.eu\/","name":"Hostel Pekarna","description":"","publisher":{"@id":"https:\/\/hostelpekarna.eu\/#organization"},"potentialAction":[{"@type":"SearchAction","target":{"@type":"EntryPoint","urlTemplate":"https:\/\/hostelpekarna.eu\/?s={search_term_string}"},"query-input":{"@type":"PropertyValueSpecification","valueRequired":true,"valueName":"search_term_string"}}],"inLanguage":"sl-SI"},{"@type":"Organization","@id":"https:\/\/hostelpekarna.eu\/#organization","name":"Hostel Pekarna","url":"https:\/\/hostelpekarna.eu\/","logo":{"@type":"ImageObject","inLanguage":"sl-SI","@id":"https:\/\/hostelpekarna.eu\/#\/schema\/logo\/image\/","url":"https:\/\/hostelpekarna.eu\/wp-content\/uploads\/2023\/07\/hostel_pekarna_maribor_slovenia_logo.png","contentUrl":"https:\/\/hostelpekarna.eu\/wp-content\/uploads\/2023\/07\/hostel_pekarna_maribor_slovenia_logo.png","width":1644,"height":859,"caption":"Hostel Pekarna"},"image":{"@id":"https:\/\/hostelpekarna.eu\/#\/schema\/logo\/image\/"}}]}},"_links":{"self":[{"href":"https:\/\/hostelpekarna.eu\/sl\/wp-json\/wp\/v2\/pages\/156","targetHints":{"allow":["GET"]}}],"collection":[{"href":"https:\/\/hostelpekarna.eu\/sl\/wp-json\/wp\/v2\/pages"}],"about":[{"href":"https:\/\/hostelpekarna.eu\/sl\/wp-json\/wp\/v2\/types\/page"}],"author":[{"embeddable":true,"href":"https:\/\/hostelpekarna.eu\/sl\/wp-json\/wp\/v2\/users\/1"}],"replies":[{"embeddable":true,"href":"https:\/\/hostelpekarna.eu\/sl\/wp-json\/wp\/v2\/comments?post=156"}],"version-history":[{"count":40,"href":"https:\/\/hostelpekarna.eu\/sl\/wp-json\/wp\/v2\/pages\/156\/revisions"}],"predecessor-version":[{"id":2055,"href":"https:\/\/hostelpekarna.eu\/sl\/wp-json\/wp\/v2\/pages\/156\/revisions\/2055"}],"wp:attachment":[{"href":"https:\/\/hostelpekarna.eu\/sl\/wp-json\/wp\/v2\/media?parent=156"}],"curies":[{"name":"wp","href":"https:\/\/api.w.org\/{rel}","templated":true}]}}