{"id":117,"date":"2023-07-24T08:38:13","date_gmt":"2023-07-24T08:38:13","guid":{"rendered":"https:\/\/hostelpekarna.eu?page_id=117"},"modified":"2025-07-03T10:09:16","modified_gmt":"2025-07-03T09:09:16","slug":"vizitka","status":"publish","type":"page","link":"https:\/\/hostelpekarna.eu\/sl\/vizitka\/","title":{"rendered":"Vizitka"},"content":{"rendered":"\t\t<div data-elementor-type=\"wp-page\" data-elementor-id=\"117\" class=\"elementor elementor-117\" data-elementor-post-type=\"page\">\n\t\t\t\t\t\t<section class=\"elementor-section elementor-top-section elementor-element elementor-element-6270fc36 elementor-section-boxed elementor-section-height-default elementor-section-height-default\" data-id=\"6270fc36\" data-element_type=\"section\" data-e-type=\"section\">\n\t\t\t\t\t\t<div class=\"elementor-container elementor-column-gap-default\">\n\t\t\t\t\t<div class=\"elementor-column elementor-col-100 elementor-top-column elementor-element elementor-element-c3fac80\" data-id=\"c3fac80\" data-element_type=\"column\" data-e-type=\"column\">\n\t\t\t<div class=\"elementor-widget-wrap elementor-element-populated\">\n\t\t\t\t\t\t<div class=\"elementor-element elementor-element-3563ada0 elementor-widget-divider--view-line elementor-widget elementor-widget-divider\" data-id=\"3563ada0\" data-element_type=\"widget\" data-e-type=\"widget\" data-widget_type=\"divider.default\">\n\t\t\t\t<div class=\"elementor-widget-container\">\n\t\t\t\t\t\t\t<div class=\"elementor-divider\">\n\t\t\t<span class=\"elementor-divider-separator\">\n\t\t\t\t\t\t<\/span>\n\t\t<\/div>\n\t\t\t\t\t\t<\/div>\n\t\t\t\t<\/div>\n\t\t\t\t\t<\/div>\n\t\t<\/div>\n\t\t\t\t\t<\/div>\n\t\t<\/section>\n\t\t\t\t<section class=\"elementor-section elementor-top-section elementor-element elementor-element-1504c27 elementor-section-boxed elementor-section-height-default elementor-section-height-default\" data-id=\"1504c27\" data-element_type=\"section\" data-e-type=\"section\">\n\t\t\t\t\t\t<div class=\"elementor-container elementor-column-gap-default\">\n\t\t\t\t\t<div class=\"elementor-column elementor-col-100 elementor-top-column elementor-element elementor-element-39397a5\" data-id=\"39397a5\" data-element_type=\"column\" data-e-type=\"column\">\n\t\t\t<div class=\"elementor-widget-wrap elementor-element-populated\">\n\t\t\t\t\t\t<section class=\"elementor-section elementor-inner-section elementor-element elementor-element-248ca7f elementor-section-boxed elementor-section-height-default elementor-section-height-default\" data-id=\"248ca7f\" data-element_type=\"section\" data-e-type=\"section\">\n\t\t\t\t\t\t<div class=\"elementor-container elementor-column-gap-default\">\n\t\t\t\t\t<div class=\"elementor-column elementor-col-50 elementor-inner-column elementor-element elementor-element-7c83874\" data-id=\"7c83874\" data-element_type=\"column\" data-e-type=\"column\">\n\t\t\t<div class=\"elementor-widget-wrap elementor-element-populated\">\n\t\t\t\t\t\t<div class=\"elementor-element elementor-element-301049b elementor-widget elementor-widget-text-editor\" data-id=\"301049b\" data-element_type=\"widget\" data-e-type=\"widget\" data-widget_type=\"text-editor.default\">\n\t\t\t\t<div class=\"elementor-widget-container\">\n\t\t\t\t\t\t\t\t\t<h5>HOSTEL PEKARNA<\/h5><p class=\"\">Ob \u017eeleznici 16<br \/>2000 Maribor<\/p>\t\t\t\t\t\t\t\t<\/div>\n\t\t\t\t<\/div>\n\t\t\t\t<div class=\"elementor-element elementor-element-b7410bb elementor-widget elementor-widget-text-editor\" data-id=\"b7410bb\" data-element_type=\"widget\" data-e-type=\"widget\" data-widget_type=\"text-editor.default\">\n\t\t\t\t<div class=\"elementor-widget-container\">\n\t\t\t\t\t\t\t\t\t<h5>RECEPCIJA<\/h5>\t\t\t\t\t\t\t\t<\/div>\n\t\t\t\t<\/div>\n\t\t\t\t<div class=\"elementor-element elementor-element-a771c81 elementor-widget elementor-widget-text-editor\" data-id=\"a771c81\" data-element_type=\"widget\" data-e-type=\"widget\" data-widget_type=\"text-editor.default\">\n\t\t\t\t<div class=\"elementor-widget-container\">\n\t\t\t\t\t\t\t\t\t<p>Receptorki: Ur\u0161ka Hrastnik in Maja Vihteli\u010d \u0160tudentka: Sara \u0160piljak<\/p>\t\t\t\t\t\t\t\t<\/div>\n\t\t\t\t<\/div>\n\t\t\t\t<div class=\"elementor-element elementor-element-deada26 elementor-icon-list--layout-traditional elementor-list-item-link-full_width elementor-widget elementor-widget-icon-list\" data-id=\"deada26\" data-element_type=\"widget\" data-e-type=\"widget\" data-widget_type=\"icon-list.default\">\n\t\t\t\t<div class=\"elementor-widget-container\">\n\t\t\t\t\t\t\t<ul class=\"elementor-icon-list-items\">\n\t\t\t\t\t\t\t<li class=\"elementor-icon-list-item\">\n\t\t\t\t\t\t\t\t\t\t\t<span class=\"elementor-icon-list-icon\">\n\t\t\t\t\t\t\t<i aria-hidden=\"true\" class=\"far fa-clock\"><\/i>\t\t\t\t\t\t<\/span>\n\t\t\t\t\t\t\t\t\t\t<span class=\"elementor-icon-list-text\">PON - NED: 8.00 - 21.00<\/span>\n\t\t\t\t\t\t\t\t\t<\/li>\n\t\t\t\t\t\t\t\t<li class=\"elementor-icon-list-item\">\n\t\t\t\t\t\t\t\t\t\t\t<a href=\"tel:00386%2064%20174%20175\">\n\n\t\t\t\t\t\t\t\t\t\t\t\t<span class=\"elementor-icon-list-icon\">\n\t\t\t\t\t\t\t<i aria-hidden=\"true\" class=\"fas fa-phone\"><\/i>\t\t\t\t\t\t<\/span>\n\t\t\t\t\t\t\t\t\t\t<span class=\"elementor-icon-list-text\">+386 64 174 175 - WhatsApp \/ Viber<\/span>\n\t\t\t\t\t\t\t\t\t\t\t<\/a>\n\t\t\t\t\t\t\t\t\t<\/li>\n\t\t\t\t\t\t\t\t<li class=\"elementor-icon-list-item\">\n\t\t\t\t\t\t\t\t\t\t\t<a href=\"mailto:hostelpekarna@mkc.si\">\n\n\t\t\t\t\t\t\t\t\t\t\t\t<span class=\"elementor-icon-list-icon\">\n\t\t\t\t\t\t\t<i aria-hidden=\"true\" class=\"far fa-envelope\"><\/i>\t\t\t\t\t\t<\/span>\n\t\t\t\t\t\t\t\t\t\t<span class=\"elementor-icon-list-text\">hostelpekarna@mkc.si<\/span>\n\t\t\t\t\t\t\t\t\t\t\t<\/a>\n\t\t\t\t\t\t\t\t\t<\/li>\n\t\t\t\t\t\t<\/ul>\n\t\t\t\t\t\t<\/div>\n\t\t\t\t<\/div>\n\t\t\t\t\t<\/div>\n\t\t<\/div>\n\t\t\t\t<div class=\"elementor-column elementor-col-50 elementor-inner-column elementor-element elementor-element-7e39a13\" data-id=\"7e39a13\" data-element_type=\"column\" data-e-type=\"column\">\n\t\t\t<div class=\"elementor-widget-wrap elementor-element-populated\">\n\t\t\t\t\t\t<div class=\"elementor-element elementor-element-0735bb2 elementor-widget elementor-widget-google_maps\" data-id=\"0735bb2\" data-element_type=\"widget\" data-e-type=\"widget\" data-widget_type=\"google_maps.default\">\n\t\t\t\t<div class=\"elementor-widget-container\">\n\t\t\t\t\t\t\t<div class=\"elementor-custom-embed\">\n\t\t\t<iframe loading=\"lazy\"\n\t\t\t\t\tsrc=\"https:\/\/maps.google.com\/maps?q=Hostel%20Pekarna&#038;t=m&#038;z=5&#038;output=embed&#038;iwloc=near\"\n\t\t\t\t\ttitle=\"Hostel Pekarna\"\n\t\t\t\t\taria-label=\"Hostel Pekarna\"\n\t\t\t><\/iframe>\n\t\t<\/div>\n\t\t\t\t\t\t<\/div>\n\t\t\t\t<\/div>\n\t\t\t\t\t<\/div>\n\t\t<\/div>\n\t\t\t\t\t<\/div>\n\t\t<\/section>\n\t\t\t\t<div class=\"elementor-element elementor-element-a22e98c elementor-widget-divider--view-line_text elementor-widget-divider--element-align-center elementor-widget elementor-widget-divider\" data-id=\"a22e98c\" data-element_type=\"widget\" data-e-type=\"widget\" data-widget_type=\"divider.default\">\n\t\t\t\t<div class=\"elementor-widget-container\">\n\t\t\t\t\t\t\t<div class=\"elementor-divider\">\n\t\t\t<span class=\"elementor-divider-separator\">\n\t\t\t\t\t\t\t<h4 class=\"elementor-divider__text elementor-divider__element\">\n\t\t\t\tKontakti\t\t\t\t<\/h4>\n\t\t\t\t\t\t<\/span>\n\t\t<\/div>\n\t\t\t\t\t\t<\/div>\n\t\t\t\t<\/div>\n\t\t\t\t<div class=\"elementor-element elementor-element-acf31b4 elementor-position-left elementor-vertical-align-middle elementor-widget__width-initial elementor-widget elementor-widget-image-box\" data-id=\"acf31b4\" data-element_type=\"widget\" data-e-type=\"widget\" data-widget_type=\"image-box.default\">\n\t\t\t\t<div class=\"elementor-widget-container\">\n\t\t\t\t\t<div class=\"elementor-image-box-wrapper\"><figure class=\"elementor-image-box-img\"><img fetchpriority=\"high\" decoding=\"async\" width=\"300\" height=\"300\" src=\"https:\/\/hostelpekarna.eu\/wp-content\/uploads\/2023\/09\/HOP-ilustracija-maja-300x300.png\" class=\"attachment-medium size-medium wp-image-495\" alt=\"\" srcset=\"https:\/\/hostelpekarna.eu\/wp-content\/uploads\/2023\/09\/HOP-ilustracija-maja-300x300.png 300w, https:\/\/hostelpekarna.eu\/wp-content\/uploads\/2023\/09\/HOP-ilustracija-maja-1024x1024.png 1024w, https:\/\/hostelpekarna.eu\/wp-content\/uploads\/2023\/09\/HOP-ilustracija-maja-150x150.png 150w, https:\/\/hostelpekarna.eu\/wp-content\/uploads\/2023\/09\/HOP-ilustracija-maja-768x768.png 768w, https:\/\/hostelpekarna.eu\/wp-content\/uploads\/2023\/09\/HOP-ilustracija-maja-12x12.png 12w, https:\/\/hostelpekarna.eu\/wp-content\/uploads\/2023\/09\/HOP-ilustracija-maja.png 1500w\" sizes=\"(max-width: 300px) 100vw, 300px\" \/><\/figure><div class=\"elementor-image-box-content\"><h3 class=\"elementor-image-box-title\">Maja Stoporko<\/h3><p class=\"elementor-image-box-description\">vodja Hostla Pekarna<\/br>\n<a href=\"tel:00386 64 204 216\">+386 64 204 216<\/a><\/br>\n<a href=\"mailto:maja.stoporko@mkc.si\">maja.stoporko@mkc.si<\/a><\/p><\/div><\/div>\t\t\t\t<\/div>\n\t\t\t\t<\/div>\n\t\t\t\t<div class=\"elementor-element elementor-element-24582c7 elementor-position-left elementor-vertical-align-middle elementor-widget__width-initial elementor-widget elementor-widget-image-box\" data-id=\"24582c7\" data-element_type=\"widget\" data-e-type=\"widget\" data-widget_type=\"image-box.default\">\n\t\t\t\t<div class=\"elementor-widget-container\">\n\t\t\t\t\t<div class=\"elementor-image-box-wrapper\"><figure class=\"elementor-image-box-img\"><img decoding=\"async\" width=\"300\" height=\"300\" src=\"https:\/\/hostelpekarna.eu\/wp-content\/uploads\/2023\/11\/HOP-ilustracija-ziva-300x300.png\" class=\"attachment-medium size-medium wp-image-1615\" alt=\"\" srcset=\"https:\/\/hostelpekarna.eu\/wp-content\/uploads\/2023\/11\/HOP-ilustracija-ziva-300x300.png 300w, https:\/\/hostelpekarna.eu\/wp-content\/uploads\/2023\/11\/HOP-ilustracija-ziva-1024x1024.png 1024w, https:\/\/hostelpekarna.eu\/wp-content\/uploads\/2023\/11\/HOP-ilustracija-ziva-150x150.png 150w, https:\/\/hostelpekarna.eu\/wp-content\/uploads\/2023\/11\/HOP-ilustracija-ziva-768x768.png 768w, https:\/\/hostelpekarna.eu\/wp-content\/uploads\/2023\/11\/HOP-ilustracija-ziva-12x12.png 12w, https:\/\/hostelpekarna.eu\/wp-content\/uploads\/2023\/11\/HOP-ilustracija-ziva.png 1500w\" sizes=\"(max-width: 300px) 100vw, 300px\" \/><\/figure><div class=\"elementor-image-box-content\"><h3 class=\"elementor-image-box-title\">\u017diva Mijatovi\u0107<\/h3><p class=\"elementor-image-box-description\">organizatorka stikov z javnostmi<\/br>\n<a href=\"tel:00386 64 193 148\">+386 64 193 148<\/a><\/br>\n<a href=\"mailto:ziva.mijatovic@mkc.si\">ziva.mijatovic@mkc.si<\/a><\/p><\/div><\/div>\t\t\t\t<\/div>\n\t\t\t\t<\/div>\n\t\t\t\t<div class=\"elementor-element elementor-element-0ec603c elementor-widget-divider--view-line_text elementor-widget-divider--element-align-center elementor-widget elementor-widget-divider\" data-id=\"0ec603c\" data-element_type=\"widget\" data-e-type=\"widget\" data-widget_type=\"divider.default\">\n\t\t\t\t<div class=\"elementor-widget-container\">\n\t\t\t\t\t\t\t<div class=\"elementor-divider\">\n\t\t\t<span class=\"elementor-divider-separator\">\n\t\t\t\t\t\t\t<h4 class=\"elementor-divider__text elementor-divider__element\">\n\t\t\t\tPoslovni podatki\t\t\t\t<\/h4>\n\t\t\t\t\t\t<\/span>\n\t\t<\/div>\n\t\t\t\t\t\t<\/div>\n\t\t\t\t<\/div>\n\t\t\t\t<section class=\"elementor-section elementor-inner-section elementor-element elementor-element-eaaec0f elementor-section-boxed elementor-section-height-default elementor-section-height-default\" data-id=\"eaaec0f\" data-element_type=\"section\" data-e-type=\"section\">\n\t\t\t\t\t\t<div class=\"elementor-container elementor-column-gap-default\">\n\t\t\t\t\t<div class=\"elementor-column elementor-col-33 elementor-inner-column elementor-element elementor-element-4df8097\" data-id=\"4df8097\" data-element_type=\"column\" data-e-type=\"column\">\n\t\t\t<div class=\"elementor-widget-wrap elementor-element-populated\">\n\t\t\t\t\t\t<div class=\"elementor-element elementor-element-18b1d4b elementor-widget elementor-widget-text-editor\" data-id=\"18b1d4b\" data-element_type=\"widget\" data-e-type=\"widget\" data-widget_type=\"text-editor.default\">\n\t\t\t\t<div class=\"elementor-widget-container\">\n\t\t\t\t\t\t\t\t\t<p>Hostel Pekarna<br \/>Ob \u017eeleznici 16<br \/>2000 Maribor<\/p>\t\t\t\t\t\t\t\t<\/div>\n\t\t\t\t<\/div>\n\t\t\t\t\t<\/div>\n\t\t<\/div>\n\t\t\t\t<div class=\"elementor-column elementor-col-33 elementor-inner-column elementor-element elementor-element-333e368\" data-id=\"333e368\" data-element_type=\"column\" data-e-type=\"column\">\n\t\t\t<div class=\"elementor-widget-wrap elementor-element-populated\">\n\t\t\t\t\t\t<div class=\"elementor-element elementor-element-0e83bb7 elementor-widget elementor-widget-text-editor\" data-id=\"0e83bb7\" data-element_type=\"widget\" data-e-type=\"widget\" data-widget_type=\"text-editor.default\">\n\t\t\t\t<div class=\"elementor-widget-container\">\n\t\t\t\t\t\t\t\t\t<p>Dav\u010dna \u0161tevilka: SI32972822 \u00a0 \u00a0\u00a0\u00a0 \u00a0<br \/>Mati\u010dna \u0161tevilka: 5821371\u00a0<\/p>\t\t\t\t\t\t\t\t<\/div>\n\t\t\t\t<\/div>\n\t\t\t\t\t<\/div>\n\t\t<\/div>\n\t\t\t\t<div class=\"elementor-column elementor-col-33 elementor-inner-column elementor-element elementor-element-575decb\" data-id=\"575decb\" data-element_type=\"column\" data-e-type=\"column\">\n\t\t\t<div class=\"elementor-widget-wrap elementor-element-populated\">\n\t\t\t\t\t\t<div class=\"elementor-element elementor-element-6b16af2 elementor-widget elementor-widget-text-editor\" data-id=\"6b16af2\" data-element_type=\"widget\" data-e-type=\"widget\" data-widget_type=\"text-editor.default\">\n\t\t\t\t<div class=\"elementor-widget-container\">\n\t\t\t\t\t\t\t\t\t<p>IBAN code: SI56 0127 0603 0354 536<br \/>Swift code:\u00a0BSLJ2XSI<br \/>Banka Slovenije, UJP Slovenska Bistrica<\/p>\t\t\t\t\t\t\t\t<\/div>\n\t\t\t\t<\/div>\n\t\t\t\t\t<\/div>\n\t\t<\/div>\n\t\t\t\t\t<\/div>\n\t\t<\/section>\n\t\t\t\t<section class=\"elementor-section elementor-inner-section elementor-element elementor-element-eca73ea elementor-section-boxed elementor-section-height-default elementor-section-height-default\" data-id=\"eca73ea\" data-element_type=\"section\" data-e-type=\"section\">\n\t\t\t\t\t\t<div class=\"elementor-container elementor-column-gap-extended\">\n\t\t\t\t\t<div class=\"elementor-column elementor-col-50 elementor-inner-column elementor-element elementor-element-7e0b2f6\" data-id=\"7e0b2f6\" data-element_type=\"column\" data-e-type=\"column\">\n\t\t\t<div class=\"elementor-widget-wrap elementor-element-populated\">\n\t\t\t\t\t\t<div class=\"elementor-element elementor-element-48366c6 elementor-position-left elementor-vertical-align-middle elementor-widget elementor-widget-image-box\" data-id=\"48366c6\" data-element_type=\"widget\" data-e-type=\"widget\" data-widget_type=\"image-box.default\">\n\t\t\t\t<div class=\"elementor-widget-container\">\n\t\t\t\t\t<div class=\"elementor-image-box-wrapper\"><figure class=\"elementor-image-box-img\"><a href=\"https:\/\/mkc.si\/\" target=\"_blank\" tabindex=\"-1\"><img decoding=\"async\" width=\"397\" height=\"170\" src=\"https:\/\/hostelpekarna.eu\/wp-content\/uploads\/2023\/07\/MKC_LOGO_COLOR.png\" class=\"attachment-full size-full wp-image-179\" alt=\"\" srcset=\"https:\/\/hostelpekarna.eu\/wp-content\/uploads\/2023\/07\/MKC_LOGO_COLOR.png 397w, https:\/\/hostelpekarna.eu\/wp-content\/uploads\/2023\/07\/MKC_LOGO_COLOR-300x128.png 300w, https:\/\/hostelpekarna.eu\/wp-content\/uploads\/2023\/07\/MKC_LOGO_COLOR-18x8.png 18w\" sizes=\"(max-width: 397px) 100vw, 397px\" \/><\/a><\/figure><div class=\"elementor-image-box-content\"><p class=\"elementor-image-box-description\">Upravitelj Hostla Pekarna: <\/br>\nJAVNI ZAVOD MLADINSKI KULTURNI CENTER MARIBOR<\/p><\/div><\/div>\t\t\t\t<\/div>\n\t\t\t\t<\/div>\n\t\t\t\t\t<\/div>\n\t\t<\/div>\n\t\t\t\t<div class=\"elementor-column elementor-col-50 elementor-inner-column elementor-element elementor-element-d335860\" data-id=\"d335860\" data-element_type=\"column\" data-e-type=\"column\">\n\t\t\t<div class=\"elementor-widget-wrap elementor-element-populated\">\n\t\t\t\t\t\t<div class=\"elementor-element elementor-element-d1bebef elementor-position-left elementor-vertical-align-middle elementor-widget elementor-widget-image-box\" data-id=\"d1bebef\" data-element_type=\"widget\" data-e-type=\"widget\" data-widget_type=\"image-box.default\">\n\t\t\t\t<div class=\"elementor-widget-container\">\n\t\t\t\t\t<div class=\"elementor-image-box-wrapper\"><figure class=\"elementor-image-box-img\"><a href=\"https:\/\/maribor.si\/\" tabindex=\"-1\"><img loading=\"lazy\" decoding=\"async\" width=\"1455\" height=\"988\" src=\"https:\/\/hostelpekarna.eu\/wp-content\/uploads\/2023\/10\/MO-Maribor.png\" class=\"attachment-full size-full wp-image-738\" alt=\"\" srcset=\"https:\/\/hostelpekarna.eu\/wp-content\/uploads\/2023\/10\/MO-Maribor.png 1455w, https:\/\/hostelpekarna.eu\/wp-content\/uploads\/2023\/10\/MO-Maribor-300x204.png 300w, https:\/\/hostelpekarna.eu\/wp-content\/uploads\/2023\/10\/MO-Maribor-1024x695.png 1024w, https:\/\/hostelpekarna.eu\/wp-content\/uploads\/2023\/10\/MO-Maribor-768x522.png 768w, https:\/\/hostelpekarna.eu\/wp-content\/uploads\/2023\/10\/MO-Maribor-18x12.png 18w\" sizes=\"(max-width: 1455px) 100vw, 1455px\" \/><\/a><\/figure><div class=\"elementor-image-box-content\"><p class=\"elementor-image-box-description\">Ustanoviteljica javnega zavoda: <\/br>\nMESTNA OB\u010cINA MARIBOR<\/p><\/div><\/div>\t\t\t\t<\/div>\n\t\t\t\t<\/div>\n\t\t\t\t\t<\/div>\n\t\t<\/div>\n\t\t\t\t\t<\/div>\n\t\t<\/section>\n\t\t\t\t\t<\/div>\n\t\t<\/div>\n\t\t\t\t\t<\/div>\n\t\t<\/section>\n\t\t\t\t<\/div>\n\t\t","protected":false},"excerpt":{"rendered":"<p>HOSTEL PEKARNA Ob \u017eeleznici 162000 Maribor RECEPCIJA Receptorki: Ur\u0161ka Hrastnik in Maja Vihteli\u010d \u0160tudentka: Sara \u0160piljak PON &#8211; NED: 8.00 &#8211; 21.00 +386 64 174 175 &#8211; WhatsApp \/ Viber hostelpekarna@mkc.si Kontakti Maja Stoporko vodja Hostla Pekarna +386 64 204 216 maja.stoporko@mkc.si \u017diva Mijatovi\u0107 organizatorka stikov z javnostmi +386 64 193 148 ziva.mijatovic@mkc.si Poslovni podatki [&hellip;]<\/p>\n","protected":false},"author":1,"featured_media":0,"parent":0,"menu_order":0,"comment_status":"closed","ping_status":"closed","template":"elementor_header_footer","meta":{"footnotes":""},"class_list":["post-117","page","type-page","status-publish","hentry"],"yoast_head":"<!-- This site is optimized with the Yoast SEO plugin v27.4 - https:\/\/yoast.com\/product\/yoast-seo-wordpress\/ -->\n<title>Vizitka - Hostel Pekarna<\/title>\n<meta name=\"robots\" content=\"index, follow, max-snippet:-1, max-image-preview:large, max-video-preview:-1\" \/>\n<link rel=\"canonical\" href=\"https:\/\/hostelpekarna.eu\/sl\/vizitka\/\" \/>\n<meta property=\"og:locale\" content=\"sl_SI\" \/>\n<meta property=\"og:type\" content=\"article\" \/>\n<meta property=\"og:title\" content=\"Vizitka - Hostel Pekarna\" \/>\n<meta property=\"og:description\" content=\"HOSTEL PEKARNA Ob \u017eeleznici 162000 Maribor RECEPCIJA Receptorki: Ur\u0161ka Hrastnik in Maja Vihteli\u010d \u0160tudentka: Sara \u0160piljak PON &#8211; NED: 8.00 &#8211; 21.00 +386 64 174 175 &#8211; WhatsApp \/ Viber hostelpekarna@mkc.si Kontakti Maja Stoporko vodja Hostla Pekarna +386 64 204 216 maja.stoporko@mkc.si \u017diva Mijatovi\u0107 organizatorka stikov z javnostmi +386 64 193 148 ziva.mijatovic@mkc.si Poslovni podatki [&hellip;]\" \/>\n<meta property=\"og:url\" content=\"https:\/\/hostelpekarna.eu\/sl\/vizitka\/\" \/>\n<meta property=\"og:site_name\" content=\"Hostel Pekarna\" \/>\n<meta property=\"article:modified_time\" content=\"2025-07-03T09:09:16+00:00\" \/>\n<meta property=\"og:image\" content=\"https:\/\/hostelpekarna.eu\/wp-content\/uploads\/2023\/09\/HOP-ilustracija-maja.png\" \/>\n\t<meta property=\"og:image:width\" content=\"1500\" \/>\n\t<meta property=\"og:image:height\" content=\"1500\" \/>\n\t<meta property=\"og:image:type\" content=\"image\/png\" \/>\n<meta name=\"twitter:card\" content=\"summary_large_image\" \/>\n<meta name=\"twitter:label1\" content=\"Est. reading time\" \/>\n\t<meta name=\"twitter:data1\" content=\"2 minuti\" \/>\n<script type=\"application\/ld+json\" class=\"yoast-schema-graph\">{\"@context\":\"https:\\\/\\\/schema.org\",\"@graph\":[{\"@type\":\"WebPage\",\"@id\":\"https:\\\/\\\/hostelpekarna.eu\\\/vizitka\\\/\",\"url\":\"https:\\\/\\\/hostelpekarna.eu\\\/vizitka\\\/\",\"name\":\"Vizitka - Hostel Pekarna\",\"isPartOf\":{\"@id\":\"https:\\\/\\\/hostelpekarna.eu\\\/#website\"},\"primaryImageOfPage\":{\"@id\":\"https:\\\/\\\/hostelpekarna.eu\\\/vizitka\\\/#primaryimage\"},\"image\":{\"@id\":\"https:\\\/\\\/hostelpekarna.eu\\\/vizitka\\\/#primaryimage\"},\"thumbnailUrl\":\"https:\\\/\\\/hostelpekarna.eu\\\/wp-content\\\/uploads\\\/2023\\\/09\\\/HOP-ilustracija-maja-300x300.png\",\"datePublished\":\"2023-07-24T08:38:13+00:00\",\"dateModified\":\"2025-07-03T09:09:16+00:00\",\"breadcrumb\":{\"@id\":\"https:\\\/\\\/hostelpekarna.eu\\\/vizitka\\\/#breadcrumb\"},\"inLanguage\":\"sl-SI\",\"potentialAction\":[{\"@type\":\"ReadAction\",\"target\":[\"https:\\\/\\\/hostelpekarna.eu\\\/vizitka\\\/\"]}]},{\"@type\":\"ImageObject\",\"inLanguage\":\"sl-SI\",\"@id\":\"https:\\\/\\\/hostelpekarna.eu\\\/vizitka\\\/#primaryimage\",\"url\":\"https:\\\/\\\/hostelpekarna.eu\\\/wp-content\\\/uploads\\\/2023\\\/09\\\/HOP-ilustracija-maja-300x300.png\",\"contentUrl\":\"https:\\\/\\\/hostelpekarna.eu\\\/wp-content\\\/uploads\\\/2023\\\/09\\\/HOP-ilustracija-maja-300x300.png\"},{\"@type\":\"BreadcrumbList\",\"@id\":\"https:\\\/\\\/hostelpekarna.eu\\\/vizitka\\\/#breadcrumb\",\"itemListElement\":[{\"@type\":\"ListItem\",\"position\":1,\"name\":\"Home\",\"item\":\"https:\\\/\\\/hostelpekarna.eu\\\/\"},{\"@type\":\"ListItem\",\"position\":2,\"name\":\"Vizitka\"}]},{\"@type\":\"WebSite\",\"@id\":\"https:\\\/\\\/hostelpekarna.eu\\\/#website\",\"url\":\"https:\\\/\\\/hostelpekarna.eu\\\/\",\"name\":\"Hostel Pekarna\",\"description\":\"\",\"publisher\":{\"@id\":\"https:\\\/\\\/hostelpekarna.eu\\\/#organization\"},\"potentialAction\":[{\"@type\":\"SearchAction\",\"target\":{\"@type\":\"EntryPoint\",\"urlTemplate\":\"https:\\\/\\\/hostelpekarna.eu\\\/?s={search_term_string}\"},\"query-input\":{\"@type\":\"PropertyValueSpecification\",\"valueRequired\":true,\"valueName\":\"search_term_string\"}}],\"inLanguage\":\"sl-SI\"},{\"@type\":\"Organization\",\"@id\":\"https:\\\/\\\/hostelpekarna.eu\\\/#organization\",\"name\":\"Hostel Pekarna\",\"url\":\"https:\\\/\\\/hostelpekarna.eu\\\/\",\"logo\":{\"@type\":\"ImageObject\",\"inLanguage\":\"sl-SI\",\"@id\":\"https:\\\/\\\/hostelpekarna.eu\\\/#\\\/schema\\\/logo\\\/image\\\/\",\"url\":\"https:\\\/\\\/hostelpekarna.eu\\\/wp-content\\\/uploads\\\/2023\\\/07\\\/hostel_pekarna_maribor_slovenia_logo.png\",\"contentUrl\":\"https:\\\/\\\/hostelpekarna.eu\\\/wp-content\\\/uploads\\\/2023\\\/07\\\/hostel_pekarna_maribor_slovenia_logo.png\",\"width\":1644,\"height\":859,\"caption\":\"Hostel Pekarna\"},\"image\":{\"@id\":\"https:\\\/\\\/hostelpekarna.eu\\\/#\\\/schema\\\/logo\\\/image\\\/\"}}]}<\/script>\n<!-- \/ Yoast SEO plugin. -->","yoast_head_json":{"title":"Vizitka - Hostel Pekarna","robots":{"index":"index","follow":"follow","max-snippet":"max-snippet:-1","max-image-preview":"max-image-preview:large","max-video-preview":"max-video-preview:-1"},"canonical":"https:\/\/hostelpekarna.eu\/sl\/vizitka\/","og_locale":"sl_SI","og_type":"article","og_title":"Vizitka - Hostel Pekarna","og_description":"HOSTEL PEKARNA Ob \u017eeleznici 162000 Maribor RECEPCIJA Receptorki: Ur\u0161ka Hrastnik in Maja Vihteli\u010d \u0160tudentka: Sara \u0160piljak PON &#8211; NED: 8.00 &#8211; 21.00 +386 64 174 175 &#8211; WhatsApp \/ Viber hostelpekarna@mkc.si Kontakti Maja Stoporko vodja Hostla Pekarna +386 64 204 216 maja.stoporko@mkc.si \u017diva Mijatovi\u0107 organizatorka stikov z javnostmi +386 64 193 148 ziva.mijatovic@mkc.si Poslovni podatki [&hellip;]","og_url":"https:\/\/hostelpekarna.eu\/sl\/vizitka\/","og_site_name":"Hostel Pekarna","article_modified_time":"2025-07-03T09:09:16+00:00","og_image":[{"width":1500,"height":1500,"url":"https:\/\/hostelpekarna.eu\/wp-content\/uploads\/2023\/09\/HOP-ilustracija-maja.png","type":"image\/png"}],"twitter_card":"summary_large_image","twitter_misc":{"Est. reading time":"2 minuti"},"schema":{"@context":"https:\/\/schema.org","@graph":[{"@type":"WebPage","@id":"https:\/\/hostelpekarna.eu\/vizitka\/","url":"https:\/\/hostelpekarna.eu\/vizitka\/","name":"Vizitka - Hostel Pekarna","isPartOf":{"@id":"https:\/\/hostelpekarna.eu\/#website"},"primaryImageOfPage":{"@id":"https:\/\/hostelpekarna.eu\/vizitka\/#primaryimage"},"image":{"@id":"https:\/\/hostelpekarna.eu\/vizitka\/#primaryimage"},"thumbnailUrl":"https:\/\/hostelpekarna.eu\/wp-content\/uploads\/2023\/09\/HOP-ilustracija-maja-300x300.png","datePublished":"2023-07-24T08:38:13+00:00","dateModified":"2025-07-03T09:09:16+00:00","breadcrumb":{"@id":"https:\/\/hostelpekarna.eu\/vizitka\/#breadcrumb"},"inLanguage":"sl-SI","potentialAction":[{"@type":"ReadAction","target":["https:\/\/hostelpekarna.eu\/vizitka\/"]}]},{"@type":"ImageObject","inLanguage":"sl-SI","@id":"https:\/\/hostelpekarna.eu\/vizitka\/#primaryimage","url":"https:\/\/hostelpekarna.eu\/wp-content\/uploads\/2023\/09\/HOP-ilustracija-maja-300x300.png","contentUrl":"https:\/\/hostelpekarna.eu\/wp-content\/uploads\/2023\/09\/HOP-ilustracija-maja-300x300.png"},{"@type":"BreadcrumbList","@id":"https:\/\/hostelpekarna.eu\/vizitka\/#breadcrumb","itemListElement":[{"@type":"ListItem","position":1,"name":"Home","item":"https:\/\/hostelpekarna.eu\/"},{"@type":"ListItem","position":2,"name":"Vizitka"}]},{"@type":"WebSite","@id":"https:\/\/hostelpekarna.eu\/#website","url":"https:\/\/hostelpekarna.eu\/","name":"Hostel Pekarna","description":"","publisher":{"@id":"https:\/\/hostelpekarna.eu\/#organization"},"potentialAction":[{"@type":"SearchAction","target":{"@type":"EntryPoint","urlTemplate":"https:\/\/hostelpekarna.eu\/?s={search_term_string}"},"query-input":{"@type":"PropertyValueSpecification","valueRequired":true,"valueName":"search_term_string"}}],"inLanguage":"sl-SI"},{"@type":"Organization","@id":"https:\/\/hostelpekarna.eu\/#organization","name":"Hostel Pekarna","url":"https:\/\/hostelpekarna.eu\/","logo":{"@type":"ImageObject","inLanguage":"sl-SI","@id":"https:\/\/hostelpekarna.eu\/#\/schema\/logo\/image\/","url":"https:\/\/hostelpekarna.eu\/wp-content\/uploads\/2023\/07\/hostel_pekarna_maribor_slovenia_logo.png","contentUrl":"https:\/\/hostelpekarna.eu\/wp-content\/uploads\/2023\/07\/hostel_pekarna_maribor_slovenia_logo.png","width":1644,"height":859,"caption":"Hostel Pekarna"},"image":{"@id":"https:\/\/hostelpekarna.eu\/#\/schema\/logo\/image\/"}}]}},"_links":{"self":[{"href":"https:\/\/hostelpekarna.eu\/sl\/wp-json\/wp\/v2\/pages\/117","targetHints":{"allow":["GET"]}}],"collection":[{"href":"https:\/\/hostelpekarna.eu\/sl\/wp-json\/wp\/v2\/pages"}],"about":[{"href":"https:\/\/hostelpekarna.eu\/sl\/wp-json\/wp\/v2\/types\/page"}],"author":[{"embeddable":true,"href":"https:\/\/hostelpekarna.eu\/sl\/wp-json\/wp\/v2\/users\/1"}],"replies":[{"embeddable":true,"href":"https:\/\/hostelpekarna.eu\/sl\/wp-json\/wp\/v2\/comments?post=117"}],"version-history":[{"count":109,"href":"https:\/\/hostelpekarna.eu\/sl\/wp-json\/wp\/v2\/pages\/117\/revisions"}],"predecessor-version":[{"id":2426,"href":"https:\/\/hostelpekarna.eu\/sl\/wp-json\/wp\/v2\/pages\/117\/revisions\/2426"}],"wp:attachment":[{"href":"https:\/\/hostelpekarna.eu\/sl\/wp-json\/wp\/v2\/media?parent=117"}],"curies":[{"name":"wp","href":"https:\/\/api.w.org\/{rel}","templated":true}]}}