{"id":725,"date":"2023-10-23T08:23:02","date_gmt":"2023-10-23T08:23:02","guid":{"rendered":"https:\/\/hostelpekarna.eu?page_id=725"},"modified":"2023-11-29T19:26:51","modified_gmt":"2023-11-29T18:26:51","slug":"awards-and-achievements","status":"publish","type":"page","link":"https:\/\/hostelpekarna.eu\/en\/dogajanje\/priznanja-in-dosezki\/","title":{"rendered":"Awards and achievements"},"content":{"rendered":"<div data-elementor-type=\"wp-page\" data-elementor-id=\"725\" class=\"elementor elementor-725\" data-elementor-post-type=\"page\">\n\t\t\t\t\t\t<section class=\"elementor-section elementor-top-section elementor-element elementor-element-76a9d10 elementor-section-boxed elementor-section-height-default elementor-section-height-default\" data-id=\"76a9d10\" data-element_type=\"section\" data-e-type=\"section\">\n\t\t\t\t\t\t<div class=\"elementor-container elementor-column-gap-default\">\n\t\t\t\t\t<div class=\"elementor-column elementor-col-100 elementor-top-column elementor-element elementor-element-35771fb2\" data-id=\"35771fb2\" data-element_type=\"column\" data-e-type=\"column\">\n\t\t\t<div class=\"elementor-widget-wrap elementor-element-populated\">\n\t\t\t\t\t\t<div class=\"elementor-element elementor-element-58f400b4 elementor-widget-divider--view-line elementor-widget elementor-widget-divider\" data-id=\"58f400b4\" data-element_type=\"widget\" data-e-type=\"widget\" data-widget_type=\"divider.default\">\n\t\t\t\t<div class=\"elementor-widget-container\">\n\t\t\t\t\t\t\t<div class=\"elementor-divider\">\n\t\t\t<span class=\"elementor-divider-separator\">\n\t\t\t\t\t\t<\/span>\n\t\t<\/div>\n\t\t\t\t\t\t<\/div>\n\t\t\t\t<\/div>\n\t\t\t\t\t<\/div>\n\t\t<\/div>\n\t\t\t\t\t<\/div>\n\t\t<\/section>\n\t\t\t\t<section class=\"elementor-section elementor-top-section elementor-element elementor-element-503b097a elementor-section-boxed elementor-section-height-default elementor-section-height-default\" data-id=\"503b097a\" data-element_type=\"section\" data-e-type=\"section\">\n\t\t\t\t\t\t<div class=\"elementor-container elementor-column-gap-default\">\n\t\t\t\t\t<div class=\"elementor-column elementor-col-100 elementor-top-column elementor-element elementor-element-43e319e6\" data-id=\"43e319e6\" data-element_type=\"column\" data-e-type=\"column\">\n\t\t\t<div class=\"elementor-widget-wrap elementor-element-populated\">\n\t\t\t\t\t\t<div class=\"elementor-element elementor-element-f373401 elementor-position-left elementor-vertical-align-middle elementor-widget elementor-widget-image-box\" data-id=\"f373401\" data-element_type=\"widget\" data-e-type=\"widget\" data-widget_type=\"image-box.default\">\n\t\t\t\t<div class=\"elementor-widget-container\">\n\t\t\t\t\t<div class=\"elementor-image-box-wrapper\"><figure class=\"elementor-image-box-img\"><img fetchpriority=\"high\" decoding=\"async\" width=\"580\" height=\"900\" src=\"https:\/\/hostelpekarna.eu\/wp-content\/uploads\/2023\/10\/Hi_QS.png\" class=\"attachment-full size-full wp-image-1130\" alt=\"\" srcset=\"https:\/\/hostelpekarna.eu\/wp-content\/uploads\/2023\/10\/Hi_QS.png 580w, https:\/\/hostelpekarna.eu\/wp-content\/uploads\/2023\/10\/Hi_QS-193x300.png 193w, https:\/\/hostelpekarna.eu\/wp-content\/uploads\/2023\/10\/Hi_QS-8x12.png 8w\" sizes=\"(max-width: 580px) 100vw, 580px\" \/><\/figure><div class=\"elementor-image-box-content\"><h3 class=\"elementor-image-box-title\">HIQ&amp;S certificate<\/h3><p class=\"elementor-image-box-description\">(Hostelling International Quality and Sustainability)<\/br><\/br>\nS sistemom HI-Q&amp;S tako uradno jasno definiramo procese s podro\u010dja dru\u017ebenih, okoljskih, gospodarskih in kulturnih vpra\u0161anj, s katerimi dosegamo vi\u0161ji standard. Standard priznava tudi GSTC (Global Sustainable Tourism Council).<\/p><\/div><\/div>\t\t\t\t<\/div>\n\t\t\t\t<\/div>\n\t\t\t\t<div class=\"elementor-element elementor-element-e1b1cbc elementor-position-left elementor-vertical-align-middle elementor-widget elementor-widget-image-box\" data-id=\"e1b1cbc\" data-element_type=\"widget\" data-e-type=\"widget\" data-widget_type=\"image-box.default\">\n\t\t\t\t<div class=\"elementor-widget-container\">\n\t\t\t\t\t<div class=\"elementor-image-box-wrapper\"><figure class=\"elementor-image-box-img\"><img decoding=\"async\" width=\"636\" height=\"357\" src=\"https:\/\/hostelpekarna.eu\/wp-content\/uploads\/2023\/07\/green-accommodation.png\" class=\"attachment-full size-full wp-image-193\" alt=\"\" srcset=\"https:\/\/hostelpekarna.eu\/wp-content\/uploads\/2023\/07\/green-accommodation.png 636w, https:\/\/hostelpekarna.eu\/wp-content\/uploads\/2023\/07\/green-accommodation-300x168.png 300w, https:\/\/hostelpekarna.eu\/wp-content\/uploads\/2023\/07\/green-accommodation-18x10.png 18w\" sizes=\"(max-width: 636px) 100vw, 636px\" \/><\/figure><div class=\"elementor-image-box-content\"><h3 class=\"elementor-image-box-title\">Green Accommodaton<\/h3><p class=\"elementor-image-box-description\">By obtaining the HI-Q&amp;S label and signing the Green Commitment of Slovenian Tourism, the hostel has also fulfilled the conditions for obtaining the Slovenia Green Accommodation label. The hostel thus formally presents itself to the Slovenian, European and global market as an environmentally and socially friendly accommodation facility, and continues to encourage guests towards sustainable tourism.<\/p><\/div><\/div>\t\t\t\t<\/div>\n\t\t\t\t<\/div>\n\t\t\t\t<div class=\"elementor-element elementor-element-1371d81 elementor-vertical-align-middle elementor-widget elementor-widget-image-box\" data-id=\"1371d81\" data-element_type=\"widget\" data-e-type=\"widget\" data-widget_type=\"image-box.default\">\n\t\t\t\t<div class=\"elementor-widget-container\">\n\t\t\t\t\t<div class=\"elementor-image-box-wrapper\"><div class=\"elementor-image-box-content\"><h3 class=\"elementor-image-box-title\">Signed pledge to eliminate single-use plastics from Slovenian tourism<\/h3><p class=\"elementor-image-box-description\">In 2022, our hostel joined the Slovenian Tourist Board's \u201cZdaj je \u010das. Za MANJ plastike, VE\u010c dolgotrajnosti!\u201d campaign (Now is the time. LESS plastics, MORE sustainability!\u201d).<\/p><\/div><\/div>\t\t\t\t<\/div>\n\t\t\t\t<\/div>\n\t\t\t\t<div class=\"elementor-element elementor-element-4f81f4b elementor-vertical-align-middle elementor-widget elementor-widget-image-box\" data-id=\"4f81f4b\" data-element_type=\"widget\" data-e-type=\"widget\" data-widget_type=\"image-box.default\">\n\t\t\t\t<div class=\"elementor-widget-container\">\n\t\t\t\t\t<div class=\"elementor-image-box-wrapper\"><div class=\"elementor-image-box-content\"><h3 class=\"elementor-image-box-title\">\u201cMy country \u2013 beautiful and hospitable\u201d<\/h3><p class=\"elementor-image-box-description\">In the &quot;Moja de\u017eela \u2013 lepa in gostoljubna&quot; competition (My country \u2013 beautiful and hospitable),\norganised by the Tourist Board of Slovenia, Pekarna hostel took the following places in the\ncategory of the most hospitable youth hostel: <\/br>\n- In 2016 \u2013 voted 2nd place by the expert jury,<\/br>\n- In 2017 \u2013 voted 1st place by the expert jury,<\/br>\n- In 2019 \u2013 voted 2nd place by the expert jury,<\/br>\n- In 2020 \u2013 voted 2nd place by the expert jury,<\/br>\n- In 2021 \u2013 voted 1st place by the expert jury and 2nd place by the expert jury,<\/br>\n- In 2022 \u2013 voted 3rd place by online voters and 3rd place by the expert jury,<\/br>\n- In 2023 \u2013 voted 3rd place by online voters and 2nd place by the expert jury.<\/br><\/p><\/div><\/div>\t\t\t\t<\/div>\n\t\t\t\t<\/div>\n\t\t\t\t<div class=\"elementor-element elementor-element-80ecdff elementor-position-left elementor-vertical-align-middle elementor-widget elementor-widget-image-box\" data-id=\"80ecdff\" data-element_type=\"widget\" data-e-type=\"widget\" data-widget_type=\"image-box.default\">\n\t\t\t\t<div class=\"elementor-widget-container\">\n\t\t\t\t\t<div class=\"elementor-image-box-wrapper\"><figure class=\"elementor-image-box-img\"><img decoding=\"async\" width=\"2500\" height=\"1041\" src=\"https:\/\/hostelpekarna.eu\/wp-content\/uploads\/2023\/11\/bike-hotel.png\" class=\"attachment-full size-full wp-image-1561\" alt=\"\" srcset=\"https:\/\/hostelpekarna.eu\/wp-content\/uploads\/2023\/11\/bike-hotel.png 2500w, https:\/\/hostelpekarna.eu\/wp-content\/uploads\/2023\/11\/bike-hotel-300x125.png 300w, https:\/\/hostelpekarna.eu\/wp-content\/uploads\/2023\/11\/bike-hotel-1024x426.png 1024w, https:\/\/hostelpekarna.eu\/wp-content\/uploads\/2023\/11\/bike-hotel-768x320.png 768w, https:\/\/hostelpekarna.eu\/wp-content\/uploads\/2023\/11\/bike-hotel-1536x640.png 1536w, https:\/\/hostelpekarna.eu\/wp-content\/uploads\/2023\/11\/bike-hotel-2048x853.png 2048w, https:\/\/hostelpekarna.eu\/wp-content\/uploads\/2023\/11\/bike-hotel-18x7.png 18w\" sizes=\"(max-width: 2500px) 100vw, 2500px\" \/><\/figure><div class=\"elementor-image-box-content\"><h3 class=\"elementor-image-box-title\">Cyclist<\/h3><p class=\"elementor-image-box-description\">In 2023, Hostel Pekarna was awarded the Cyclist-Friendly Accommodation label by Slovenia Outdoor. By meeting the requirements, the hostel was\nawarded the Level 2 label.<\/p><\/div><\/div>\t\t\t\t<\/div>\n\t\t\t\t<\/div>\n\t\t\t\t<div class=\"elementor-element elementor-element-f86115f elementor-position-left elementor-vertical-align-middle elementor-widget elementor-widget-image-box\" data-id=\"f86115f\" data-element_type=\"widget\" data-e-type=\"widget\" data-widget_type=\"image-box.default\">\n\t\t\t\t<div class=\"elementor-widget-container\">\n\t\t\t\t\t<div class=\"elementor-image-box-wrapper\"><figure class=\"elementor-image-box-img\"><img loading=\"lazy\" decoding=\"async\" width=\"2500\" height=\"1041\" src=\"https:\/\/hostelpekarna.eu\/wp-content\/uploads\/2023\/11\/hike-hotel.png\" class=\"attachment-full size-full wp-image-1560\" alt=\"\" srcset=\"https:\/\/hostelpekarna.eu\/wp-content\/uploads\/2023\/11\/hike-hotel.png 2500w, https:\/\/hostelpekarna.eu\/wp-content\/uploads\/2023\/11\/hike-hotel-300x125.png 300w, https:\/\/hostelpekarna.eu\/wp-content\/uploads\/2023\/11\/hike-hotel-1024x426.png 1024w, https:\/\/hostelpekarna.eu\/wp-content\/uploads\/2023\/11\/hike-hotel-768x320.png 768w, https:\/\/hostelpekarna.eu\/wp-content\/uploads\/2023\/11\/hike-hotel-1536x640.png 1536w, https:\/\/hostelpekarna.eu\/wp-content\/uploads\/2023\/11\/hike-hotel-2048x853.png 2048w, https:\/\/hostelpekarna.eu\/wp-content\/uploads\/2023\/11\/hike-hotel-18x7.png 18w\" sizes=\"(max-width: 2500px) 100vw, 2500px\" \/><\/figure><div class=\"elementor-image-box-content\"><h3 class=\"elementor-image-box-title\">Hikers<\/h3><p class=\"elementor-image-box-description\">In 2023, Hostel Pekarna was awarded the Hiker-Friendly Accommodation label by Slovenia Outdoor. By meeting the requirements, the hostel was\nawarded the Level 2 label.<\/p><\/div><\/div>\t\t\t\t<\/div>\n\t\t\t\t<\/div>\n\t\t\t\t<div class=\"elementor-element elementor-element-9531e8f elementor-position-left elementor-vertical-align-middle elementor-widget elementor-widget-image-box\" data-id=\"9531e8f\" data-element_type=\"widget\" data-e-type=\"widget\" data-widget_type=\"image-box.default\">\n\t\t\t\t<div class=\"elementor-widget-container\">\n\t\t\t\t\t<div class=\"elementor-image-box-wrapper\"><figure class=\"elementor-image-box-img\"><img loading=\"lazy\" decoding=\"async\" width=\"200\" height=\"178\" src=\"https:\/\/hostelpekarna.eu\/wp-content\/uploads\/2023\/07\/digitalna-znacka-EU-KARTICA-badge-brez-ozadja.png\" class=\"attachment-full size-full wp-image-191\" alt=\"\" srcset=\"https:\/\/hostelpekarna.eu\/wp-content\/uploads\/2023\/07\/digitalna-znacka-EU-KARTICA-badge-brez-ozadja.png 200w, https:\/\/hostelpekarna.eu\/wp-content\/uploads\/2023\/07\/digitalna-znacka-EU-KARTICA-badge-brez-ozadja-13x12.png 13w\" sizes=\"(max-width: 200px) 100vw, 200px\" \/><\/figure><div class=\"elementor-image-box-content\"><h3 class=\"elementor-image-box-title\">Wheelchair-friendly<\/h3><p class=\"elementor-image-box-description\">In 2022, Hostel Pekarna met all the conditions to become a wheelchair-friendly accommodation.\nWe joined a network of different providers where people with different disabilities can benefit\nfrom various discounts by using the EU Disability Card.<\/p><\/div><\/div>\t\t\t\t<\/div>\n\t\t\t\t<\/div>\n\t\t\t\t<div class=\"elementor-element elementor-element-76a5080 elementor-vertical-align-middle elementor-widget elementor-widget-image-box\" data-id=\"76a5080\" data-element_type=\"widget\" data-e-type=\"widget\" data-widget_type=\"image-box.default\">\n\t\t\t\t<div class=\"elementor-widget-container\">\n\t\t\t\t\t<div class=\"elementor-image-box-wrapper\"><div class=\"elementor-image-box-content\"><h3 class=\"elementor-image-box-title\">Hostel Pekarna voted one of the top five destinations in Slovenia<\/h3><p class=\"elementor-image-box-description\">By the Popotni\u0161ko zdru\u017eenje\nSlovenije (Slovenian Travellers' Association) In 2022, the Popotni\u0161ko zdru\u017eenje Slovenije\nselected and announced five destinations that groups of travellers must put on their bucket list.<\/p><\/div><\/div>\t\t\t\t<\/div>\n\t\t\t\t<\/div>\n\t\t\t\t\t<\/div>\n\t\t<\/div>\n\t\t\t\t\t<\/div>\n\t\t<\/section>\n\t\t\t\t<\/div>","protected":false},"excerpt":{"rendered":"<p>Certifikat HIQ&amp;S (Hostelling International Quality and Sustainability) S sistemom HI-Q&#038;S tako uradno jasno definiramo procese s podro\u010dja dru\u017ebenih, okoljskih, gospodarskih in kulturnih vpra\u0161anj, s katerimi dosegamo vi\u0161ji standard. Standard priznava tudi GSTC (Global Sustainable Tourism Council). Green Accommodaton S pridobitvijo znaka HI-Q&amp;S in s podpisom Zelene zaveze slovenskega turizma je hostel izpolnil tudi pogoje za [&hellip;]<\/p>\n","protected":false},"author":1,"featured_media":0,"parent":715,"menu_order":0,"comment_status":"closed","ping_status":"closed","template":"elementor_header_footer","meta":{"footnotes":""},"class_list":["post-725","page","type-page","status-publish","hentry"],"yoast_head":"<!-- This site is optimized with the Yoast SEO plugin v27.4 - https:\/\/yoast.com\/product\/yoast-seo-wordpress\/ -->\n<title>Priznanja in dose\u017eki - Hostel Pekarna<\/title>\n<meta name=\"robots\" content=\"index, follow, max-snippet:-1, max-image-preview:large, max-video-preview:-1\" \/>\n<link rel=\"canonical\" href=\"https:\/\/hostelpekarna.eu\/en\/dogajanje\/awards-and-achievements\/\" \/>\n<meta property=\"og:locale\" content=\"en_GB\" \/>\n<meta property=\"og:type\" content=\"article\" \/>\n<meta property=\"og:title\" content=\"Priznanja in dose\u017eki - Hostel Pekarna\" \/>\n<meta property=\"og:description\" content=\"Certifikat HIQ&amp;S (Hostelling International Quality and Sustainability) S sistemom HI-Q&#038;S tako uradno jasno definiramo procese s podro\u010dja dru\u017ebenih, okoljskih, gospodarskih in kulturnih vpra\u0161anj, s katerimi dosegamo vi\u0161ji standard. Standard priznava tudi GSTC (Global Sustainable Tourism Council). Green Accommodaton S pridobitvijo znaka HI-Q&amp;S in s podpisom Zelene zaveze slovenskega turizma je hostel izpolnil tudi pogoje za [&hellip;]\" \/>\n<meta property=\"og:url\" content=\"https:\/\/hostelpekarna.eu\/en\/dogajanje\/awards-and-achievements\/\" \/>\n<meta property=\"og:site_name\" content=\"Hostel Pekarna\" \/>\n<meta property=\"article:modified_time\" content=\"2023-11-29T18:26:51+00:00\" \/>\n<meta property=\"og:image\" content=\"https:\/\/hostelpekarna.eu\/wp-content\/uploads\/2023\/10\/Hi_QS.png\" \/>\n<meta name=\"twitter:card\" content=\"summary_large_image\" \/>\n<meta name=\"twitter:label1\" content=\"Estimated reading time\" \/>\n\t<meta name=\"twitter:data1\" content=\"3 minutes\" \/>\n<script type=\"application\/ld+json\" class=\"yoast-schema-graph\">{\"@context\":\"https:\\\/\\\/schema.org\",\"@graph\":[{\"@type\":\"WebPage\",\"@id\":\"https:\\\/\\\/hostelpekarna.eu\\\/dogajanje\\\/priznanja-in-dosezki\\\/\",\"url\":\"https:\\\/\\\/hostelpekarna.eu\\\/dogajanje\\\/priznanja-in-dosezki\\\/\",\"name\":\"Priznanja in dose\u017eki - Hostel Pekarna\",\"isPartOf\":{\"@id\":\"https:\\\/\\\/hostelpekarna.eu\\\/#website\"},\"primaryImageOfPage\":{\"@id\":\"https:\\\/\\\/hostelpekarna.eu\\\/dogajanje\\\/priznanja-in-dosezki\\\/#primaryimage\"},\"image\":{\"@id\":\"https:\\\/\\\/hostelpekarna.eu\\\/dogajanje\\\/priznanja-in-dosezki\\\/#primaryimage\"},\"thumbnailUrl\":\"https:\\\/\\\/hostelpekarna.eu\\\/wp-content\\\/uploads\\\/2023\\\/10\\\/Hi_QS.png\",\"datePublished\":\"2023-10-23T08:23:02+00:00\",\"dateModified\":\"2023-11-29T18:26:51+00:00\",\"breadcrumb\":{\"@id\":\"https:\\\/\\\/hostelpekarna.eu\\\/dogajanje\\\/priznanja-in-dosezki\\\/#breadcrumb\"},\"inLanguage\":\"en-GB\",\"potentialAction\":[{\"@type\":\"ReadAction\",\"target\":[\"https:\\\/\\\/hostelpekarna.eu\\\/dogajanje\\\/priznanja-in-dosezki\\\/\"]}]},{\"@type\":\"ImageObject\",\"inLanguage\":\"en-GB\",\"@id\":\"https:\\\/\\\/hostelpekarna.eu\\\/dogajanje\\\/priznanja-in-dosezki\\\/#primaryimage\",\"url\":\"https:\\\/\\\/hostelpekarna.eu\\\/wp-content\\\/uploads\\\/2023\\\/10\\\/Hi_QS.png\",\"contentUrl\":\"https:\\\/\\\/hostelpekarna.eu\\\/wp-content\\\/uploads\\\/2023\\\/10\\\/Hi_QS.png\"},{\"@type\":\"BreadcrumbList\",\"@id\":\"https:\\\/\\\/hostelpekarna.eu\\\/dogajanje\\\/priznanja-in-dosezki\\\/#breadcrumb\",\"itemListElement\":[{\"@type\":\"ListItem\",\"position\":1,\"name\":\"Home\",\"item\":\"https:\\\/\\\/hostelpekarna.eu\\\/\"},{\"@type\":\"ListItem\",\"position\":2,\"name\":\"Dogajanje\",\"item\":\"https:\\\/\\\/hostelpekarna.eu\\\/en\\\/dogajanje\\\/\"},{\"@type\":\"ListItem\",\"position\":3,\"name\":\"Priznanja in dose\u017eki\"}]},{\"@type\":\"WebSite\",\"@id\":\"https:\\\/\\\/hostelpekarna.eu\\\/#website\",\"url\":\"https:\\\/\\\/hostelpekarna.eu\\\/\",\"name\":\"Hostel Pekarna\",\"description\":\"\",\"publisher\":{\"@id\":\"https:\\\/\\\/hostelpekarna.eu\\\/#organization\"},\"potentialAction\":[{\"@type\":\"SearchAction\",\"target\":{\"@type\":\"EntryPoint\",\"urlTemplate\":\"https:\\\/\\\/hostelpekarna.eu\\\/?s={search_term_string}\"},\"query-input\":{\"@type\":\"PropertyValueSpecification\",\"valueRequired\":true,\"valueName\":\"search_term_string\"}}],\"inLanguage\":\"en-GB\"},{\"@type\":\"Organization\",\"@id\":\"https:\\\/\\\/hostelpekarna.eu\\\/#organization\",\"name\":\"Hostel Pekarna\",\"url\":\"https:\\\/\\\/hostelpekarna.eu\\\/\",\"logo\":{\"@type\":\"ImageObject\",\"inLanguage\":\"en-GB\",\"@id\":\"https:\\\/\\\/hostelpekarna.eu\\\/#\\\/schema\\\/logo\\\/image\\\/\",\"url\":\"https:\\\/\\\/hostelpekarna.eu\\\/wp-content\\\/uploads\\\/2023\\\/07\\\/hostel_pekarna_maribor_slovenia_logo.png\",\"contentUrl\":\"https:\\\/\\\/hostelpekarna.eu\\\/wp-content\\\/uploads\\\/2023\\\/07\\\/hostel_pekarna_maribor_slovenia_logo.png\",\"width\":1644,\"height\":859,\"caption\":\"Hostel Pekarna\"},\"image\":{\"@id\":\"https:\\\/\\\/hostelpekarna.eu\\\/#\\\/schema\\\/logo\\\/image\\\/\"}}]}<\/script>\n<!-- \/ Yoast SEO plugin. -->","yoast_head_json":{"title":"Priznanja in dose\u017eki - Hostel Pekarna","robots":{"index":"index","follow":"follow","max-snippet":"max-snippet:-1","max-image-preview":"max-image-preview:large","max-video-preview":"max-video-preview:-1"},"canonical":"https:\/\/hostelpekarna.eu\/en\/dogajanje\/awards-and-achievements\/","og_locale":"en_GB","og_type":"article","og_title":"Priznanja in dose\u017eki - Hostel Pekarna","og_description":"Certifikat HIQ&amp;S (Hostelling International Quality and Sustainability) S sistemom HI-Q&#038;S tako uradno jasno definiramo procese s podro\u010dja dru\u017ebenih, okoljskih, gospodarskih in kulturnih vpra\u0161anj, s katerimi dosegamo vi\u0161ji standard. Standard priznava tudi GSTC (Global Sustainable Tourism Council). Green Accommodaton S pridobitvijo znaka HI-Q&amp;S in s podpisom Zelene zaveze slovenskega turizma je hostel izpolnil tudi pogoje za [&hellip;]","og_url":"https:\/\/hostelpekarna.eu\/en\/dogajanje\/awards-and-achievements\/","og_site_name":"Hostel Pekarna","article_modified_time":"2023-11-29T18:26:51+00:00","og_image":[{"url":"https:\/\/hostelpekarna.eu\/wp-content\/uploads\/2023\/10\/Hi_QS.png","type":"","width":"","height":""}],"twitter_card":"summary_large_image","twitter_misc":{"Estimated reading time":"3 minutes"},"schema":{"@context":"https:\/\/schema.org","@graph":[{"@type":"WebPage","@id":"https:\/\/hostelpekarna.eu\/dogajanje\/priznanja-in-dosezki\/","url":"https:\/\/hostelpekarna.eu\/dogajanje\/priznanja-in-dosezki\/","name":"Priznanja in dose\u017eki - Hostel Pekarna","isPartOf":{"@id":"https:\/\/hostelpekarna.eu\/#website"},"primaryImageOfPage":{"@id":"https:\/\/hostelpekarna.eu\/dogajanje\/priznanja-in-dosezki\/#primaryimage"},"image":{"@id":"https:\/\/hostelpekarna.eu\/dogajanje\/priznanja-in-dosezki\/#primaryimage"},"thumbnailUrl":"https:\/\/hostelpekarna.eu\/wp-content\/uploads\/2023\/10\/Hi_QS.png","datePublished":"2023-10-23T08:23:02+00:00","dateModified":"2023-11-29T18:26:51+00:00","breadcrumb":{"@id":"https:\/\/hostelpekarna.eu\/dogajanje\/priznanja-in-dosezki\/#breadcrumb"},"inLanguage":"en-GB","potentialAction":[{"@type":"ReadAction","target":["https:\/\/hostelpekarna.eu\/dogajanje\/priznanja-in-dosezki\/"]}]},{"@type":"ImageObject","inLanguage":"en-GB","@id":"https:\/\/hostelpekarna.eu\/dogajanje\/priznanja-in-dosezki\/#primaryimage","url":"https:\/\/hostelpekarna.eu\/wp-content\/uploads\/2023\/10\/Hi_QS.png","contentUrl":"https:\/\/hostelpekarna.eu\/wp-content\/uploads\/2023\/10\/Hi_QS.png"},{"@type":"BreadcrumbList","@id":"https:\/\/hostelpekarna.eu\/dogajanje\/priznanja-in-dosezki\/#breadcrumb","itemListElement":[{"@type":"ListItem","position":1,"name":"Home","item":"https:\/\/hostelpekarna.eu\/"},{"@type":"ListItem","position":2,"name":"Dogajanje","item":"https:\/\/hostelpekarna.eu\/en\/dogajanje\/"},{"@type":"ListItem","position":3,"name":"Priznanja in dose\u017eki"}]},{"@type":"WebSite","@id":"https:\/\/hostelpekarna.eu\/#website","url":"https:\/\/hostelpekarna.eu\/","name":"Hostel Pekarna","description":"","publisher":{"@id":"https:\/\/hostelpekarna.eu\/#organization"},"potentialAction":[{"@type":"SearchAction","target":{"@type":"EntryPoint","urlTemplate":"https:\/\/hostelpekarna.eu\/?s={search_term_string}"},"query-input":{"@type":"PropertyValueSpecification","valueRequired":true,"valueName":"search_term_string"}}],"inLanguage":"en-GB"},{"@type":"Organization","@id":"https:\/\/hostelpekarna.eu\/#organization","name":"Hostel Pekarna","url":"https:\/\/hostelpekarna.eu\/","logo":{"@type":"ImageObject","inLanguage":"en-GB","@id":"https:\/\/hostelpekarna.eu\/#\/schema\/logo\/image\/","url":"https:\/\/hostelpekarna.eu\/wp-content\/uploads\/2023\/07\/hostel_pekarna_maribor_slovenia_logo.png","contentUrl":"https:\/\/hostelpekarna.eu\/wp-content\/uploads\/2023\/07\/hostel_pekarna_maribor_slovenia_logo.png","width":1644,"height":859,"caption":"Hostel Pekarna"},"image":{"@id":"https:\/\/hostelpekarna.eu\/#\/schema\/logo\/image\/"}}]}},"_links":{"self":[{"href":"https:\/\/hostelpekarna.eu\/en\/wp-json\/wp\/v2\/pages\/725","targetHints":{"allow":["GET"]}}],"collection":[{"href":"https:\/\/hostelpekarna.eu\/en\/wp-json\/wp\/v2\/pages"}],"about":[{"href":"https:\/\/hostelpekarna.eu\/en\/wp-json\/wp\/v2\/types\/page"}],"author":[{"embeddable":true,"href":"https:\/\/hostelpekarna.eu\/en\/wp-json\/wp\/v2\/users\/1"}],"replies":[{"embeddable":true,"href":"https:\/\/hostelpekarna.eu\/en\/wp-json\/wp\/v2\/comments?post=725"}],"version-history":[{"count":7,"href":"https:\/\/hostelpekarna.eu\/en\/wp-json\/wp\/v2\/pages\/725\/revisions"}],"predecessor-version":[{"id":2138,"href":"https:\/\/hostelpekarna.eu\/en\/wp-json\/wp\/v2\/pages\/725\/revisions\/2138"}],"up":[{"embeddable":true,"href":"https:\/\/hostelpekarna.eu\/en\/wp-json\/wp\/v2\/pages\/715"}],"wp:attachment":[{"href":"https:\/\/hostelpekarna.eu\/en\/wp-json\/wp\/v2\/media?parent=725"}],"curies":[{"name":"wp","href":"https:\/\/api.w.org\/{rel}","templated":true}]}}