{"id":529,"date":"2023-09-25T11:55:41","date_gmt":"2023-09-25T11:55:41","guid":{"rendered":"https:\/\/hostelpekarna.eu?page_id=529"},"modified":"2025-04-09T14:08:44","modified_gmt":"2025-04-09T13:08:44","slug":"accessibility-statement","status":"publish","type":"page","link":"https:\/\/hostelpekarna.eu\/en\/izjava-o-skladnosti\/","title":{"rendered":"Accessibility statement"},"content":{"rendered":"<div data-elementor-type=\"wp-page\" data-elementor-id=\"529\" class=\"elementor elementor-529\" data-elementor-post-type=\"page\">\n\t\t\t\t\t\t<section class=\"elementor-section elementor-top-section elementor-element elementor-element-3e56b7c1 elementor-section-boxed elementor-section-height-default elementor-section-height-default\" data-id=\"3e56b7c1\" data-element_type=\"section\" data-e-type=\"section\">\n\t\t\t\t\t\t<div class=\"elementor-container elementor-column-gap-default\">\n\t\t\t\t\t<div class=\"elementor-column elementor-col-100 elementor-top-column elementor-element elementor-element-46475d49\" data-id=\"46475d49\" data-element_type=\"column\" data-e-type=\"column\">\n\t\t\t<div class=\"elementor-widget-wrap elementor-element-populated\">\n\t\t\t\t\t\t<div class=\"elementor-element elementor-element-6c5905f8 elementor-widget-divider--view-line elementor-widget elementor-widget-divider\" data-id=\"6c5905f8\" data-element_type=\"widget\" data-e-type=\"widget\" data-widget_type=\"divider.default\">\n\t\t\t\t<div class=\"elementor-widget-container\">\n\t\t\t\t\t\t\t<div class=\"elementor-divider\">\n\t\t\t<span class=\"elementor-divider-separator\">\n\t\t\t\t\t\t<\/span>\n\t\t<\/div>\n\t\t\t\t\t\t<\/div>\n\t\t\t\t<\/div>\n\t\t\t\t\t<\/div>\n\t\t<\/div>\n\t\t\t\t\t<\/div>\n\t\t<\/section>\n\t\t\t\t<section class=\"elementor-section elementor-top-section elementor-element elementor-element-6e47c39 elementor-section-boxed elementor-section-height-default elementor-section-height-default\" data-id=\"6e47c39\" data-element_type=\"section\" data-e-type=\"section\">\n\t\t\t\t\t\t<div class=\"elementor-container elementor-column-gap-default\">\n\t\t\t\t\t<div class=\"elementor-column elementor-col-100 elementor-top-column elementor-element elementor-element-c47d165\" data-id=\"c47d165\" data-element_type=\"column\" data-e-type=\"column\">\n\t\t\t<div class=\"elementor-widget-wrap elementor-element-populated\">\n\t\t\t\t\t\t<div class=\"elementor-element elementor-element-74e68e8 elementor-widget elementor-widget-text-editor\" data-id=\"74e68e8\" data-element_type=\"widget\" data-e-type=\"widget\" data-widget_type=\"text-editor.default\">\n\t\t\t\t<div class=\"elementor-widget-container\">\n\t\t\t\t\t\t\t\t\t<h4>Accessibility statement according to the Accessibility of Websites and Mobile Applications Act (ZDSMA)<\/h4><p>Izjava nazadnje posodobljena 9. aprila 2025 na podlagi samoocene.<\/p><p>The Maribor Youth Cultural Centre (Javni zavod Mladinski kulturni center Maribor MKC Maribor) undertakes to make the Pekarna Hostel website available on <a href=\"https:\/\/hostelpekarna.eu\/en\/\">hostelpekarna.eu<\/a> in accordance with the Accessibility of Websites and Mobile Applications Act (Official Journal of the Republic of Slovenia, No. 30\/18, 95\/21 - ZinfV-A, 189\/21 - ZDU-1M, 18\/23-ZDU-1O) and Directive 2016\/2102 of the European Parliament and of the Council.<br \/>This accessibility statement refers to the website <a href=\"https:\/\/hostelpekarna.eu\/en\/\">hostelpekarna.eu<\/a>.<\/p><h5>Compliance level<\/h5><p>We continuously monitor the accessibility of the website and improve individual accessibility features on an ongoing basis. We strive to make the website as accessible as possible. However, some of the content published does not meet all accessibility requirements as set out in the Accessibility of Websites and Mobile Applications Act.<\/p><h5>Note on inaccessible content<\/h5><p>The content listed below is not accessible due to disproportionate burden:<\/p><ul><li>Content added by third parties through the \"event registration\" interface and treated as an exception by the law in Article 3.<\/li><li>Not all photos on the websites have descriptions or alternative text yet. It would be a disproportionate burden to retrospectively enter an alternative description, as most of the posts relate to current events that have already passed and would not be of proportionate use to the user. More recent items have an alternative description entered<\/li><li>The structure of tables and headings is not always optimal. This is due to the disproportionate burden that the Authority assesses with the human and financial burden that optimised ones would require.<\/li><li>Files uploaded to the website in .pdf format to avoid altering the content. This is due to the disproportionate burden that the Authority assesses with the human and financial burden that optimisation would require.<\/li><\/ul><h5>PREPARING AN ACCESSIBILITY STATEMENT<\/h5><p>Ta izjava je bila pripravljena 20. septembra 2020 in nazadnje posodobljena 9. aprila 2025.<\/p><p>The method used was that referred to in Article 3(1), first indent, point (a) of Commission Implementing Decision (EU) 2018\/1523 - self-assessment of a public sector body.<\/p><h5>FEEDBACK AND CONTACT INFORMATION<\/h5><p>Notifications of cases of non-compliance, requests for information and content that falls outside the scope of EU Directive 2016\/2102 are accepted at\u00a0<a href=\"mailto:hostelpekarna@mkc.si\">hostelpekarna@mkc.si<\/a>.<br \/>We will respond to the notification or request within 8 days of receipt of the notification or request. If we are unable to provide an appropriate response within this timeframe, you will be informed when a response will be provided and the reasons for the delay.<br \/>The Inspectorate of the Republic of Slovenia for Information Society supervises the implementation of the provisions of Articles 5 to 8 of the Act on Accessibility of Websites and Mobile Applications.<\/p><h5>ENFORCEMENT PROCEDURE<\/h5><p>If you find that the provisions of the Accessibility of Websites and Mobile Applications Act are not complied with, you may lodge a complaint with the Inspectorate of the Republic of Slovenia for the Information Society by regular mail or by e-mail to:<\/p><ul><li>In\u0161pektorat Republike Slovenije za informacijsko dru\u017ebo<br \/>Dav\u010dna ulica 1<br \/>1000 Ljubljana<br \/><a href=\"mailto:gp.irsid@gov.si\">gp.irsid@gov.si<\/a><\/li><\/ul><p>Website: <a href=\"https:\/\/www.gov.si\/drzavni-organi\/organi-v-sestavi\/inspektorat-za-informacijsko-druzbo\/\">https:\/\/www.gov.si\/drzavni-organi\/organi-v-sestavi\/inspektorat-za-informacijsko-druzbo\/<\/a><\/p>\t\t\t\t\t\t\t\t<\/div>\n\t\t\t\t<\/div>\n\t\t\t\t\t<\/div>\n\t\t<\/div>\n\t\t\t\t\t<\/div>\n\t\t<\/section>\n\t\t\t\t<\/div>","protected":false},"excerpt":{"rendered":"<p>IZJAVA O DOSTOPNOSTI PO ZDSMA Izjava nazadnje posodobljena 9. aprila 2025 na podlagi samoocene. Javni zavod Mladinski kulturni center Maribor (MKC Maribor) se zavezuje omogo\u010dati dostopnost spletne strani Hostla Pekarna na spleti\u0161\u010du hostelpekarna.eu v skladu z Zakonom o dostopnosti spleti\u0161\u010d in mobilnih aplikacij (Uradni list RS, \u0161t. 30\/18, 95\/21 \u2013 ZinfV-A, 189\/21 \u2013 ZDU-1M, 18\/23-ZDU-1O) [&hellip;]<\/p>\n","protected":false},"author":1,"featured_media":0,"parent":0,"menu_order":0,"comment_status":"closed","ping_status":"closed","template":"elementor_header_footer","meta":{"footnotes":""},"class_list":["post-529","page","type-page","status-publish","hentry"],"yoast_head":"<!-- This site is optimized with the Yoast SEO plugin v27.4 - https:\/\/yoast.com\/product\/yoast-seo-wordpress\/ -->\n<title>Izjava o skladnosti - Hostel Pekarna<\/title>\n<meta name=\"robots\" content=\"index, follow, max-snippet:-1, max-image-preview:large, max-video-preview:-1\" \/>\n<link rel=\"canonical\" href=\"https:\/\/hostelpekarna.eu\/en\/accessibility-statement\/\" \/>\n<meta property=\"og:locale\" content=\"en_GB\" \/>\n<meta property=\"og:type\" content=\"article\" \/>\n<meta property=\"og:title\" content=\"Izjava o skladnosti - Hostel Pekarna\" \/>\n<meta property=\"og:description\" content=\"IZJAVA O DOSTOPNOSTI PO ZDSMA Izjava nazadnje posodobljena 9. aprila 2025 na podlagi samoocene. Javni zavod Mladinski kulturni center Maribor (MKC Maribor) se zavezuje omogo\u010dati dostopnost spletne strani Hostla Pekarna na spleti\u0161\u010du hostelpekarna.eu v skladu z Zakonom o dostopnosti spleti\u0161\u010d in mobilnih aplikacij (Uradni list RS, \u0161t. 30\/18, 95\/21 \u2013 ZinfV-A, 189\/21 \u2013 ZDU-1M, 18\/23-ZDU-1O) [&hellip;]\" \/>\n<meta property=\"og:url\" content=\"https:\/\/hostelpekarna.eu\/en\/accessibility-statement\/\" \/>\n<meta property=\"og:site_name\" content=\"Hostel Pekarna\" \/>\n<meta property=\"article:modified_time\" content=\"2025-04-09T13:08:44+00:00\" \/>\n<meta name=\"twitter:card\" content=\"summary_large_image\" \/>\n<meta name=\"twitter:label1\" content=\"Estimated reading time\" \/>\n\t<meta name=\"twitter:data1\" content=\"3 minutes\" \/>\n<script type=\"application\/ld+json\" class=\"yoast-schema-graph\">{\"@context\":\"https:\\\/\\\/schema.org\",\"@graph\":[{\"@type\":\"WebPage\",\"@id\":\"https:\\\/\\\/hostelpekarna.eu\\\/izjava-o-skladnosti\\\/\",\"url\":\"https:\\\/\\\/hostelpekarna.eu\\\/izjava-o-skladnosti\\\/\",\"name\":\"Izjava o skladnosti - Hostel Pekarna\",\"isPartOf\":{\"@id\":\"https:\\\/\\\/hostelpekarna.eu\\\/#website\"},\"datePublished\":\"2023-09-25T11:55:41+00:00\",\"dateModified\":\"2025-04-09T13:08:44+00:00\",\"breadcrumb\":{\"@id\":\"https:\\\/\\\/hostelpekarna.eu\\\/izjava-o-skladnosti\\\/#breadcrumb\"},\"inLanguage\":\"en-GB\",\"potentialAction\":[{\"@type\":\"ReadAction\",\"target\":[\"https:\\\/\\\/hostelpekarna.eu\\\/izjava-o-skladnosti\\\/\"]}]},{\"@type\":\"BreadcrumbList\",\"@id\":\"https:\\\/\\\/hostelpekarna.eu\\\/izjava-o-skladnosti\\\/#breadcrumb\",\"itemListElement\":[{\"@type\":\"ListItem\",\"position\":1,\"name\":\"Home\",\"item\":\"https:\\\/\\\/hostelpekarna.eu\\\/\"},{\"@type\":\"ListItem\",\"position\":2,\"name\":\"Izjava o skladnosti\"}]},{\"@type\":\"WebSite\",\"@id\":\"https:\\\/\\\/hostelpekarna.eu\\\/#website\",\"url\":\"https:\\\/\\\/hostelpekarna.eu\\\/\",\"name\":\"Hostel Pekarna\",\"description\":\"\",\"publisher\":{\"@id\":\"https:\\\/\\\/hostelpekarna.eu\\\/#organization\"},\"potentialAction\":[{\"@type\":\"SearchAction\",\"target\":{\"@type\":\"EntryPoint\",\"urlTemplate\":\"https:\\\/\\\/hostelpekarna.eu\\\/?s={search_term_string}\"},\"query-input\":{\"@type\":\"PropertyValueSpecification\",\"valueRequired\":true,\"valueName\":\"search_term_string\"}}],\"inLanguage\":\"en-GB\"},{\"@type\":\"Organization\",\"@id\":\"https:\\\/\\\/hostelpekarna.eu\\\/#organization\",\"name\":\"Hostel Pekarna\",\"url\":\"https:\\\/\\\/hostelpekarna.eu\\\/\",\"logo\":{\"@type\":\"ImageObject\",\"inLanguage\":\"en-GB\",\"@id\":\"https:\\\/\\\/hostelpekarna.eu\\\/#\\\/schema\\\/logo\\\/image\\\/\",\"url\":\"https:\\\/\\\/hostelpekarna.eu\\\/wp-content\\\/uploads\\\/2023\\\/07\\\/hostel_pekarna_maribor_slovenia_logo.png\",\"contentUrl\":\"https:\\\/\\\/hostelpekarna.eu\\\/wp-content\\\/uploads\\\/2023\\\/07\\\/hostel_pekarna_maribor_slovenia_logo.png\",\"width\":1644,\"height\":859,\"caption\":\"Hostel Pekarna\"},\"image\":{\"@id\":\"https:\\\/\\\/hostelpekarna.eu\\\/#\\\/schema\\\/logo\\\/image\\\/\"}}]}<\/script>\n<!-- \/ Yoast SEO plugin. -->","yoast_head_json":{"title":"Izjava o skladnosti - Hostel Pekarna","robots":{"index":"index","follow":"follow","max-snippet":"max-snippet:-1","max-image-preview":"max-image-preview:large","max-video-preview":"max-video-preview:-1"},"canonical":"https:\/\/hostelpekarna.eu\/en\/accessibility-statement\/","og_locale":"en_GB","og_type":"article","og_title":"Izjava o skladnosti - Hostel Pekarna","og_description":"IZJAVA O DOSTOPNOSTI PO ZDSMA Izjava nazadnje posodobljena 9. aprila 2025 na podlagi samoocene. Javni zavod Mladinski kulturni center Maribor (MKC Maribor) se zavezuje omogo\u010dati dostopnost spletne strani Hostla Pekarna na spleti\u0161\u010du hostelpekarna.eu v skladu z Zakonom o dostopnosti spleti\u0161\u010d in mobilnih aplikacij (Uradni list RS, \u0161t. 30\/18, 95\/21 \u2013 ZinfV-A, 189\/21 \u2013 ZDU-1M, 18\/23-ZDU-1O) [&hellip;]","og_url":"https:\/\/hostelpekarna.eu\/en\/accessibility-statement\/","og_site_name":"Hostel Pekarna","article_modified_time":"2025-04-09T13:08:44+00:00","twitter_card":"summary_large_image","twitter_misc":{"Estimated reading time":"3 minutes"},"schema":{"@context":"https:\/\/schema.org","@graph":[{"@type":"WebPage","@id":"https:\/\/hostelpekarna.eu\/izjava-o-skladnosti\/","url":"https:\/\/hostelpekarna.eu\/izjava-o-skladnosti\/","name":"Izjava o skladnosti - Hostel Pekarna","isPartOf":{"@id":"https:\/\/hostelpekarna.eu\/#website"},"datePublished":"2023-09-25T11:55:41+00:00","dateModified":"2025-04-09T13:08:44+00:00","breadcrumb":{"@id":"https:\/\/hostelpekarna.eu\/izjava-o-skladnosti\/#breadcrumb"},"inLanguage":"en-GB","potentialAction":[{"@type":"ReadAction","target":["https:\/\/hostelpekarna.eu\/izjava-o-skladnosti\/"]}]},{"@type":"BreadcrumbList","@id":"https:\/\/hostelpekarna.eu\/izjava-o-skladnosti\/#breadcrumb","itemListElement":[{"@type":"ListItem","position":1,"name":"Home","item":"https:\/\/hostelpekarna.eu\/"},{"@type":"ListItem","position":2,"name":"Izjava o skladnosti"}]},{"@type":"WebSite","@id":"https:\/\/hostelpekarna.eu\/#website","url":"https:\/\/hostelpekarna.eu\/","name":"Hostel Pekarna","description":"","publisher":{"@id":"https:\/\/hostelpekarna.eu\/#organization"},"potentialAction":[{"@type":"SearchAction","target":{"@type":"EntryPoint","urlTemplate":"https:\/\/hostelpekarna.eu\/?s={search_term_string}"},"query-input":{"@type":"PropertyValueSpecification","valueRequired":true,"valueName":"search_term_string"}}],"inLanguage":"en-GB"},{"@type":"Organization","@id":"https:\/\/hostelpekarna.eu\/#organization","name":"Hostel Pekarna","url":"https:\/\/hostelpekarna.eu\/","logo":{"@type":"ImageObject","inLanguage":"en-GB","@id":"https:\/\/hostelpekarna.eu\/#\/schema\/logo\/image\/","url":"https:\/\/hostelpekarna.eu\/wp-content\/uploads\/2023\/07\/hostel_pekarna_maribor_slovenia_logo.png","contentUrl":"https:\/\/hostelpekarna.eu\/wp-content\/uploads\/2023\/07\/hostel_pekarna_maribor_slovenia_logo.png","width":1644,"height":859,"caption":"Hostel Pekarna"},"image":{"@id":"https:\/\/hostelpekarna.eu\/#\/schema\/logo\/image\/"}}]}},"_links":{"self":[{"href":"https:\/\/hostelpekarna.eu\/en\/wp-json\/wp\/v2\/pages\/529","targetHints":{"allow":["GET"]}}],"collection":[{"href":"https:\/\/hostelpekarna.eu\/en\/wp-json\/wp\/v2\/pages"}],"about":[{"href":"https:\/\/hostelpekarna.eu\/en\/wp-json\/wp\/v2\/types\/page"}],"author":[{"embeddable":true,"href":"https:\/\/hostelpekarna.eu\/en\/wp-json\/wp\/v2\/users\/1"}],"replies":[{"embeddable":true,"href":"https:\/\/hostelpekarna.eu\/en\/wp-json\/wp\/v2\/comments?post=529"}],"version-history":[{"count":20,"href":"https:\/\/hostelpekarna.eu\/en\/wp-json\/wp\/v2\/pages\/529\/revisions"}],"predecessor-version":[{"id":2388,"href":"https:\/\/hostelpekarna.eu\/en\/wp-json\/wp\/v2\/pages\/529\/revisions\/2388"}],"wp:attachment":[{"href":"https:\/\/hostelpekarna.eu\/en\/wp-json\/wp\/v2\/media?parent=529"}],"curies":[{"name":"wp","href":"https:\/\/api.w.org\/{rel}","templated":true}]}}